{"id":1026779,"date":"2024-06-17T15:56:39","date_gmt":"2024-06-17T07:56:39","guid":{"rendered":"https:\/\/vimaterial.de\/product\/plomo-metal\/"},"modified":"2024-10-25T17:26:05","modified_gmt":"2024-10-25T09:26:05","slug":"plomo-metal","status":"publish","type":"product","link":"https:\/\/vimaterial.de\/es\/product\/plomo-metal\/","title":{"rendered":"Plomo met\u00e1lico"},"content":{"rendered":"<p>El objetivo de metal de plomo es un material importante utilizado en procesos como el recubrimiento por pulverizaci\u00f3n cat\u00f3dica.<\/p>\n<p>Informaci\u00f3n b\u00e1sica:<\/p>\n<p>Definici\u00f3n: El objetivo de plomo es un material s\u00f3lido hecho de plomo o aleaci\u00f3n de plomo que se utiliza como fuente de plomo en procesos de deposici\u00f3n f\u00edsica de vapor (PVD), como la pulverizaci\u00f3n cat\u00f3dica.<br \/>\nAspecto: suele mostrar un brillo met\u00e1lico de color gris plateado.<br \/>\nDensidad: Plomo met\u00e1lico tiene una alta densidad de aproximadamente 11,34 g\/cm3.<br \/>\nDureza: El plomo en s\u00ed es un metal relativamente blando con una dureza de Mohs de aproximadamente 1,5.<br \/>\nPunto de fusi\u00f3n: El plomo tiene un punto de fusi\u00f3n relativamente bajo de 327,5 \u00b0C.<\/p>\n<p>Propiedades qu\u00edmicas:<\/p>\n<p>Resistencia a la oxidaci\u00f3n: A temperatura ambiente, el plomo se oxida f\u00e1cilmente en el aire, formando una fina pel\u00edcula de \u00f3xido de plomo (PbO) en la superficie del objetivo.<\/p>\n<p>Resistencia a la corrosi\u00f3n: El plomo tiene un cierto grado de resistencia a la corrosi\u00f3n frente a algunos \u00e1cidos y \u00e1lcalis comunes, pero bajo la acci\u00f3n de \u00e1cidos oxidantes fuertes (por ejemplo, \u00e1cido sulf\u00farico concentrado, \u00e1cido n\u00edtrico concentrado), se corroer\u00e1 por reacci\u00f3n qu\u00edmica.<\/p>\n<p>\u00c1reas de aplicaci\u00f3n:<\/p>\n<p>Industria de semiconductores: En la fabricaci\u00f3n de semiconductores, los objetivos de plomo se pueden utilizar para preparar electrodos, cableado y otras pel\u00edculas delgadas, que desempe\u00f1an el papel de conductividad y conexi\u00f3n.<\/p>\n<p>Campo \u00f3ptico: el objetivo de Plomo met\u00e1lico se puede utilizar para la preparaci\u00f3n de pel\u00edculas \u00f3pticas, como en algunas lentes \u00f3pticas, filtros y otros productos, a trav\u00e9s de la pulverizaci\u00f3n cat\u00f3dica de la pel\u00edcula de plomo puede lograr propiedades \u00f3pticas espec\u00edficas, como aumentar la reflectividad, reducir la transmitancia, etc.<\/p>\n<p>Campo de protecci\u00f3n radiol\u00f3gica: Debido a que el plomo tiene un buen efecto de protecci\u00f3n contra los rayos, el objetivo de plomo se puede utilizar para preparar materiales de protecci\u00f3n radiol\u00f3gica.<\/p>\n","protected":false},"excerpt":{"rendered":"<p>El objetivo de Plomo met\u00e1lico es un material importante utilizado en procesos como el recubrimiento por pulverizaci\u00f3n cat\u00f3dica.<\/p>\n<p>Industria de semiconductores: En la fabricaci\u00f3n de semiconductores, los objetivos de Plomo met\u00e1lico se pueden usar para preparar electrodos, cableado y otras pel\u00edculas delgadas, que desempe\u00f1an el papel de conductividad y conexi\u00f3n.<\/p>\n<p>Campo \u00f3ptico: el objetivo de Plomo met\u00e1lico se puede utilizar para la preparaci\u00f3n de pel\u00edculas \u00f3pticas, como en algunas lentes \u00f3pticas, filtros y otros productos, a trav\u00e9s de la pulverizaci\u00f3n cat\u00f3dica de la pel\u00edcula de plomo puede lograr propiedades \u00f3pticas espec\u00edficas, como aumentar la reflectividad, reducir la transmitancia, etc.<\/p>\n","protected":false},"featured_media":1033467,"comment_status":"open","ping_status":"closed","template":"","meta":{"_acf_changed":false},"product_brand":[],"product_cat":[178],"product_tag":[],"class_list":{"0":"post-1026779","1":"product","2":"type-product","3":"status-publish","4":"has-post-thumbnail","6":"product_cat-catodos-para-sputtering-planar","8":"first","9":"instock","10":"shipping-taxable","11":"purchasable","12":"product-type-variable"},"acf":[],"_links":{"self":[{"href":"https:\/\/vimaterial.de\/es\/wp-json\/wp\/v2\/product\/1026779","targetHints":{"allow":["GET"]}}],"collection":[{"href":"https:\/\/vimaterial.de\/es\/wp-json\/wp\/v2\/product"}],"about":[{"href":"https:\/\/vimaterial.de\/es\/wp-json\/wp\/v2\/types\/product"}],"replies":[{"embeddable":true,"href":"https:\/\/vimaterial.de\/es\/wp-json\/wp\/v2\/comments?post=1026779"}],"wp:featuredmedia":[{"embeddable":true,"href":"https:\/\/vimaterial.de\/es\/wp-json\/wp\/v2\/media\/1033467"}],"wp:attachment":[{"href":"https:\/\/vimaterial.de\/es\/wp-json\/wp\/v2\/media?parent=1026779"}],"wp:term":[{"taxonomy":"product_brand","embeddable":true,"href":"https:\/\/vimaterial.de\/es\/wp-json\/wp\/v2\/product_brand?post=1026779"},{"taxonomy":"product_cat","embeddable":true,"href":"https:\/\/vimaterial.de\/es\/wp-json\/wp\/v2\/product_cat?post=1026779"},{"taxonomy":"product_tag","embeddable":true,"href":"https:\/\/vimaterial.de\/es\/wp-json\/wp\/v2\/product_tag?post=1026779"}],"curies":[{"name":"wp","href":"https:\/\/api.w.org\/{rel}","templated":true}]}}