{"id":1026772,"date":"2024-06-17T15:56:40","date_gmt":"2024-06-17T07:56:40","guid":{"rendered":"https:\/\/vimaterial.de\/product\/bromuro-de-plomo\/"},"modified":"2024-10-25T15:40:42","modified_gmt":"2024-10-25T07:40:42","slug":"bromuro-de-plomo","status":"publish","type":"product","link":"https:\/\/vimaterial.de\/es\/product\/bromuro-de-plomo\/","title":{"rendered":"Bromuro de plomo"},"content":{"rendered":"<h3>Informaci\u00f3n b\u00e1sica:<\/h3>\n<p>F\u00f3rmula qu\u00edmica: PbBr\u2082.<\/p>\n<p>Peso molecular: 367.01.<\/p>\n<p>N\u00ba CAS: 10031-22-8.<\/p>\n<p>Aspecto: Polvo cristalino blanco a temperatura y presi\u00f3n ambiente.<\/p>\n<p>Densidad: 6,66 g\/cm\u00b3.<\/p>\n<p>Punto de fusi\u00f3n: 373\u00b0C.<\/p>\n<p>Punto de ebullici\u00f3n: 916\u00b0C.<\/p>\n<p>Solubilidad: f\u00e1cilmente soluble en soluci\u00f3n de bromuro de potasio y \u00e1cido, ligeramente soluble en amon\u00edaco, insoluble en alcohol.<\/p>\n<h3>Propiedades qu\u00edmicas:<\/h3>\n<p>ESTABILIDAD: Relativamente estable a temperatura ambiente, pero puede reaccionar qu\u00edmicamente a altas temperaturas o en entornos qu\u00edmicos espec\u00edficos. Por ejemplo, se descompondr\u00e1 cuando se caliente a una cierta temperatura, produciendo gas plomo y bromo.<\/p>\n<p>Reactividad: puede reaccionar con algunos agentes reductores y reducirse a plomo met\u00e1lico; reaccionan con algunos agentes oxidantes y los iones de bromuro pueden oxidarse.<\/p>\n<h3>Usos:<\/h3>\n<p>Reactivo anal\u00edtico: en el an\u00e1lisis qu\u00edmico, el bromuro de plomo se puede utilizar para detectar y analizar ciertas sustancias. Por ejemplo, se utiliza para detectar la presencia de iones hal\u00f3genos, iones de plata, etc.<\/p>\n<p>Materiales optoelectr\u00f3nicos: debido a sus propiedades \u00f3pticas y el\u00e9ctricas especiales, el bromuro de plomo se puede utilizar para producir materiales optoelectr\u00f3nicos, por ejemplo, tiene ciertas aplicaciones en el campo de las c\u00e9lulas solares, fotodetectores, etc.<\/p>\n<p>Materiales semiconductores termoel\u00e9ctricos: El bromuro de plomo se puede utilizar como uno de los componentes de los materiales semiconductores termoel\u00e9ctricos para la fabricaci\u00f3n de dispositivos de conversi\u00f3n termoel\u00e9ctrica, que convierten la energ\u00eda t\u00e9rmica en energ\u00eda el\u00e9ctrica.<\/p>\n","protected":false},"excerpt":{"rendered":"<p>Reactivo anal\u00edtico: en el an\u00e1lisis qu\u00edmico, el bromuro de plomo se puede utilizar para detectar y analizar ciertas sustancias. Por ejemplo, se utiliza para detectar la presencia de iones hal\u00f3genos, iones de plata, etc.<\/p>\n<p>Materiales optoelectr\u00f3nicos: debido a sus propiedades \u00f3pticas y el\u00e9ctricas especiales, se puede utilizar para producir materiales optoelectr\u00f3nicos, por ejemplo, tiene ciertas aplicaciones en el campo de las c\u00e9lulas solares, fotodetectores, etc.<\/p>\n","protected":false},"featured_media":1033482,"comment_status":"open","ping_status":"closed","template":"","meta":{"_acf_changed":false},"product_brand":[],"product_cat":[182],"product_tag":[],"class_list":{"0":"post-1026772","1":"product","2":"type-product","3":"status-publish","4":"has-post-thumbnail","6":"product_cat-materiales-halogenados","8":"first","9":"instock","10":"shipping-taxable","11":"product-type-variable"},"acf":[],"_links":{"self":[{"href":"https:\/\/vimaterial.de\/es\/wp-json\/wp\/v2\/product\/1026772","targetHints":{"allow":["GET"]}}],"collection":[{"href":"https:\/\/vimaterial.de\/es\/wp-json\/wp\/v2\/product"}],"about":[{"href":"https:\/\/vimaterial.de\/es\/wp-json\/wp\/v2\/types\/product"}],"replies":[{"embeddable":true,"href":"https:\/\/vimaterial.de\/es\/wp-json\/wp\/v2\/comments?post=1026772"}],"wp:featuredmedia":[{"embeddable":true,"href":"https:\/\/vimaterial.de\/es\/wp-json\/wp\/v2\/media\/1033482"}],"wp:attachment":[{"href":"https:\/\/vimaterial.de\/es\/wp-json\/wp\/v2\/media?parent=1026772"}],"wp:term":[{"taxonomy":"product_brand","embeddable":true,"href":"https:\/\/vimaterial.de\/es\/wp-json\/wp\/v2\/product_brand?post=1026772"},{"taxonomy":"product_cat","embeddable":true,"href":"https:\/\/vimaterial.de\/es\/wp-json\/wp\/v2\/product_cat?post=1026772"},{"taxonomy":"product_tag","embeddable":true,"href":"https:\/\/vimaterial.de\/es\/wp-json\/wp\/v2\/product_tag?post=1026772"}],"curies":[{"name":"wp","href":"https:\/\/api.w.org\/{rel}","templated":true}]}}