{"id":1026764,"date":"2024-06-17T15:56:40","date_gmt":"2024-06-17T07:56:40","guid":{"rendered":"https:\/\/vimaterial.de\/product\/cloruro-de-plomo-2\/"},"modified":"2024-10-25T15:52:35","modified_gmt":"2024-10-25T07:52:35","slug":"cloruro-de-plomo-2","status":"publish","type":"product","link":"https:\/\/vimaterial.de\/es\/product\/cloruro-de-plomo-2\/","title":{"rendered":"Cloruro de plomo"},"content":{"rendered":"<h3>Informaci\u00f3n b\u00e1sica<\/h3>\n<p>F\u00f3rmula qu\u00edmica: PbCl2, compuesto por los elementos plomo y cloro, donde el plomo es un elemento de metal pesado.<\/p>\n<p>Peso molecular: 278,10.<\/p>\n<p>N\u00famero de Registro CAS: 7758 &#8211; 95 &#8211; 4.<\/p>\n<p>Aspecto: Por lo general, un polvo cristalino blanco.<\/p>\n<p>Densidad: Su densidad es de aproximadamente 5,85.<\/p>\n<p>Punto de fusi\u00f3n: 501 \u00b0C, punto de fusi\u00f3n relativamente alto.<\/p>\n<p>Punto de ebullici\u00f3n: 950\u00b0C. Solubilidad: ligeramente soluble en agua fr\u00eda, ligeramente m\u00e1s soluble en agua caliente.<\/p>\n<h3>Propiedades qu\u00edmicas<\/h3>\n<p>Estabilidad: Es estable a temperatura y presi\u00f3n ambiente, pero puede reaccionar qu\u00edmicamente bajo ciertas condiciones como altas temperaturas, exposici\u00f3n a luz intensa o exposici\u00f3n a agentes oxidantes fuertes.<\/p>\n<p>Reacci\u00f3n redox: El plomo elemental tiene una cierta propiedad oxidante y puede reducirse a plomo met\u00e1lico bajo la acci\u00f3n de agentes reductores apropiados.<\/p>\n<h3>Campos de aplicaci\u00f3n<\/h3>\n<p>Qu\u00edmica anal\u00edtica: Cloruro de plomo utilizado como reactivo anal\u00edtico para detectar la presencia de iones de plomo o iones de cloruro. Por ejemplo, en experimentos de qu\u00edmica anal\u00edtica cualitativa, se utiliza para juzgar si la soluci\u00f3n contiene el ion correspondiente observando si se produce un precipitado blanco.<\/p>\n<p>Industria metal\u00fargica: En el proceso metal\u00fargico, el cloruro de plomo se utiliza en la refinaci\u00f3n de plomo o en la preparaci\u00f3n de aleaciones de plomo. Por ejemplo, se puede utilizar como una de las fuentes de plomo en la preparaci\u00f3n de algunas aleaciones de plomo y esta\u00f1o.<\/p>\n<p>Industria de pigmentos: Se puede utilizar como materia prima o aditivo para pigmentos para ajustar ciertas propiedades de los pigmentos. Sin embargo, debido a la toxicidad del plomo, su aplicaci\u00f3n en pigmentos es ahora algo limitada.<\/p>\n","protected":false},"excerpt":{"rendered":"<p>Qu\u00edmica anal\u00edtica: Cloruro de plomo utilizado como reactivo anal\u00edtico para detectar la presencia de iones de plomo o iones de cloruro. Por ejemplo, en experimentos de qu\u00edmica anal\u00edtica cualitativa, se utiliza para juzgar si la soluci\u00f3n contiene el ion correspondiente observando si se produce un precipitado blanco.<\/p>\n<p>Industria metal\u00fargica: En el proceso metal\u00fargico, el cloruro de plomo se utiliza en la refinaci\u00f3n de plomo o en la preparaci\u00f3n de aleaciones de plomo. Por ejemplo, se puede utilizar como una de las fuentes de plomo en la preparaci\u00f3n de algunas aleaciones de plomo y esta\u00f1o.<\/p>\n","protected":false},"featured_media":1033487,"comment_status":"open","ping_status":"closed","template":"","meta":{"_acf_changed":false},"product_brand":[],"product_cat":[182],"product_tag":[],"class_list":{"0":"post-1026764","1":"product","2":"type-product","3":"status-publish","4":"has-post-thumbnail","6":"product_cat-materiales-halogenados","8":"first","9":"instock","10":"shipping-taxable","11":"product-type-variable"},"acf":[],"_links":{"self":[{"href":"https:\/\/vimaterial.de\/es\/wp-json\/wp\/v2\/product\/1026764","targetHints":{"allow":["GET"]}}],"collection":[{"href":"https:\/\/vimaterial.de\/es\/wp-json\/wp\/v2\/product"}],"about":[{"href":"https:\/\/vimaterial.de\/es\/wp-json\/wp\/v2\/types\/product"}],"replies":[{"embeddable":true,"href":"https:\/\/vimaterial.de\/es\/wp-json\/wp\/v2\/comments?post=1026764"}],"wp:featuredmedia":[{"embeddable":true,"href":"https:\/\/vimaterial.de\/es\/wp-json\/wp\/v2\/media\/1033487"}],"wp:attachment":[{"href":"https:\/\/vimaterial.de\/es\/wp-json\/wp\/v2\/media?parent=1026764"}],"wp:term":[{"taxonomy":"product_brand","embeddable":true,"href":"https:\/\/vimaterial.de\/es\/wp-json\/wp\/v2\/product_brand?post=1026764"},{"taxonomy":"product_cat","embeddable":true,"href":"https:\/\/vimaterial.de\/es\/wp-json\/wp\/v2\/product_cat?post=1026764"},{"taxonomy":"product_tag","embeddable":true,"href":"https:\/\/vimaterial.de\/es\/wp-json\/wp\/v2\/product_tag?post=1026764"}],"curies":[{"name":"wp","href":"https:\/\/api.w.org\/{rel}","templated":true}]}}