{"id":1026759,"date":"2024-06-17T15:56:40","date_gmt":"2024-06-17T07:56:40","guid":{"rendered":"https:\/\/vimaterial.de\/product\/fluoruro-de-plomo-2\/"},"modified":"2024-10-25T16:15:11","modified_gmt":"2024-10-25T08:15:11","slug":"fluoruro-de-plomo-2","status":"publish","type":"product","link":"https:\/\/vimaterial.de\/es\/product\/fluoruro-de-plomo-2\/","title":{"rendered":"Fluoruro de plomo"},"content":{"rendered":"<p>El polvo de fluoruro de plomo es un polvo de compuesto inorg\u00e1nico blanco.<\/p>\n<h3>Informaci\u00f3n b\u00e1sica:<\/h3>\n<p>F\u00f3rmula qu\u00edmica: PbF\u2082, compuesto por los elementos plomo (Pb) y fl\u00faor (F).<\/p>\n<p>Peso molecular: 245,20 g\/mol.<\/p>\n<p>N\u00famero CAS: 7783 &#8211; 46 &#8211; 2.<\/p>\n<p>Aspecto: Por lo general, cristal blanco o polvo. Densidad: Hay dos tipos de cristal, la densidad relativa del tipo de cristal ortorr\u00f3mbico es de 8.445 g \/ cm\u00b3, la densidad relativa del tipo de cristal c\u00fabico es de 7.750 g \/ cm\u00b3.<\/p>\n<p>Punto de fusi\u00f3n: 824\u00b0C.<\/p>\n<p>Punto de ebullici\u00f3n: 1293\u00b0C.<\/p>\n<p>Solubilidad: ligeramente soluble en agua, a 20 \u00b0C, aproximadamente 0,0671 g por 100 ml de agua; Insoluble en \u00e1cido ac\u00e9tico, \u00e1cido fluorh\u00eddrico, soluble en \u00e1cido n\u00edtrico.<\/p>\n<h3>Usos:<\/h3>\n<p>Campo \u00f3ptico: el fluoruro de plomo se puede utilizar como material espectrosc\u00f3pico infrarrojo, lo que puede hacer que los rayos infrarrojos sean transmisibles; Se utiliza para reflejar los rayos infrarrojos en el recubrimiento de vidrio.<\/p>\n<p>Industria electr\u00f3nica: Se utiliza en el f\u00f3sforo de la pantalla de tubo de TV. Industria qu\u00edmica: se puede utilizar como componente de agente de fusi\u00f3n, agente reductor, agente de eliminaci\u00f3n de azufre y catalizador para la fabricaci\u00f3n de piridina.<\/p>\n","protected":false},"excerpt":{"rendered":"<p>El polvo de fluoruro de plomo es un polvo de compuesto inorg\u00e1nico blanco.<\/p>\n<p>Campo \u00f3ptico: el fluoruro de plomo se puede utilizar como material espectrosc\u00f3pico infrarrojo, lo que puede hacer que los rayos infrarrojos sean transmisibles; Se utiliza para reflejar los rayos infrarrojos en el recubrimiento de vidrio.<\/p>\n<p>Industria electr\u00f3nica: Se utiliza en el f\u00f3sforo de la pantalla de tubo de TV.<\/p>\n<p>Industria qu\u00edmica: se puede utilizar como componente de agente de fusi\u00f3n, agente reductor, agente de eliminaci\u00f3n de azufre y catalizador para la fabricaci\u00f3n de piridina.<\/p>\n<p>&nbsp;<\/p>\n","protected":false},"featured_media":1033497,"comment_status":"open","ping_status":"closed","template":"","meta":{"_acf_changed":false},"product_brand":[],"product_cat":[182],"product_tag":[],"class_list":{"0":"post-1026759","1":"product","2":"type-product","3":"status-publish","4":"has-post-thumbnail","6":"product_cat-materiales-halogenados","8":"first","9":"instock","10":"shipping-taxable","11":"product-type-variable"},"acf":[],"_links":{"self":[{"href":"https:\/\/vimaterial.de\/es\/wp-json\/wp\/v2\/product\/1026759","targetHints":{"allow":["GET"]}}],"collection":[{"href":"https:\/\/vimaterial.de\/es\/wp-json\/wp\/v2\/product"}],"about":[{"href":"https:\/\/vimaterial.de\/es\/wp-json\/wp\/v2\/types\/product"}],"replies":[{"embeddable":true,"href":"https:\/\/vimaterial.de\/es\/wp-json\/wp\/v2\/comments?post=1026759"}],"wp:featuredmedia":[{"embeddable":true,"href":"https:\/\/vimaterial.de\/es\/wp-json\/wp\/v2\/media\/1033497"}],"wp:attachment":[{"href":"https:\/\/vimaterial.de\/es\/wp-json\/wp\/v2\/media?parent=1026759"}],"wp:term":[{"taxonomy":"product_brand","embeddable":true,"href":"https:\/\/vimaterial.de\/es\/wp-json\/wp\/v2\/product_brand?post=1026759"},{"taxonomy":"product_cat","embeddable":true,"href":"https:\/\/vimaterial.de\/es\/wp-json\/wp\/v2\/product_cat?post=1026759"},{"taxonomy":"product_tag","embeddable":true,"href":"https:\/\/vimaterial.de\/es\/wp-json\/wp\/v2\/product_tag?post=1026759"}],"curies":[{"name":"wp","href":"https:\/\/api.w.org\/{rel}","templated":true}]}}