{"id":1026747,"date":"2024-06-17T16:05:16","date_gmt":"2024-06-17T08:05:16","guid":{"rendered":"https:\/\/vimaterial.de\/product\/fluoruro-de-praseodimio\/"},"modified":"2024-10-24T13:48:32","modified_gmt":"2024-10-24T05:48:32","slug":"fluoruro-de-praseodimio","status":"publish","type":"product","link":"https:\/\/vimaterial.de\/es\/product\/fluoruro-de-praseodimio\/","title":{"rendered":"Fluoruro de praseodimio"},"content":{"rendered":"<h3>Informaci\u00f3n b\u00e1sica<\/h3>\n<p>F\u00f3rmula qu\u00edmica: PrF\u2083, formado por los elementos praseodimio (Pr) y fl\u00faor (F), de los cuales el praseodimio es un elemento de tierras raras que suele presentar una valencia de +3.<\/p>\n<p>Peso molecular: alrededor de 197.902 g\/mes.<\/p>\n<p>N\u00famero CAS: 13709 &#8211; 46 &#8211; 1.<\/p>\n<p>Aspecto y color: part\u00edculas s\u00f3lidas generalmente verdes<\/p>\n<p>Densidad: Alta densidad, aproximadamente 6.159 g\/cm\u00b3.<\/p>\n<p>Punto de fusi\u00f3n y punto de ebullici\u00f3n: el punto de fusi\u00f3n es de 1395 \u00b0C, el punto de ebullici\u00f3n es de aproximadamente 2327 \u00b0C.<\/p>\n<p>Solubilidad: Es dif\u00edcil de disolver en agua y su solubilidad en agua es muy baja.<\/p>\n<p>Estructura cristalina: con estructura de sistema cristalino hexagonal.<\/p>\n<h3>Campos de aplicaci\u00f3n<\/h3>\n<p>Materiales \u00f3pticos: Fluoruro de praseodimio Debido a sus propiedades \u00f3pticas especiales, como la absorci\u00f3n y emisi\u00f3n de longitudes de onda espec\u00edficas de luz, se puede utilizar en la fabricaci\u00f3n de vidrio \u00f3ptico, fibras \u00f3pticas y otros materiales.<\/p>\n<p>Campo de material magn\u00e9tico: el elemento de praseodimio tiene propiedades magn\u00e9ticas especiales, el fluoruro de praseodimio se puede utilizar como materia prima para la preparaci\u00f3n de materiales magn\u00e9ticos.<\/p>\n<p>Campo catalizador: Se puede utilizar como catalizador o precursor de un catalizador en algunas reacciones qu\u00edmicas. En el campo de los materiales cer\u00e1micos: la PrF\u2083 puede utilizarse para preparar materiales cer\u00e1micos con propiedades especiales.<\/p>\n","protected":false},"excerpt":{"rendered":"<p>Materiales \u00f3pticos:Fluoruro de praseodimio Debido a sus propiedades \u00f3pticas especiales, como la absorci\u00f3n y emisi\u00f3n de longitudes de onda espec\u00edficas de luz, se puede utilizar en la fabricaci\u00f3n de vidrio \u00f3ptico, fibras \u00f3pticas y otros materiales.<\/p>\n<p>Campo de material magn\u00e9tico: el elemento de praseodimio tiene propiedades magn\u00e9ticas especiales, el fluoruro de praseodimio se puede utilizar como materia prima para la preparaci\u00f3n de materiales magn\u00e9ticos.<\/p>\n<p>Campo catalizador: Se puede utilizar como catalizador o precursor de un catalizador en algunas reacciones qu\u00edmicas.<\/p>\n","protected":false},"featured_media":1034089,"comment_status":"open","ping_status":"closed","template":"","meta":{"_acf_changed":false},"product_brand":[],"product_cat":[179],"product_tag":[],"class_list":{"0":"post-1026747","1":"product","2":"type-product","3":"status-publish","4":"has-post-thumbnail","6":"product_cat-materiales-de-evaporacion","8":"first","9":"instock","10":"shipping-taxable","11":"purchasable","12":"product-type-variable"},"acf":[],"_links":{"self":[{"href":"https:\/\/vimaterial.de\/es\/wp-json\/wp\/v2\/product\/1026747","targetHints":{"allow":["GET"]}}],"collection":[{"href":"https:\/\/vimaterial.de\/es\/wp-json\/wp\/v2\/product"}],"about":[{"href":"https:\/\/vimaterial.de\/es\/wp-json\/wp\/v2\/types\/product"}],"replies":[{"embeddable":true,"href":"https:\/\/vimaterial.de\/es\/wp-json\/wp\/v2\/comments?post=1026747"}],"wp:featuredmedia":[{"embeddable":true,"href":"https:\/\/vimaterial.de\/es\/wp-json\/wp\/v2\/media\/1034089"}],"wp:attachment":[{"href":"https:\/\/vimaterial.de\/es\/wp-json\/wp\/v2\/media?parent=1026747"}],"wp:term":[{"taxonomy":"product_brand","embeddable":true,"href":"https:\/\/vimaterial.de\/es\/wp-json\/wp\/v2\/product_brand?post=1026747"},{"taxonomy":"product_cat","embeddable":true,"href":"https:\/\/vimaterial.de\/es\/wp-json\/wp\/v2\/product_cat?post=1026747"},{"taxonomy":"product_tag","embeddable":true,"href":"https:\/\/vimaterial.de\/es\/wp-json\/wp\/v2\/product_tag?post=1026747"}],"curies":[{"name":"wp","href":"https:\/\/api.w.org\/{rel}","templated":true}]}}