{"id":1026583,"date":"2024-06-17T15:53:34","date_gmt":"2024-06-17T07:53:34","guid":{"rendered":"https:\/\/vimaterial.de\/product\/yoduro-de-plomo-2\/"},"modified":"2024-10-28T09:15:01","modified_gmt":"2024-10-28T01:15:01","slug":"yoduro-de-plomo-2","status":"publish","type":"product","link":"https:\/\/vimaterial.de\/es\/product\/yoduro-de-plomo-2\/","title":{"rendered":"Yoduro de plomo"},"content":{"rendered":"<p>El yoduro de plomo, un compuesto inorg\u00e1nico con la f\u00f3rmula qu\u00edmica PbI2, es un polvo cristalino amarillo, soluble en soluciones de yoduro de potasio y yoduro de sodio, insoluble en agua y etanol, y se utiliza principalmente en la industria farmac\u00e9utica y la industria fotogr\u00e1fica.<\/p>\n<h3>Informaci\u00f3n b\u00e1sica:<\/h3>\n<p>Aspecto: generalmente polvo amarillo o cristal. Densidad: La densidad relativa es grande. Solubilidad: menos soluble en agua, pero puede tener cierta solubilidad en algunos disolventes org\u00e1nicos. Estabilidad: Tiene cierta estabilidad a temperatura y presi\u00f3n ambiente, pero puede tener reacci\u00f3n qu\u00edmica en algunas condiciones. Por ejemplo, puede reaccionar con algunos agentes reductores.<br \/>\nEstabilidad t\u00e9rmica: Pueden producirse reacciones como la descomposici\u00f3n cuando se calienta.<\/p>\n<h3>Campos de aplicaci\u00f3n<\/h3>\n<p>Campo fotovoltaico: El yoduro de plomo tiene un papel importante en la investigaci\u00f3n de c\u00e9lulas solares de calcita. Los materiales de calcitonita a menudo contienen componentes de yoduro de plomo, y esta celda tiene una alta eficiencia de conversi\u00f3n fotoel\u00e9ctrica, y se considera una nueva tecnolog\u00eda prometedora de c\u00e9lulas solares. Otros campos: Tambi\u00e9n se puede utilizar como materia prima o intermedia en alguna s\u00edntesis qu\u00edmica, investigaci\u00f3n de materiales, etc. <\/p>\n<p>&nbsp;<\/p>\n","protected":false},"excerpt":{"rendered":"<p>El yoduro de plomo, un compuesto inorg\u00e1nico con la f\u00f3rmula qu\u00edmica PbI2, es un polvo cristalino amarillo, soluble en soluciones de yoduro de potasio y yoduro de sodio, insoluble en agua y etanol, y se utiliza principalmente en la industria farmac\u00e9utica y la industria fotogr\u00e1fica.<\/p>\n","protected":false},"featured_media":1033427,"comment_status":"open","ping_status":"closed","template":"","meta":{"_acf_changed":false},"product_brand":[],"product_cat":[182],"product_tag":[],"class_list":{"0":"post-1026583","1":"product","2":"type-product","3":"status-publish","4":"has-post-thumbnail","6":"product_cat-materiales-halogenados","8":"first","9":"instock","10":"shipping-taxable","11":"purchasable","12":"product-type-variable"},"acf":[],"_links":{"self":[{"href":"https:\/\/vimaterial.de\/es\/wp-json\/wp\/v2\/product\/1026583","targetHints":{"allow":["GET"]}}],"collection":[{"href":"https:\/\/vimaterial.de\/es\/wp-json\/wp\/v2\/product"}],"about":[{"href":"https:\/\/vimaterial.de\/es\/wp-json\/wp\/v2\/types\/product"}],"replies":[{"embeddable":true,"href":"https:\/\/vimaterial.de\/es\/wp-json\/wp\/v2\/comments?post=1026583"}],"wp:featuredmedia":[{"embeddable":true,"href":"https:\/\/vimaterial.de\/es\/wp-json\/wp\/v2\/media\/1033427"}],"wp:attachment":[{"href":"https:\/\/vimaterial.de\/es\/wp-json\/wp\/v2\/media?parent=1026583"}],"wp:term":[{"taxonomy":"product_brand","embeddable":true,"href":"https:\/\/vimaterial.de\/es\/wp-json\/wp\/v2\/product_brand?post=1026583"},{"taxonomy":"product_cat","embeddable":true,"href":"https:\/\/vimaterial.de\/es\/wp-json\/wp\/v2\/product_cat?post=1026583"},{"taxonomy":"product_tag","embeddable":true,"href":"https:\/\/vimaterial.de\/es\/wp-json\/wp\/v2\/product_tag?post=1026583"}],"curies":[{"name":"wp","href":"https:\/\/api.w.org\/{rel}","templated":true}]}}