{"id":1026550,"date":"2024-06-17T15:53:34","date_gmt":"2024-06-17T07:53:34","guid":{"rendered":"https:\/\/vimaterial.de\/product\/seleniuro-de-plomo-2\/"},"modified":"2024-10-28T09:35:00","modified_gmt":"2024-10-28T01:35:00","slug":"seleniuro-de-plomo-2","status":"publish","type":"product","link":"https:\/\/vimaterial.de\/es\/product\/seleniuro-de-plomo-2\/","title":{"rendered":"Selenide de plomo"},"content":{"rendered":"<p>Selenide de plomo, un compuesto inorg\u00e1nico, f\u00f3rmula qu\u00edmica PbSe, estructura del sistema cristalino c\u00fabico, soluble en \u00e1cido n\u00edtrico y \u00e1cido clorh\u00eddrico concentrado caliente, insoluble en agua, utilizado principalmente en la fabricaci\u00f3n de resistencias fotosensibles y detectores infrarrojos, etc.<\/p>\n<h3>Propiedades b\u00e1sicas<\/h3>\n<p>F\u00f3rmula qu\u00edmica: PbSe<br \/>\nEstructura cristalina: Tiene una estructura cristalina espec\u00edfica y sus caracter\u00edsticas estructurales afectar\u00e1n sus propiedades f\u00edsicas y qu\u00edmicas.<\/p>\n<p>Densidad: Tiene alta densidad.<\/p>\n<p>Estabilidad: Es relativamente estable bajo ciertas condiciones, pero puede sufrir reacciones qu\u00edmicas en ciertos ambientes. Por ejemplo, puede reaccionar con algunos \u00e1cidos o agentes oxidantes.<br \/>\nEstado de oxidaci\u00f3n: El plomo generalmente exhibe una valencia de +2 y el selenio exhibe una valencia de -2.<\/p>\n<h3>\u00c1mbitos de aplicaci\u00f3n<\/h3>\n<p>Detectores de infrarrojos: Los detectores de infrarrojos se utilizan para la fabricaci\u00f3n de detectores de infrarrojos, aprovechando su absorci\u00f3n de luz infrarroja. En el \u00e1mbito militar, se puede utilizar para dispositivos de visi\u00f3n nocturna, sistemas de gu\u00eda de misiles, etc. En el campo civil, se puede utilizar para dispositivos de im\u00e1genes t\u00e9rmicas en sistemas de monitoreo de seguridad, sensores infrarrojos en sistemas de alerta de incendios, etc.<\/p>\n<p>Dispositivos optoelectr\u00f3nicos: como materiales semiconductores, el selenuro de plomo se puede utilizar para fabricar fotodiodos, fototransistores y otros dispositivos optoelectr\u00f3nicos, utilizados para la detecci\u00f3n y conversi\u00f3n de se\u00f1ales \u00f3pticas.<\/p>\n<p>Material termoel\u00e9ctrico: El Selenide de plomo tambi\u00e9n tiene aplicaciones potenciales en algunos dispositivos de conversi\u00f3n termoel\u00e9ctrica, que pueden convertir la energ\u00eda t\u00e9rmica en energ\u00eda el\u00e9ctrica, y tiene valor de investigaci\u00f3n en el campo de la recuperaci\u00f3n de calor residual.<\/p>\n","protected":false},"excerpt":{"rendered":"<p>Selenide de plomo, un compuesto inorg\u00e1nico, f\u00f3rmula qu\u00edmica PbSe, estructura del sistema cristalino c\u00fabico, soluble en \u00e1cido n\u00edtrico y \u00e1cido clorh\u00eddrico concentrado caliente, insoluble en agua, utilizado principalmente en la fabricaci\u00f3n de resistencias fotosensibles y detectores infrarrojos, etc.<\/p>\n","protected":false},"featured_media":1033432,"comment_status":"open","ping_status":"closed","template":"","meta":{"_acf_changed":false},"product_brand":[],"product_cat":[179],"product_tag":[],"class_list":{"0":"post-1026550","1":"product","2":"type-product","3":"status-publish","4":"has-post-thumbnail","6":"product_cat-materiales-de-evaporacion","8":"first","9":"instock","10":"shipping-taxable","11":"product-type-variable"},"acf":[],"_links":{"self":[{"href":"https:\/\/vimaterial.de\/es\/wp-json\/wp\/v2\/product\/1026550","targetHints":{"allow":["GET"]}}],"collection":[{"href":"https:\/\/vimaterial.de\/es\/wp-json\/wp\/v2\/product"}],"about":[{"href":"https:\/\/vimaterial.de\/es\/wp-json\/wp\/v2\/types\/product"}],"replies":[{"embeddable":true,"href":"https:\/\/vimaterial.de\/es\/wp-json\/wp\/v2\/comments?post=1026550"}],"wp:featuredmedia":[{"embeddable":true,"href":"https:\/\/vimaterial.de\/es\/wp-json\/wp\/v2\/media\/1033432"}],"wp:attachment":[{"href":"https:\/\/vimaterial.de\/es\/wp-json\/wp\/v2\/media?parent=1026550"}],"wp:term":[{"taxonomy":"product_brand","embeddable":true,"href":"https:\/\/vimaterial.de\/es\/wp-json\/wp\/v2\/product_brand?post=1026550"},{"taxonomy":"product_cat","embeddable":true,"href":"https:\/\/vimaterial.de\/es\/wp-json\/wp\/v2\/product_cat?post=1026550"},{"taxonomy":"product_tag","embeddable":true,"href":"https:\/\/vimaterial.de\/es\/wp-json\/wp\/v2\/product_tag?post=1026550"}],"curies":[{"name":"wp","href":"https:\/\/api.w.org\/{rel}","templated":true}]}}