{"id":1026529,"date":"2024-06-17T15:53:34","date_gmt":"2024-06-17T07:53:34","guid":{"rendered":"https:\/\/vimaterial.de\/product\/plomo-telluride-3\/"},"modified":"2024-10-28T10:04:43","modified_gmt":"2024-10-28T02:04:43","slug":"plomo-telluride-3","status":"publish","type":"product","link":"https:\/\/vimaterial.de\/es\/product\/plomo-telluride-3\/","title":{"rendered":"Telururo de plomo"},"content":{"rendered":"<p>El telururo de plomo, un compuesto inorg\u00e1nico con la f\u00f3rmula qu\u00edmica PbTe, se utiliza principalmente en la fabricaci\u00f3n de convertidores termoel\u00e9ctricos (enfriadores, generadores, fuentes de calor), detectores de infrarrojos y diodos de efecto t\u00fanel.<\/p>\n<h3>Propiedades b\u00e1sicas<\/h3>\n<p>Composici\u00f3n qu\u00edmica: El PbTe se compone de plomo (Pb) y telurio (Te), con plomo a +2 de valencia y telurio a -2 de valencia, y su f\u00f3rmula qu\u00edmica es PbTe.<\/p>\n<p>Estructura cristalina: El PbTe tiene una estructura cristalina de sal gema (tipo NaCl), es decir, un sistema cristalino c\u00fabico, en el que los \u00e1tomos de plomo y telurio ocupan los puntos de red de la red c\u00fabica centrada en las caras, respectivamente.<\/p>\n<p>Densidad: 8.164g\/cm3<\/p>\n<p>Punto de fusi\u00f3n: 905\u00b0C<\/p>\n<p>Aspecto: s\u00f3lido blanco<\/p>\n<p>Solubilidad: insoluble en agua<\/p>\n<h3>Campos de aplicaci\u00f3n<\/h3>\n<p>Campo termoel\u00e9ctrico: Como un excelente material termoel\u00e9ctrico, el telururo de plomo es ampliamente utilizado en dispositivos de generaci\u00f3n de energ\u00eda termoel\u00e9ctrica y refrigeraci\u00f3n.<\/p>\n<p>Tecnolog\u00eda infrarroja: En el campo de los detectores infrarrojos y los sensores infrarrojos, los materiales de teluro de plomo desempe\u00f1an un papel clave.<\/p>\n<p>Electr\u00f3nica: El PbTe se puede utilizar en la fabricaci\u00f3n de diversos dispositivos electr\u00f3nicos, como diodos y transistores. Debido a sus propiedades el\u00e9ctricas especiales, los dispositivos electr\u00f3nicos b\u00e1sicos de PbTe en electr\u00f3nica de alta temperatura, electr\u00f3nica de alta velocidad y otros campos electr\u00f3nicos especiales tienen aplicaciones potenciales.<\/p>\n","protected":false},"excerpt":{"rendered":"<p>El telururo de plomo, un compuesto inorg\u00e1nico con la f\u00f3rmula qu\u00edmica PbTe, se utiliza principalmente en la fabricaci\u00f3n de convertidores termoel\u00e9ctricos (enfriadores, generadores, fuentes de calor), detectores de infrarrojos y diodos de efecto t\u00fanel.<\/p>\n","protected":false},"featured_media":1033442,"comment_status":"open","ping_status":"closed","template":"","meta":{"_acf_changed":false},"product_brand":[],"product_cat":[179],"product_tag":[],"class_list":{"0":"post-1026529","1":"product","2":"type-product","3":"status-publish","4":"has-post-thumbnail","6":"product_cat-materiales-de-evaporacion","8":"first","9":"instock","10":"shipping-taxable","11":"product-type-variable"},"acf":[],"_links":{"self":[{"href":"https:\/\/vimaterial.de\/es\/wp-json\/wp\/v2\/product\/1026529","targetHints":{"allow":["GET"]}}],"collection":[{"href":"https:\/\/vimaterial.de\/es\/wp-json\/wp\/v2\/product"}],"about":[{"href":"https:\/\/vimaterial.de\/es\/wp-json\/wp\/v2\/types\/product"}],"replies":[{"embeddable":true,"href":"https:\/\/vimaterial.de\/es\/wp-json\/wp\/v2\/comments?post=1026529"}],"wp:featuredmedia":[{"embeddable":true,"href":"https:\/\/vimaterial.de\/es\/wp-json\/wp\/v2\/media\/1033442"}],"wp:attachment":[{"href":"https:\/\/vimaterial.de\/es\/wp-json\/wp\/v2\/media?parent=1026529"}],"wp:term":[{"taxonomy":"product_brand","embeddable":true,"href":"https:\/\/vimaterial.de\/es\/wp-json\/wp\/v2\/product_brand?post=1026529"},{"taxonomy":"product_cat","embeddable":true,"href":"https:\/\/vimaterial.de\/es\/wp-json\/wp\/v2\/product_cat?post=1026529"},{"taxonomy":"product_tag","embeddable":true,"href":"https:\/\/vimaterial.de\/es\/wp-json\/wp\/v2\/product_tag?post=1026529"}],"curies":[{"name":"wp","href":"https:\/\/api.w.org\/{rel}","templated":true}]}}