{"id":1026355,"date":"2024-06-17T15:56:44","date_gmt":"2024-06-17T07:56:44","guid":{"rendered":"https:\/\/vimaterial.de\/product\/hidroxido-de-bismuto\/"},"modified":"2024-10-25T15:18:21","modified_gmt":"2024-10-25T07:18:21","slug":"hidroxido-de-bismuto","status":"publish","type":"product","link":"https:\/\/vimaterial.de\/es\/product\/hidroxido-de-bismuto\/","title":{"rendered":"Hidr\u00f3xido de bismuto"},"content":{"rendered":"<h3>Informaci\u00f3n b\u00e1sica:<\/h3>\n<p>F\u00f3rmula qu\u00edmica: Bi (OH)\u2083, tambi\u00e9n expresado como BiH\u2083O\u2083.<\/p>\n<p>Peso molecular: 260.00.<\/p>\n<p>N\u00ba CAS: 10361-43-0.<\/p>\n<p>Aspecto: Polvo blanco amorfo, a veces tambi\u00e9n puede aparecer de color amarillo claro.<\/p>\n<p>Densidad: La densidad relativa es de 4,36 g\/cm\u00b3.<\/p>\n<p>Solubilidad: soluble en \u00e1cido, casi insoluble en agua y \u00e1lcali, f\u00e1cil de ser gelatinoso en agua.<\/p>\n<p>Estabilidad t\u00e9rmica: Pierda 1 mol\u00e9cula de agua a 100 \u00b0C para formar hidr\u00f3xido de bismuto amarillo; se descomponen en \u00f3xido de bismuto cuando se calientan a 415 \u00b0C.<\/p>\n<h3>Propiedades qu\u00edmicas:<\/h3>\n<p>Propiedades del hidr\u00f3xido anf\u00f3tero: Tiene las caracter\u00edsticas del hidr\u00f3xido anf\u00f3tero, que puede reaccionar con el \u00e1cido para formar sal y agua, y tambi\u00e9n puede mostrar basicidad bajo ciertas condiciones.<\/p>\n<p>Propiedades oxidantes: bajo ciertas condiciones de reacci\u00f3n, el hidr\u00f3xido de bismuto puede exhibir algunas propiedades oxidantes, pero son relativamente d\u00e9biles.<\/p>\n<h3>Usos:<\/h3>\n<p>Campo farmac\u00e9utico: se puede utilizar como agente protector de enfermedades gastrointestinales, utilizado para aliviar s\u00edntomas como el exceso de \u00e1cido estomacal; En la industria farmac\u00e9utica, se puede utilizar para preparar ciertos medicamentos que contienen bismuto.<\/p>\n<p>An\u00e1lisis qu\u00edmico: Hidr\u00f3xido de bismuto utilizado como absorbente para la rutina y el extracto de roble, y como agente hidrolizante para el \u00e1cido ribonucleico; En qu\u00edmica anal\u00edtica, se puede utilizar para separar el plutonio del uranio posterior a la radiaci\u00f3n.<\/p>\n<p>Aplicaci\u00f3n industrial: El hidr\u00f3xido de bismuto se puede utilizar en la fabricaci\u00f3n de sales de bismuto, que tienen una amplia gama de aplicaciones en los campos de pigmentos, catalizadores y materiales electr\u00f3nicos.<\/p>\n","protected":false},"excerpt":{"rendered":"<p>Campo farmac\u00e9utico: se puede utilizar como agente protector de enfermedades gastrointestinales, utilizado para aliviar s\u00edntomas como el exceso de \u00e1cido estomacal; En la industria farmac\u00e9utica, se puede utilizar para preparar ciertos medicamentos que contienen bismuto.<\/p>\n<p>An\u00e1lisis qu\u00edmico: Hidr\u00f3xido de bismuto utilizado como absorbente para la rutina y el extracto de roble, y como agente hidrolizante para el \u00e1cido ribonucleico; En qu\u00edmica anal\u00edtica, se puede utilizar para separar el plutonio del uranio posterior a la radiaci\u00f3n.<\/p>\n","protected":false},"featured_media":1033587,"comment_status":"open","ping_status":"closed","template":"","meta":{"_acf_changed":false},"product_brand":[],"product_cat":[186],"product_tag":[],"class_list":{"0":"post-1026355","1":"product","2":"type-product","3":"status-publish","4":"has-post-thumbnail","6":"product_cat-materiales-de-oxido-hidroxido","8":"first","9":"instock","10":"shipping-taxable","11":"purchasable","12":"product-type-variable"},"acf":[],"_links":{"self":[{"href":"https:\/\/vimaterial.de\/es\/wp-json\/wp\/v2\/product\/1026355","targetHints":{"allow":["GET"]}}],"collection":[{"href":"https:\/\/vimaterial.de\/es\/wp-json\/wp\/v2\/product"}],"about":[{"href":"https:\/\/vimaterial.de\/es\/wp-json\/wp\/v2\/types\/product"}],"replies":[{"embeddable":true,"href":"https:\/\/vimaterial.de\/es\/wp-json\/wp\/v2\/comments?post=1026355"}],"wp:featuredmedia":[{"embeddable":true,"href":"https:\/\/vimaterial.de\/es\/wp-json\/wp\/v2\/media\/1033587"}],"wp:attachment":[{"href":"https:\/\/vimaterial.de\/es\/wp-json\/wp\/v2\/media?parent=1026355"}],"wp:term":[{"taxonomy":"product_brand","embeddable":true,"href":"https:\/\/vimaterial.de\/es\/wp-json\/wp\/v2\/product_brand?post=1026355"},{"taxonomy":"product_cat","embeddable":true,"href":"https:\/\/vimaterial.de\/es\/wp-json\/wp\/v2\/product_cat?post=1026355"},{"taxonomy":"product_tag","embeddable":true,"href":"https:\/\/vimaterial.de\/es\/wp-json\/wp\/v2\/product_tag?post=1026355"}],"curies":[{"name":"wp","href":"https:\/\/api.w.org\/{rel}","templated":true}]}}