{"id":1026322,"date":"2024-06-17T15:56:44","date_gmt":"2024-06-17T07:56:44","guid":{"rendered":"https:\/\/vimaterial.de\/product\/oxido-de-bismuto-2\/"},"modified":"2024-09-27T13:59:22","modified_gmt":"2024-09-27T05:59:22","slug":"oxido-de-bismuto-2","status":"publish","type":"product","link":"https:\/\/vimaterial.de\/es\/product\/oxido-de-bismuto-2\/","title":{"rendered":"\u00d3xido de bismuto"},"content":{"rendered":"<p>Los gr\u00e1nulos de \u00f3xido de bismuto (Bi\u2082O\u2083) se usan com\u00fanmente en diversas aplicaciones debido a sus propiedades \u00fanicas.<\/p>\n<p>Propiedades Alta densidad y peso at\u00f3mico: \u00d3xido de bismuto \u00datil para aplicaciones m\u00e9dicas y de blindaje.<br \/>\nPropiedades el\u00e9ctricas: Act\u00faa como semiconductor con usos espec\u00edficos en pilas de combustible de \u00f3xido s\u00f3lido y sensores de gas.<br \/>\nPropiedades \u00f3pticas: Alto \u00edndice de refracci\u00f3n, que es beneficioso para recubrimientos y materiales \u00f3pticos.<br \/>\nActividad catal\u00edtica: Se utiliza en fotocat\u00e1lisis para aplicaciones medioambientales y energ\u00e9ticas.<\/p>\n<p>Aplicaciones<\/p>\n<p>Cer\u00e1mica y vidrio: Se utiliza en la producci\u00f3n de vidrios y esmaltes especiales para un alto \u00edndice de refracci\u00f3n o claridad \u00f3ptica.<br \/>\nElectr\u00f3nica: Desempe\u00f1a un papel en la fabricaci\u00f3n de varistores, condensadores cer\u00e1micos y otros componentes electr\u00f3nicos.<br \/>\nAplicaciones m\u00e9dicas: Utilizado en materiales radiopacos para im\u00e1genes m\u00e9dicas y ciertos tratamientos contra el c\u00e1ncer.<br \/>\nPilas de combustible: Se utiliza en las pilas de combustible de \u00f3xido s\u00f3lido (SOFC) debido a su capacidad para conducir iones de ox\u00edgeno a altas temperaturas.<br \/>\nCat\u00e1lisis: Interviene en las reacciones fotocatal\u00edticas y en la degradaci\u00f3n de contaminantes en aplicaciones medioambientales.<\/p>\n","protected":false},"excerpt":{"rendered":"<p>Los gr\u00e1nulos de \u00f3xido de bismuto (Bi\u2082O\u2083) se usan com\u00fanmente en diversas aplicaciones debido a sus propiedades \u00fanicas.<\/p>\n<p>Propiedades Alta densidad y peso at\u00f3mico: \u00d3xido de bismuto \u00datil para aplicaciones m\u00e9dicas y de blindaje.<br \/>\nPropiedades el\u00e9ctricas: Act\u00faa como semiconductor con usos espec\u00edficos en pilas de combustible de \u00f3xido s\u00f3lido y sensores de gas.<br \/>\nPropiedades \u00f3pticas: Alto \u00edndice de refracci\u00f3n, que es beneficioso para recubrimientos y materiales \u00f3pticos.<br \/>\nActividad catal\u00edtica: Se utiliza en fotocat\u00e1lisis para aplicaciones medioambientales y energ\u00e9ticas.<\/p>\n<p>Aplicaciones<\/p>\n<p>Cer\u00e1mica y vidrio: Se utiliza en la producci\u00f3n de vidrios y esmaltes especiales para un alto \u00edndice de refracci\u00f3n o claridad \u00f3ptica.<br \/>\nElectr\u00f3nica: Desempe\u00f1a un papel en la fabricaci\u00f3n de varistores, condensadores cer\u00e1micos y otros componentes electr\u00f3nicos.<br \/>\nAplicaciones m\u00e9dicas: Utilizado en materiales radiopacos para im\u00e1genes m\u00e9dicas y ciertos tratamientos contra el c\u00e1ncer.<br \/>\nPilas de combustible: Se utiliza en las pilas de combustible de \u00f3xido s\u00f3lido (SOFC) debido a su capacidad para conducir iones de ox\u00edgeno a altas temperaturas.<br \/>\nCat\u00e1lisis: Interviene en las reacciones fotocatal\u00edticas y en la degradaci\u00f3n de contaminantes en aplicaciones medioambientales.<\/p>\n","protected":false},"featured_media":1033592,"comment_status":"open","ping_status":"closed","template":"","meta":{"_acf_changed":false},"product_brand":[],"product_cat":[179],"product_tag":[],"class_list":{"0":"post-1026322","1":"product","2":"type-product","3":"status-publish","4":"has-post-thumbnail","6":"product_cat-materiales-de-evaporacion","8":"first","9":"instock","10":"shipping-taxable","11":"product-type-variable"},"acf":[],"_links":{"self":[{"href":"https:\/\/vimaterial.de\/es\/wp-json\/wp\/v2\/product\/1026322","targetHints":{"allow":["GET"]}}],"collection":[{"href":"https:\/\/vimaterial.de\/es\/wp-json\/wp\/v2\/product"}],"about":[{"href":"https:\/\/vimaterial.de\/es\/wp-json\/wp\/v2\/types\/product"}],"replies":[{"embeddable":true,"href":"https:\/\/vimaterial.de\/es\/wp-json\/wp\/v2\/comments?post=1026322"}],"wp:featuredmedia":[{"embeddable":true,"href":"https:\/\/vimaterial.de\/es\/wp-json\/wp\/v2\/media\/1033592"}],"wp:attachment":[{"href":"https:\/\/vimaterial.de\/es\/wp-json\/wp\/v2\/media?parent=1026322"}],"wp:term":[{"taxonomy":"product_brand","embeddable":true,"href":"https:\/\/vimaterial.de\/es\/wp-json\/wp\/v2\/product_brand?post=1026322"},{"taxonomy":"product_cat","embeddable":true,"href":"https:\/\/vimaterial.de\/es\/wp-json\/wp\/v2\/product_cat?post=1026322"},{"taxonomy":"product_tag","embeddable":true,"href":"https:\/\/vimaterial.de\/es\/wp-json\/wp\/v2\/product_tag?post=1026322"}],"curies":[{"name":"wp","href":"https:\/\/api.w.org\/{rel}","templated":true}]}}