{"id":1026265,"date":"2024-06-17T15:56:45","date_gmt":"2024-06-17T07:56:45","guid":{"rendered":"https:\/\/vimaterial.de\/product\/sulfuro-de-bismuto-2\/"},"modified":"2024-10-11T15:07:28","modified_gmt":"2024-10-11T07:07:28","slug":"sulfuro-de-bismuto-2","status":"publish","type":"product","link":"https:\/\/vimaterial.de\/es\/product\/sulfuro-de-bismuto-2\/","title":{"rendered":"Sulfuro de bismuto"},"content":{"rendered":"<p>El polvo de sulfuro de bismuto es un importante material compuesto inorg\u00e1nico.<\/p>\n<p>&nbsp;<\/p>\n<p>Informaci\u00f3n b\u00e1sica:<\/p>\n<p>&nbsp;<\/p>\n<p>F\u00f3rmula qu\u00edmica: Bi\u2082S\u2083, compuesto por bismuto (Bi) y azufre (S).<\/p>\n<p>N\u00famero CAS: 1345-07-9.<\/p>\n<p>Peso molecular: 514,16.<\/p>\n<p>&nbsp;<\/p>\n<p>Propiedades f\u00edsicas:<\/p>\n<p>&nbsp;<\/p>\n<p>Aspecto: Por lo general, un polvo de color marr\u00f3n oscuro o amarillo parduzco.<\/p>\n<p>Densidad: La densidad relativa es de unos 7,6-7,8 g\/cm\u00b3.<\/p>\n<p>Punto de fusi\u00f3n: alrededor de 685 \u00b0C (temperatura de descomposici\u00f3n).<\/p>\n<p>Estructura cristalina: pertenece al sistema cristalino triangular, con una estructura estratificada especial y enlaces d\u00e9biles entre las unidades estratificadas.<\/p>\n<p>&nbsp;<\/p>\n<p>M\u00e9todo de preparaci\u00f3n:<\/p>\n<p>&nbsp;<\/p>\n<p>M\u00e9todo de s\u00edntesis directa: el polvo de bismuto y el polvo de azufre se mezclan de acuerdo con una cierta proporci\u00f3n, y el polvo de Bi\u2082S\u2083 se reacciona directamente en condiciones de alta temperatura.<\/p>\n<p>&nbsp;<\/p>\n<p>M\u00e9todo de soluci\u00f3n: La soluci\u00f3n de sal de bismuto se mezcla con una soluci\u00f3n compuesta que contiene azufre, y Bi\u2082S\u2083 se precipita a trav\u00e9s de una reacci\u00f3n qu\u00edmica, y luego el polvo de Bi\u2082S\u2083 se obtiene a trav\u00e9s de filtraci\u00f3n, lavado, secado y otros pasos.<\/p>\n<p>&nbsp;<\/p>\n<p>Campo de aplicaci\u00f3n:<\/p>\n<p>&nbsp;<\/p>\n<p>Campo de los semiconductores: Como material semiconductor importante, el sulfuro de bismuto tiene aplicaciones potenciales en dispositivos termoel\u00e9ctricos, electr\u00f3nicos y optoelectr\u00f3nicos.<\/p>\n<p>&nbsp;<\/p>\n<p>Campo \u00f3ptico: Se puede utilizar para fabricar convertidores fotoel\u00e9ctricos y tiene una amplia gama de perspectivas de aplicaci\u00f3n en espectroscopia infrarroja, materiales luminiscentes, materiales \u00f3pticos no lineales, etc.<\/p>\n","protected":false},"excerpt":{"rendered":"<p>El polvo de sulfuro de bismuto es un importante material compuesto inorg\u00e1nico.<\/p>\n<p>Campo de los semiconductores: Como material semiconductor importante, el Bi\u2082S\u2083 tiene aplicaciones potenciales en dispositivos termoel\u00e9ctricos, electr\u00f3nicos y optoelectr\u00f3nicos.<\/p>\n<p>Campo \u00f3ptico: Se puede utilizar para fabricar convertidores fotoel\u00e9ctricos y tiene una amplia gama de perspectivas de aplicaci\u00f3n en espectroscopia infrarroja, materiales luminiscentes, materiales \u00f3pticos no lineales, etc.<\/p>\n","protected":false},"featured_media":1033612,"comment_status":"open","ping_status":"closed","template":"","meta":{"_acf_changed":false},"product_brand":[],"product_cat":[181],"product_tag":[],"class_list":{"0":"post-1026265","1":"product","2":"type-product","3":"status-publish","4":"has-post-thumbnail","6":"product_cat-materiales-calcogenuros","8":"first","9":"instock","10":"shipping-taxable","11":"product-type-variable"},"acf":[],"_links":{"self":[{"href":"https:\/\/vimaterial.de\/es\/wp-json\/wp\/v2\/product\/1026265","targetHints":{"allow":["GET"]}}],"collection":[{"href":"https:\/\/vimaterial.de\/es\/wp-json\/wp\/v2\/product"}],"about":[{"href":"https:\/\/vimaterial.de\/es\/wp-json\/wp\/v2\/types\/product"}],"replies":[{"embeddable":true,"href":"https:\/\/vimaterial.de\/es\/wp-json\/wp\/v2\/comments?post=1026265"}],"wp:featuredmedia":[{"embeddable":true,"href":"https:\/\/vimaterial.de\/es\/wp-json\/wp\/v2\/media\/1033612"}],"wp:attachment":[{"href":"https:\/\/vimaterial.de\/es\/wp-json\/wp\/v2\/media?parent=1026265"}],"wp:term":[{"taxonomy":"product_brand","embeddable":true,"href":"https:\/\/vimaterial.de\/es\/wp-json\/wp\/v2\/product_brand?post=1026265"},{"taxonomy":"product_cat","embeddable":true,"href":"https:\/\/vimaterial.de\/es\/wp-json\/wp\/v2\/product_cat?post=1026265"},{"taxonomy":"product_tag","embeddable":true,"href":"https:\/\/vimaterial.de\/es\/wp-json\/wp\/v2\/product_tag?post=1026265"}],"curies":[{"name":"wp","href":"https:\/\/api.w.org\/{rel}","templated":true}]}}