{"id":1026262,"date":"2024-06-17T15:56:45","date_gmt":"2024-06-17T07:56:45","guid":{"rendered":"https:\/\/vimaterial.de\/product\/sulfuro-de-bismuto\/"},"modified":"2024-10-11T14:43:42","modified_gmt":"2024-10-11T06:43:42","slug":"sulfuro-de-bismuto","status":"publish","type":"product","link":"https:\/\/vimaterial.de\/es\/product\/sulfuro-de-bismuto\/","title":{"rendered":"Sulfuro de bismuto"},"content":{"rendered":"<p>Las part\u00edculas de sulfuro de bismuto son un importante material compuesto inorg\u00e1nico.<\/p>\n<p>&nbsp;<\/p>\n<p>Informaci\u00f3n b\u00e1sica:<\/p>\n<p>&nbsp;<\/p>\n<p>F\u00f3rmula qu\u00edmica: Bi\u2082S\u2083, compuesto por dos elementos: bismuto (Bi) y azufre (S).<\/p>\n<p>Apariencia: Por lo general, part\u00edculas de polvo de color marr\u00f3n oscuro, pero dependiendo del m\u00e9todo de preparaci\u00f3n y la pureza y otros factores, el color puede variar.<\/p>\n<p>Densidad: La densidad relativa est\u00e1 entre 6,78-7,8 g\/cm\u00b3.<\/p>\n<p>Punto de fusi\u00f3n: aproximadamente 685 \u00b0C (temperatura de descomposici\u00f3n).<\/p>\n<p>Estructura cristalina: pertenece al sistema cristalino trigonal.<\/p>\n<p>&nbsp;<\/p>\n<p>M\u00e9todo de preparaci\u00f3n:<\/p>\n<p>&nbsp;<\/p>\n<p>M\u00e9todo de s\u00edntesis directa: el polvo de bismuto y el polvo de azufre se mezclan en una cierta proporci\u00f3n, y las part\u00edculas de sulfuro de bismuto se generan directamente en condiciones de alta temperatura.<\/p>\n<p>&nbsp;<\/p>\n<p>M\u00e9todo de soluci\u00f3n: La soluci\u00f3n de sal de bismuto se mezcla con una soluci\u00f3n compuesta que contiene azufre, y Bi\u2082S\u2083 se precipita a trav\u00e9s de una reacci\u00f3n qu\u00edmica, y luego se obtienen part\u00edculas de sulfuro de bismuto a trav\u00e9s de filtraci\u00f3n, lavado, secado y otros pasos. Este m\u00e9todo se puede realizar a temperaturas relativamente bajas, y el tama\u00f1o y la morfolog\u00eda de las part\u00edculas se pueden ajustar controlando las condiciones de reacci\u00f3n.<\/p>\n<p>&nbsp;<\/p>\n<p>Campo de aplicaci\u00f3n:<\/p>\n<p>&nbsp;<\/p>\n<p>Campo semiconductor: El sulfuro de bismuto es un material semiconductor, que tiene cierto potencial de aplicaci\u00f3n en dispositivos semiconductores, y se puede utilizar para preparar fotodetectores, c\u00e9lulas solares, etc.<\/p>\n<p>&nbsp;<\/p>\n<p>Materiales termoel\u00e9ctricos: En los \u00faltimos a\u00f1os, el sulfuro de bismuto ha atra\u00eddo la atenci\u00f3n como un nuevo material termoel\u00e9ctrico. Al optimizar el proceso de preparaci\u00f3n y el dopaje, se pueden mejorar las propiedades termoel\u00e9ctricas y se espera que se aplique en los campos de la generaci\u00f3n de energ\u00eda t\u00e9rmica residual y la refrigeraci\u00f3n por diferencia de temperatura.<\/p>\n<p>&nbsp;<\/p>\n<p>Campo \u00f3ptico: Debido a sus propiedades \u00f3pticas especiales, se puede utilizar para preparar recubrimientos \u00f3pticos, materiales \u00f3pticos no lineales, etc.<\/p>\n","protected":false},"excerpt":{"rendered":"<p>Las part\u00edculas de sulfuro de bismuto son un importante material compuesto inorg\u00e1nico.<\/p>\n<p>Campo semiconductor: El sulfuro de bismuto es un material semiconductor, que tiene cierto potencial de aplicaci\u00f3n en dispositivos semiconductores, y se puede utilizar para preparar fotodetectores, c\u00e9lulas solares, etc.<\/p>\n<p>Materiales termoel\u00e9ctricos: En los \u00faltimos a\u00f1os, el sulfuro de bismuto ha atra\u00eddo la atenci\u00f3n como un nuevo material termoel\u00e9ctrico. Al optimizar el proceso de preparaci\u00f3n y el dopaje, se pueden mejorar las propiedades termoel\u00e9ctricas y se espera que se aplique en los campos de la generaci\u00f3n de energ\u00eda t\u00e9rmica residual y la refrigeraci\u00f3n por diferencia de temperatura.<\/p>\n<p>&nbsp;<\/p>\n","protected":false},"featured_media":1033607,"comment_status":"open","ping_status":"closed","template":"","meta":{"_acf_changed":false},"product_brand":[],"product_cat":[179],"product_tag":[],"class_list":{"0":"post-1026262","1":"product","2":"type-product","3":"status-publish","4":"has-post-thumbnail","6":"product_cat-materiales-de-evaporacion","8":"first","9":"instock","10":"shipping-taxable","11":"product-type-variable"},"acf":[],"_links":{"self":[{"href":"https:\/\/vimaterial.de\/es\/wp-json\/wp\/v2\/product\/1026262","targetHints":{"allow":["GET"]}}],"collection":[{"href":"https:\/\/vimaterial.de\/es\/wp-json\/wp\/v2\/product"}],"about":[{"href":"https:\/\/vimaterial.de\/es\/wp-json\/wp\/v2\/types\/product"}],"replies":[{"embeddable":true,"href":"https:\/\/vimaterial.de\/es\/wp-json\/wp\/v2\/comments?post=1026262"}],"wp:featuredmedia":[{"embeddable":true,"href":"https:\/\/vimaterial.de\/es\/wp-json\/wp\/v2\/media\/1033607"}],"wp:attachment":[{"href":"https:\/\/vimaterial.de\/es\/wp-json\/wp\/v2\/media?parent=1026262"}],"wp:term":[{"taxonomy":"product_brand","embeddable":true,"href":"https:\/\/vimaterial.de\/es\/wp-json\/wp\/v2\/product_brand?post=1026262"},{"taxonomy":"product_cat","embeddable":true,"href":"https:\/\/vimaterial.de\/es\/wp-json\/wp\/v2\/product_cat?post=1026262"},{"taxonomy":"product_tag","embeddable":true,"href":"https:\/\/vimaterial.de\/es\/wp-json\/wp\/v2\/product_tag?post=1026262"}],"curies":[{"name":"wp","href":"https:\/\/api.w.org\/{rel}","templated":true}]}}