{"id":1026243,"date":"2024-06-17T15:56:46","date_gmt":"2024-06-17T07:56:46","guid":{"rendered":"https:\/\/vimaterial.de\/product\/seleniuro-de-bismuto-2\/"},"modified":"2024-10-25T14:02:08","modified_gmt":"2024-10-25T06:02:08","slug":"seleniuro-de-bismuto-2","status":"publish","type":"product","link":"https:\/\/vimaterial.de\/es\/product\/seleniuro-de-bismuto-2\/","title":{"rendered":"Seleniuro de bismuto"},"content":{"rendered":"<p>Las part\u00edculas de seleniuro de bismuto son un material funcional importante con propiedades fisicoqu\u00edmicas \u00fanicas y una amplia gama de aplicaciones.<\/p>\n<h3>Informaci\u00f3n b\u00e1sica:<\/h3>\n<p>F\u00f3rmula qu\u00edmica: Bi\u2082Se\u2083, lo que indica que est\u00e1 compuesto por dos elementos, bismuto (Bi) y selenio (Se), en una proporci\u00f3n de 2:3.<\/p>\n<p>Peso molecular: 654,84.<\/p>\n<p>N\u00ba CAS: 12068-69-8.<\/p>\n<p>N\u00famero EINECS: 235-104-7.<\/p>\n<p>Aspecto: Generalmente polvo s\u00f3lido gris.<\/p>\n<p>Densidad: relativamente alta, alrededor de 6,82 g\/cm\u00b3.<\/p>\n<p>Punto de fusi\u00f3n: 710\u00b0C. Estructura cristalina: Pertenece a la estructura cristalina hexa\u00e9drica rombo\u00e9drica.<\/p>\n<h3>Propiedades qu\u00edmicas:<\/h3>\n<p>Estabilidad: es relativamente estable a temperatura y presi\u00f3n ambiente, pero insoluble en \u00e1lcali y f\u00e1cilmente descompuesto por \u00e1cido concentrado y agua regia.<\/p>\n<p>Reactividad: puede reaccionar con algunos agentes oxidantes, como la reacci\u00f3n de oxidaci\u00f3n con ox\u00edgeno a alta temperatura.<\/p>\n<h3>\u00c1reas de aplicaci\u00f3n:<\/h3>\n<p>Electr\u00f3nica: como aislante topol\u00f3gico tridimensional, el seleniuro de bismuto tiene importantes aplicaciones en electr\u00f3nica. La existencia de estados electr\u00f3nicos especiales en su superficie, con propiedades electr\u00f3nicas \u00fanicas, como el efecto Hall de esp\u00edn cu\u00e1ntico, se puede utilizar en el desarrollo de nuevos dispositivos electr\u00f3nicos, como transistores aislantes topol\u00f3gicos y dispositivos espintr\u00f3nicos aislantes topol\u00f3gicos.<\/p>\n<p>Campo termoel\u00e9ctrico: El seleniuro de bismuto tiene buenas propiedades termoel\u00e9ctricas, que pueden convertir la energ\u00eda t\u00e9rmica en energ\u00eda el\u00e9ctrica, y tiene aplicaciones potenciales en campos como los generadores termoel\u00e9ctricos, especialmente en condiciones de alta temperatura.<\/p>\n<p>Campo \u00f3ptico: se puede utilizar para preparar dispositivos \u00f3pticos, como detectores de infrarrojos y dispositivos optoelectr\u00f3nicos. Tiene una buena respuesta \u00f3ptica en la banda de longitud de onda infrarroja, lo que le hace tener cierto potencial de aplicaci\u00f3n en el campo de la \u00f3ptica infrarroja.<\/p>\n","protected":false},"excerpt":{"rendered":"<p>Las part\u00edculas de seleniuro de bismuto son un material funcional importante con propiedades fisicoqu\u00edmicas \u00fanicas y una amplia gama de aplicaciones.<\/p>\n<p>Electr\u00f3nica: como aislante topol\u00f3gico tridimensional, el seleniuro de bismuto tiene importantes aplicaciones en electr\u00f3nica. La existencia de estados electr\u00f3nicos especiales en su superficie, con propiedades electr\u00f3nicas \u00fanicas, como el efecto Hall de esp\u00edn cu\u00e1ntico, se puede utilizar en el desarrollo de nuevos dispositivos electr\u00f3nicos, como transistores aislantes topol\u00f3gicos y dispositivos espintr\u00f3nicos aislantes topol\u00f3gicos.<\/p>\n<p>Campo termoel\u00e9ctrico: Bi\u2082Se\u2083 tiene buenas propiedades termoel\u00e9ctricas, que pueden convertir la energ\u00eda t\u00e9rmica en energ\u00eda el\u00e9ctrica, y tiene aplicaciones potenciales en campos como los generadores termoel\u00e9ctricos, especialmente en condiciones de alta temperatura.<\/p>\n","protected":false},"featured_media":1033617,"comment_status":"open","ping_status":"closed","template":"","meta":{"_acf_changed":false},"product_brand":[],"product_cat":[179],"product_tag":[],"class_list":{"0":"post-1026243","1":"product","2":"type-product","3":"status-publish","4":"has-post-thumbnail","6":"product_cat-materiales-de-evaporacion","8":"first","9":"instock","10":"shipping-taxable","11":"product-type-variable"},"acf":[],"_links":{"self":[{"href":"https:\/\/vimaterial.de\/es\/wp-json\/wp\/v2\/product\/1026243","targetHints":{"allow":["GET"]}}],"collection":[{"href":"https:\/\/vimaterial.de\/es\/wp-json\/wp\/v2\/product"}],"about":[{"href":"https:\/\/vimaterial.de\/es\/wp-json\/wp\/v2\/types\/product"}],"replies":[{"embeddable":true,"href":"https:\/\/vimaterial.de\/es\/wp-json\/wp\/v2\/comments?post=1026243"}],"wp:featuredmedia":[{"embeddable":true,"href":"https:\/\/vimaterial.de\/es\/wp-json\/wp\/v2\/media\/1033617"}],"wp:attachment":[{"href":"https:\/\/vimaterial.de\/es\/wp-json\/wp\/v2\/media?parent=1026243"}],"wp:term":[{"taxonomy":"product_brand","embeddable":true,"href":"https:\/\/vimaterial.de\/es\/wp-json\/wp\/v2\/product_brand?post=1026243"},{"taxonomy":"product_cat","embeddable":true,"href":"https:\/\/vimaterial.de\/es\/wp-json\/wp\/v2\/product_cat?post=1026243"},{"taxonomy":"product_tag","embeddable":true,"href":"https:\/\/vimaterial.de\/es\/wp-json\/wp\/v2\/product_tag?post=1026243"}],"curies":[{"name":"wp","href":"https:\/\/api.w.org\/{rel}","templated":true}]}}