{"id":1026216,"date":"2024-06-17T15:56:46","date_gmt":"2024-06-17T07:56:46","guid":{"rendered":"https:\/\/vimaterial.de\/product\/seleniuro-de-bismuto\/"},"modified":"2024-10-25T14:28:33","modified_gmt":"2024-10-25T06:28:33","slug":"seleniuro-de-bismuto","status":"publish","type":"product","link":"https:\/\/vimaterial.de\/es\/product\/seleniuro-de-bismuto\/","title":{"rendered":"Seleniuro de bismuto"},"content":{"rendered":"<p>Los blancos Bi\u2082Se\u2083 son un material importante con una amplia gama de aplicaciones en varios campos.<\/p>\n<h3>Informaci\u00f3n b\u00e1sica:<\/h3>\n<p>Composici\u00f3n qu\u00edmica: Est\u00e1 compuesto por dos elementos, Bismuto (Bi) y Selenio (Se) en la proporci\u00f3n de 2:3.<\/p>\n<p>Estructura cristalina: Pertenece a la estructura cristalina hexa\u00e9drica rombo\u00e9drica, lo que hace que el objetivo Bi\u2082Se\u2083 tenga propiedades f\u00edsicas anisotr\u00f3picas.<\/p>\n<p>Aspecto: Generalmente gris o negro s\u00f3lido grumoso.<\/p>\n<p>Densidad: aproximadamente 6,82 g\/cm\u00b3.<\/p>\n<p>Punto de fusi\u00f3n: Relativamente alto, alrededor de 710 \u00b0C.<\/p>\n<p>Conductividad: Como material semiconductor, el objetivo Bi\u2082Se\u2083 tiene buena conductividad bajo ciertas condiciones.<\/p>\n<h3>\u00c1reas de aplicaci\u00f3n:<\/h3>\n<p>Electr\u00f3nica: Debido a sus propiedades aislantes topol\u00f3gicas \u00fanicas, los objetivos de seleniuro de bismuto se pueden utilizar para preparar nuevos dispositivos electr\u00f3nicos como transistores topol\u00f3gicos y dispositivos espintr\u00f3nicos.<\/p>\n<p>Campo \u00f3ptico: El seleniuro de bismuto se puede utilizar para preparar dispositivos \u00f3pticos, como detectores infrarrojos, moduladores de luz, etc. Tiene una buena respuesta \u00f3ptica en la banda infrarroja, lo que hace que tenga un cierto potencial de aplicaci\u00f3n en el campo de la \u00f3ptica infrarroja.<\/p>\n<p>Preparaci\u00f3n de pel\u00edculas delgadas: A trav\u00e9s de la pulverizaci\u00f3n cat\u00f3dica con magnetr\u00f3n y otras t\u00e9cnicas de recubrimiento, los objetivos de Bi\u2082Se\u2083 se pueden usar para preparar pel\u00edculas delgadas de Bi\u2082Se\u2083 en una variedad de sustratos, que tienen una amplia gama de aplicaciones en el campo de la electr\u00f3nica, la \u00f3ptica y otros campos.<\/p>\n<p>Investigaci\u00f3n cient\u00edfica: Como un nuevo tipo de material funcional, el objetivo Bi\u2082Se\u2083 se usa ampliamente en la investigaci\u00f3n b\u00e1sica en ciencia de materiales, f\u00edsica y otros campos de investigaci\u00f3n cient\u00edfica para explorar sus propiedades f\u00edsicas \u00fanicas y su valor de aplicaci\u00f3n potencial.<\/p>\n","protected":false},"excerpt":{"rendered":"<p>Los blancos de seleniuro de bismuto son un material importante con una amplia gama de aplicaciones en varios campos.<\/p>\n<p>Electr\u00f3nica: Debido a sus propiedades aislantes topol\u00f3gicas \u00fanicas, los objetivos de seleniuro de bismuto se pueden utilizar para preparar nuevos dispositivos electr\u00f3nicos como transistores topol\u00f3gicos y dispositivos espintr\u00f3nicos.<\/p>\n<p>Campo \u00f3ptico: El seleniuro de bismuto se puede utilizar para preparar dispositivos \u00f3pticos, como detectores infrarrojos, moduladores de luz, etc. Tiene una buena respuesta \u00f3ptica en la banda infrarroja, lo que hace que tenga un cierto potencial de aplicaci\u00f3n en el campo de la \u00f3ptica infrarroja.<\/p>\n<p>&nbsp;<\/p>\n","protected":false},"featured_media":1033627,"comment_status":"open","ping_status":"closed","template":"","meta":{"_acf_changed":false},"product_brand":[],"product_cat":[178],"product_tag":[],"class_list":{"0":"post-1026216","1":"product","2":"type-product","3":"status-publish","4":"has-post-thumbnail","6":"product_cat-catodos-para-sputtering-planar","8":"first","9":"instock","10":"shipping-taxable","11":"product-type-variable"},"acf":[],"_links":{"self":[{"href":"https:\/\/vimaterial.de\/es\/wp-json\/wp\/v2\/product\/1026216","targetHints":{"allow":["GET"]}}],"collection":[{"href":"https:\/\/vimaterial.de\/es\/wp-json\/wp\/v2\/product"}],"about":[{"href":"https:\/\/vimaterial.de\/es\/wp-json\/wp\/v2\/types\/product"}],"replies":[{"embeddable":true,"href":"https:\/\/vimaterial.de\/es\/wp-json\/wp\/v2\/comments?post=1026216"}],"wp:featuredmedia":[{"embeddable":true,"href":"https:\/\/vimaterial.de\/es\/wp-json\/wp\/v2\/media\/1033627"}],"wp:attachment":[{"href":"https:\/\/vimaterial.de\/es\/wp-json\/wp\/v2\/media?parent=1026216"}],"wp:term":[{"taxonomy":"product_brand","embeddable":true,"href":"https:\/\/vimaterial.de\/es\/wp-json\/wp\/v2\/product_brand?post=1026216"},{"taxonomy":"product_cat","embeddable":true,"href":"https:\/\/vimaterial.de\/es\/wp-json\/wp\/v2\/product_cat?post=1026216"},{"taxonomy":"product_tag","embeddable":true,"href":"https:\/\/vimaterial.de\/es\/wp-json\/wp\/v2\/product_tag?post=1026216"}],"curies":[{"name":"wp","href":"https:\/\/api.w.org\/{rel}","templated":true}]}}