{"id":1026203,"date":"2024-06-17T15:56:46","date_gmt":"2024-06-17T07:56:46","guid":{"rendered":"https:\/\/vimaterial.de\/product\/telururo-de-bismuto-iii-3\/"},"modified":"2024-10-25T15:07:35","modified_gmt":"2024-10-25T07:07:35","slug":"telururo-de-bismuto-iii-3","status":"publish","type":"product","link":"https:\/\/vimaterial.de\/es\/product\/telururo-de-bismuto-iii-3\/","title":{"rendered":"Bismuto (III) Telururo"},"content":{"rendered":"<p>El polvo de teluro de bismuto es un material semiconductor importante con propiedades fisicoqu\u00edmicas \u00fanicas y una amplia gama de aplicaciones.<\/p>\n<h3>Informaci\u00f3n b\u00e1sica:<\/h3>\n<p>Composici\u00f3n qu\u00edmica: Est\u00e1 compuesto por dos elementos, bismuto (Bi) y telurio (Te), en una proporci\u00f3n de 2:3.<\/p>\n<p>Estructura cristalina: pertenece al sistema cristalino triangular, con estructura de capas, esta estructura hace que el material tenga propiedades f\u00edsicas anisotr\u00f3picas en algunas direcciones.<\/p>\n<p>Peso molecular: aproximadamente 800,76.<\/p>\n<p>Aspecto: generalmente un polvo gris.<\/p>\n<p>Densidad: Relativamente alta, aprox. 7,642 &#8211; 7,8587 g\/cm\u00b3.<\/p>\n<p>Punto de fusi\u00f3n: aprox. 575 &#8211; 585\u00b0C.<\/p>\n<h3>Propiedades qu\u00edmicas:<\/h3>\n<p>Estabilidad: es m\u00e1s estable a temperatura y presi\u00f3n ambiente, pero en algunos entornos qu\u00edmicos espec\u00edficos, como \u00e1cidos y bases fuertes, pueden ocurrir reacciones qu\u00edmicas.<\/p>\n<p>Solubilidad: soluble en etanol, insoluble en agua.<\/p>\n<h3>Campo de aplicaci\u00f3n:<\/h3>\n<p>Campo termoel\u00e9ctrico: es uno de los materiales termoel\u00e9ctricos a temperatura ambiente de mejor rendimiento disponibles y se puede utilizar para fabricar dispositivos de generaci\u00f3n de energ\u00eda termoel\u00e9ctrica y equipos electr\u00f3nicos de refrigeraci\u00f3n. Por ejemplo, se puede aplicar a enfriadores peque\u00f1os, disipadores de calor para dispositivos electr\u00f3nicos y dispositivos de control de temperatura en algunos entornos especiales.<\/p>\n<p>Campo del sensor de temperatura: Telururo de bismuto Debido a su sensibilidad a los cambios de temperatura, se puede utilizar para fabricar sensores de temperatura de alta precisi\u00f3n, que tienen aplicaciones importantes en producci\u00f3n industrial, equipos m\u00e9dicos, monitoreo ambiental y otros campos.<\/p>\n<p>Campo de fotodetector: se puede utilizar para fabricar detectores termoel\u00e9ctricos de luz infrarroja de onda larga, que desempe\u00f1an un papel en im\u00e1genes infrarrojas, monitoreo de seguridad, aeroespacial y otros campos.<\/p>\n","protected":false},"excerpt":{"rendered":"<p>El polvo de teluro de bismuto es un material semiconductor importante con propiedades fisicoqu\u00edmicas \u00fanicas y una amplia gama de aplicaciones.<\/p>\n<p>Campo termoel\u00e9ctrico: El telururo de bismuto es uno de los materiales termoel\u00e9ctricos a temperatura ambiente de mejor rendimiento disponibles y se puede utilizar para fabricar dispositivos de generaci\u00f3n de energ\u00eda termoel\u00e9ctrica y equipos de refrigeraci\u00f3n electr\u00f3nica. Por ejemplo, se puede aplicar a enfriadores peque\u00f1os, disipadores de calor para dispositivos electr\u00f3nicos y dispositivos de control de temperatura en algunos entornos especiales.<\/p>\n<p>Campo del sensor de temperatura: Telururo de bismuto Debido a su sensibilidad a los cambios de temperatura, se puede utilizar para fabricar sensores de temperatura de alta precisi\u00f3n, que tienen aplicaciones importantes en producci\u00f3n industrial, equipos m\u00e9dicos, monitoreo ambiental y otros campos.<\/p>\n","protected":false},"featured_media":1033637,"comment_status":"open","ping_status":"closed","template":"","meta":{"_acf_changed":false},"product_brand":[],"product_cat":[181],"product_tag":[],"class_list":{"0":"post-1026203","1":"product","2":"type-product","3":"status-publish","4":"has-post-thumbnail","6":"product_cat-materiales-calcogenuros","8":"first","9":"instock","10":"shipping-taxable","11":"purchasable","12":"product-type-variable"},"acf":[],"_links":{"self":[{"href":"https:\/\/vimaterial.de\/es\/wp-json\/wp\/v2\/product\/1026203","targetHints":{"allow":["GET"]}}],"collection":[{"href":"https:\/\/vimaterial.de\/es\/wp-json\/wp\/v2\/product"}],"about":[{"href":"https:\/\/vimaterial.de\/es\/wp-json\/wp\/v2\/types\/product"}],"replies":[{"embeddable":true,"href":"https:\/\/vimaterial.de\/es\/wp-json\/wp\/v2\/comments?post=1026203"}],"wp:featuredmedia":[{"embeddable":true,"href":"https:\/\/vimaterial.de\/es\/wp-json\/wp\/v2\/media\/1033637"}],"wp:attachment":[{"href":"https:\/\/vimaterial.de\/es\/wp-json\/wp\/v2\/media?parent=1026203"}],"wp:term":[{"taxonomy":"product_brand","embeddable":true,"href":"https:\/\/vimaterial.de\/es\/wp-json\/wp\/v2\/product_brand?post=1026203"},{"taxonomy":"product_cat","embeddable":true,"href":"https:\/\/vimaterial.de\/es\/wp-json\/wp\/v2\/product_cat?post=1026203"},{"taxonomy":"product_tag","embeddable":true,"href":"https:\/\/vimaterial.de\/es\/wp-json\/wp\/v2\/product_tag?post=1026203"}],"curies":[{"name":"wp","href":"https:\/\/api.w.org\/{rel}","templated":true}]}}