{"id":1026191,"date":"2024-06-17T15:56:46","date_gmt":"2024-06-17T07:56:46","guid":{"rendered":"https:\/\/vimaterial.de\/product\/telururo-de-bismuto-iii-2\/"},"modified":"2024-10-25T14:49:27","modified_gmt":"2024-10-25T06:49:27","slug":"telururo-de-bismuto-iii-2","status":"publish","type":"product","link":"https:\/\/vimaterial.de\/es\/product\/telururo-de-bismuto-iii-2\/","title":{"rendered":"Bismuto (III) Telururo"},"content":{"rendered":"<p>Las part\u00edculas de Bi\u2082Te\u2083 son un material funcional importante con propiedades fisicoqu\u00edmicas \u00fanicas y una amplia gama de aplicaciones.<\/p>\n<h3>Informaci\u00f3n b\u00e1sica:<\/h3>\n<p>Composici\u00f3n qu\u00edmica: Est\u00e1 compuesto por dos elementos, bismuto (Bi) y telurio (Te), en una proporci\u00f3n de 2:3.<\/p>\n<p>Estructura cristalina: Pertenece al sistema cristalino tripartito y tiene una estructura en capas, lo que hace que las part\u00edculas de Bi\u2082Te\u2083 tengan propiedades f\u00edsicas anisotr\u00f3picas en algunas direcciones.<\/p>\n<p>Peso molecular: alrededor de 800.76.<\/p>\n<p>Aspecto: generalmente part\u00edculas polvorientas grises.<\/p>\n<p>Densidad: Relativamente alta, aproximadamente 7.642 g\/cm\u00b3.<\/p>\n<p>Punto de fusi\u00f3n: Relativamente bajo, aproximadamente 585 \u00b0C.<\/p>\n<h3>Propiedades qu\u00edmicas:<\/h3>\n<p>Estabilidad: es m\u00e1s estable a temperatura y presi\u00f3n ambiente, pero en algunos entornos qu\u00edmicos espec\u00edficos, como \u00e1cidos y bases fuertes, pueden ocurrir reacciones qu\u00edmicas.<\/p>\n<p>Propiedad redox: los elementos bismuto y telurio que contiene tienen cierta actividad redox y pueden participar en algunas reacciones redox.<\/p>\n<h3>\u00c1reas de aplicaci\u00f3n:<\/h3>\n<p>Campo termoel\u00e9ctrico: Las part\u00edculas de teluro de bismuto son actualmente uno de los materiales termoel\u00e9ctricos de mejor rendimiento cerca de la temperatura ambiente y se pueden utilizar para fabricar generadores de energ\u00eda termoel\u00e9ctrica y dispositivos electr\u00f3nicos de refrigeraci\u00f3n.<\/p>\n<p>Campo \u00f3ptico: Debido a la amplia gama de respuesta a la luz, desde el ultravioleta hasta el infrarrojo lejano, las part\u00edculas de Bi\u2082Te\u2083 se pueden utilizar para fabricar fotodetectores, que se utilizan ampliamente en los campos de detecci\u00f3n de llamas, an\u00e1lisis espectral y observaci\u00f3n astron\u00f3mica.<\/p>\n<p>Campo aislante topol\u00f3gico: El telururo de bismuto es un representante t\u00edpico de los aislantes topol\u00f3gicos, que es aislante en el interior y metalmente conductor en la superficie, una propiedad que lo hace potencialmente \u00fatil en la computaci\u00f3n cu\u00e1ntica y los dispositivos electr\u00f3nicos de alto rendimiento.<\/p>\n","protected":false},"excerpt":{"rendered":"<p>Las part\u00edculas de telururo de bismuto son un material funcional importante con propiedades fisicoqu\u00edmicas \u00fanicas y una amplia gama de aplicaciones.<\/p>\n<p>Campo termoel\u00e9ctrico: Las part\u00edculas de teluro de bismuto son actualmente uno de los materiales termoel\u00e9ctricos de mejor rendimiento cerca de la temperatura ambiente y se pueden utilizar para fabricar generadores de energ\u00eda termoel\u00e9ctrica y dispositivos electr\u00f3nicos de refrigeraci\u00f3n.<\/p>\n<p>Campo \u00f3ptico: Debido a la amplia gama de respuesta a la luz, desde el ultravioleta hasta el infrarrojo lejano, las part\u00edculas de Bi\u2082Te\u2083 se pueden utilizar para fabricar fotodetectores, que se utilizan ampliamente en los campos de detecci\u00f3n de llamas, an\u00e1lisis espectral y observaci\u00f3n astron\u00f3mica.<\/p>\n","protected":false},"featured_media":1033632,"comment_status":"open","ping_status":"closed","template":"","meta":{"_acf_changed":false},"product_brand":[],"product_cat":[179],"product_tag":[],"class_list":{"0":"post-1026191","1":"product","2":"type-product","3":"status-publish","4":"has-post-thumbnail","6":"product_cat-materiales-de-evaporacion","8":"first","9":"instock","10":"shipping-taxable","11":"product-type-variable"},"acf":[],"_links":{"self":[{"href":"https:\/\/vimaterial.de\/es\/wp-json\/wp\/v2\/product\/1026191","targetHints":{"allow":["GET"]}}],"collection":[{"href":"https:\/\/vimaterial.de\/es\/wp-json\/wp\/v2\/product"}],"about":[{"href":"https:\/\/vimaterial.de\/es\/wp-json\/wp\/v2\/types\/product"}],"replies":[{"embeddable":true,"href":"https:\/\/vimaterial.de\/es\/wp-json\/wp\/v2\/comments?post=1026191"}],"wp:featuredmedia":[{"embeddable":true,"href":"https:\/\/vimaterial.de\/es\/wp-json\/wp\/v2\/media\/1033632"}],"wp:attachment":[{"href":"https:\/\/vimaterial.de\/es\/wp-json\/wp\/v2\/media?parent=1026191"}],"wp:term":[{"taxonomy":"product_brand","embeddable":true,"href":"https:\/\/vimaterial.de\/es\/wp-json\/wp\/v2\/product_brand?post=1026191"},{"taxonomy":"product_cat","embeddable":true,"href":"https:\/\/vimaterial.de\/es\/wp-json\/wp\/v2\/product_cat?post=1026191"},{"taxonomy":"product_tag","embeddable":true,"href":"https:\/\/vimaterial.de\/es\/wp-json\/wp\/v2\/product_tag?post=1026191"}],"curies":[{"name":"wp","href":"https:\/\/api.w.org\/{rel}","templated":true}]}}