{"id":1026170,"date":"2024-06-17T15:56:47","date_gmt":"2024-06-17T07:56:47","guid":{"rendered":"https:\/\/vimaterial.de\/product\/oxido-de-bismuto-y-germanio-bgo-2\/"},"modified":"2024-10-25T11:13:24","modified_gmt":"2024-10-25T03:13:24","slug":"oxido-de-bismuto-y-germanio-bgo-2","status":"publish","type":"product","link":"https:\/\/vimaterial.de\/es\/product\/oxido-de-bismuto-y-germanio-bgo-2\/","title":{"rendered":"\u00d3xido de germanio y bismuto (BGO)"},"content":{"rendered":"<p>El polvo de \u00f3xido de bismuto y germanio es un material funcional importante.<\/p>\n<h3>Informaci\u00f3n b\u00e1sica:<\/h3>\n<p>F\u00f3rmula qu\u00edmica: Bi\u2084Ge\u2083O\u2081\u2082.<\/p>\n<p>Peso molecular: 1245,83 g\/mol.<\/p>\n<p>N\u00ba CAS: 12233-56-6.<\/p>\n<p>Aspecto: generalmente polvo blanco o blanquecino. En estado cristalino, es un cristal transparente incoloro.<\/p>\n<p>Punto de fusi\u00f3n: 1050 \u00b0C, con alto punto de fusi\u00f3n.<\/p>\n<p>Densidad: 7,13 g\/cm\u00b3.<\/p>\n<p>Estructura cristalina: pertenece al sistema cristalino c\u00fabico, esta estructura cristalina determina sus propiedades f\u00edsicas isotr\u00f3picas.<\/p>\n<h3>Propiedades qu\u00edmicas:<\/h3>\n<p>Estabilidad: Es m\u00e1s estable a temperatura y presi\u00f3n ambiente, pero en algunos entornos qu\u00edmicos especiales, como condiciones \u00e1cidas y alcalinas fuertes, pueden ocurrir reacciones qu\u00edmicas.<\/p>\n<p>Propiedades oxidantes: los elementos bismuto y germanio que contiene tienen ciertas propiedades oxidantes y pueden participar como agentes oxidantes en algunas reacciones.<\/p>\n<h3>\u00c1reas de aplicaci\u00f3n:<\/h3>\n<p>Detecci\u00f3n de radiaci\u00f3n: Debido a sus excelentes propiedades de centelleo, el polvo de \u00f3xido de germanio y bismuto se usa ampliamente en detectores de radiaci\u00f3n en los campos de f\u00edsica de part\u00edculas, f\u00edsica aeroespacial, medicina nuclear, exploraci\u00f3n geol\u00f3gica, etc., y puede detectar eficazmente part\u00edculas de alta energ\u00eda y rayos de alta energ\u00eda.<\/p>\n<p>Im\u00e1genes m\u00e9dicas: En los dispositivos de im\u00e1genes m\u00e9dicas, como los detectores de tomograf\u00eda por emisi\u00f3n de positrones (PET), los cristales de Bi\u2084Ge\u2083O\u2081\u2082 o los materiales preparados a partir de sus polvos pueden convertir la radiaci\u00f3n en luz visible o se\u00f1ales el\u00e9ctricas, lo que permite obtener im\u00e1genes de la estructura interna y la funci\u00f3n del cuerpo humano.<\/p>\n<p>Investigaci\u00f3n en f\u00edsica de alta energ\u00eda: En experimentos de f\u00edsica de alta energ\u00eda, se utiliza para detectar y estudiar las propiedades e interacciones de varias part\u00edculas de alta energ\u00eda, proporcionando datos experimentales importantes para el estudio de la f\u00edsica.<\/p>\n","protected":false},"excerpt":{"rendered":"<p>El polvo de \u00f3xido de bismuto y germanio es un material funcional importante.<\/p>\n<p>Detecci\u00f3n de radiaci\u00f3n: Debido a sus excelentes propiedades de centelleo, el polvo de \u00f3xido de germanio y bismuto se usa ampliamente en detectores de radiaci\u00f3n en los campos de f\u00edsica de part\u00edculas, f\u00edsica aeroespacial, medicina nuclear, exploraci\u00f3n geol\u00f3gica, etc., y puede detectar eficazmente part\u00edculas de alta energ\u00eda y rayos de alta energ\u00eda.<\/p>\n<p>Im\u00e1genes m\u00e9dicas: En los dispositivos de im\u00e1genes m\u00e9dicas, como los detectores de tomograf\u00eda por emisi\u00f3n de positrones (PET), los cristales de Bi\u2084Ge\u2083O\u2081\u2082 o los materiales preparados a partir de sus polvos pueden convertir la radiaci\u00f3n en luz visible o se\u00f1ales el\u00e9ctricas, lo que permite obtener im\u00e1genes de la estructura interna y la funci\u00f3n del cuerpo humano.<\/p>\n","protected":false},"featured_media":1033647,"comment_status":"open","ping_status":"closed","template":"","meta":{"_acf_changed":false},"product_brand":[],"product_cat":[187],"product_tag":[],"class_list":{"0":"post-1026170","1":"product","2":"type-product","3":"status-publish","4":"has-post-thumbnail","6":"product_cat-otros-materiales","8":"first","9":"instock","10":"shipping-taxable","11":"product-type-variable"},"acf":[],"_links":{"self":[{"href":"https:\/\/vimaterial.de\/es\/wp-json\/wp\/v2\/product\/1026170","targetHints":{"allow":["GET"]}}],"collection":[{"href":"https:\/\/vimaterial.de\/es\/wp-json\/wp\/v2\/product"}],"about":[{"href":"https:\/\/vimaterial.de\/es\/wp-json\/wp\/v2\/types\/product"}],"replies":[{"embeddable":true,"href":"https:\/\/vimaterial.de\/es\/wp-json\/wp\/v2\/comments?post=1026170"}],"wp:featuredmedia":[{"embeddable":true,"href":"https:\/\/vimaterial.de\/es\/wp-json\/wp\/v2\/media\/1033647"}],"wp:attachment":[{"href":"https:\/\/vimaterial.de\/es\/wp-json\/wp\/v2\/media?parent=1026170"}],"wp:term":[{"taxonomy":"product_brand","embeddable":true,"href":"https:\/\/vimaterial.de\/es\/wp-json\/wp\/v2\/product_brand?post=1026170"},{"taxonomy":"product_cat","embeddable":true,"href":"https:\/\/vimaterial.de\/es\/wp-json\/wp\/v2\/product_cat?post=1026170"},{"taxonomy":"product_tag","embeddable":true,"href":"https:\/\/vimaterial.de\/es\/wp-json\/wp\/v2\/product_tag?post=1026170"}],"curies":[{"name":"wp","href":"https:\/\/api.w.org\/{rel}","templated":true}]}}