{"id":1026162,"date":"2024-06-17T15:56:47","date_gmt":"2024-06-17T07:56:47","guid":{"rendered":"https:\/\/vimaterial.de\/product\/telururo-de-bismuto-iii\/"},"modified":"2024-10-25T10:57:04","modified_gmt":"2024-10-25T02:57:04","slug":"telururo-de-bismuto-iii","status":"publish","type":"product","link":"https:\/\/vimaterial.de\/es\/product\/telururo-de-bismuto-iii\/","title":{"rendered":"Bismuto (III) Telururo"},"content":{"rendered":"<p>El objetivo de telururo de bismuto es un objetivo importante de material semiconductor.<\/p>\n<h3>Informaci\u00f3n b\u00e1sica:<\/h3>\n<p>F\u00f3rmula qu\u00edmica: Bi\u2082Te\u2083.<\/p>\n<p>Peso molecular: 800,76 g\/mol.<\/p>\n<p>N\u00ba CAS: 1304-82-1.<\/p>\n<p>Aspecto: generalmente hoja s\u00f3lida gris o objetivo redondo.<\/p>\n<p>Punto de fusi\u00f3n: 585\u00b0C.<\/p>\n<p>Densidad: 7.642 g\/cm\u00b3.<\/p>\n<p>Estructura cristalina: con estructura estratificada.<\/p>\n<h3>Propiedades qu\u00edmicas:<\/h3>\n<p>Estabilidad: es relativamente estable a temperatura y presi\u00f3n ambiente, pero puede reaccionar qu\u00edmicamente en condiciones de alta temperatura y fuertes agentes oxidantes.<\/p>\n<p>Reactividad: puede reaccionar con algunos \u00e1cidos y bases, y se debe tener cuidado para evitar el contacto con estas sustancias durante la preparaci\u00f3n y el uso.<\/p>\n<h3>\u00c1reas de aplicaci\u00f3n:<\/h3>\n<p>Campo termoel\u00e9ctrico: El teluro de bismuto es un tipo de material termoel\u00e9ctrico con un excelente rendimiento, utilizando su efecto Seebeck y efecto Peltier, puede convertir el calor y la electricidad entre s\u00ed.<\/p>\n<p>Campo semiconductor: Se puede utilizar para preparar dispositivos semiconductores, como diodos y transistores. Su estructura electr\u00f3nica \u00fanica y sus propiedades semiconductoras hacen que tenga cierto potencial de aplicaci\u00f3n en el campo de la electr\u00f3nica de semiconductores.<\/p>\n<p>Preparaci\u00f3n de pel\u00edculas delgadas: Las pel\u00edculas delgadas de teluro de bismuto se preparan utilizando objetivos Bi\u2082Te\u2083 mediante pulverizaci\u00f3n cat\u00f3dica con magnetr\u00f3n, evaporaci\u00f3n por haz de electrones y otras t\u00e9cnicas de recubrimiento, y estas pel\u00edculas tienen una amplia gama de aplicaciones en los campos de la \u00f3ptica y la electr\u00f3nica, como detectores infrarrojos, dispositivos optoelectr\u00f3nicos, etc.<\/p>\n","protected":false},"excerpt":{"rendered":"<p>El objetivo de telururo de bismuto es un objetivo importante de material semiconductor.<\/p>\n<p>Campo termoel\u00e9ctrico: Bi\u2082Te\u2083 es un tipo de material termoel\u00e9ctrico con un excelente rendimiento, utilizando su efecto Seebeck y efecto Peltier, puede convertir el calor y la electricidad entre s\u00ed.<\/p>\n<p>Campo semiconductor: Se puede utilizar para preparar dispositivos semiconductores, como diodos y transistores. Su estructura electr\u00f3nica \u00fanica y sus propiedades semiconductoras hacen que tenga cierto potencial de aplicaci\u00f3n en el campo de la electr\u00f3nica de semiconductores.<\/p>\n<p>&nbsp;<\/p>\n","protected":false},"featured_media":1033642,"comment_status":"open","ping_status":"closed","template":"","meta":{"_acf_changed":false},"product_brand":[],"product_cat":[178],"product_tag":[],"class_list":{"0":"post-1026162","1":"product","2":"type-product","3":"status-publish","4":"has-post-thumbnail","6":"product_cat-catodos-para-sputtering-planar","8":"first","9":"instock","10":"shipping-taxable","11":"purchasable","12":"product-type-variable"},"acf":[],"_links":{"self":[{"href":"https:\/\/vimaterial.de\/es\/wp-json\/wp\/v2\/product\/1026162","targetHints":{"allow":["GET"]}}],"collection":[{"href":"https:\/\/vimaterial.de\/es\/wp-json\/wp\/v2\/product"}],"about":[{"href":"https:\/\/vimaterial.de\/es\/wp-json\/wp\/v2\/types\/product"}],"replies":[{"embeddable":true,"href":"https:\/\/vimaterial.de\/es\/wp-json\/wp\/v2\/comments?post=1026162"}],"wp:featuredmedia":[{"embeddable":true,"href":"https:\/\/vimaterial.de\/es\/wp-json\/wp\/v2\/media\/1033642"}],"wp:attachment":[{"href":"https:\/\/vimaterial.de\/es\/wp-json\/wp\/v2\/media?parent=1026162"}],"wp:term":[{"taxonomy":"product_brand","embeddable":true,"href":"https:\/\/vimaterial.de\/es\/wp-json\/wp\/v2\/product_brand?post=1026162"},{"taxonomy":"product_cat","embeddable":true,"href":"https:\/\/vimaterial.de\/es\/wp-json\/wp\/v2\/product_cat?post=1026162"},{"taxonomy":"product_tag","embeddable":true,"href":"https:\/\/vimaterial.de\/es\/wp-json\/wp\/v2\/product_tag?post=1026162"}],"curies":[{"name":"wp","href":"https:\/\/api.w.org\/{rel}","templated":true}]}}