{"id":1026136,"date":"2024-06-17T15:56:47","date_gmt":"2024-06-17T07:56:47","guid":{"rendered":"https:\/\/vimaterial.de\/product\/oxido-de-bismuto-y-germanio-bgo\/"},"modified":"2024-10-25T11:40:39","modified_gmt":"2024-10-25T03:40:39","slug":"oxido-de-bismuto-y-germanio-bgo","status":"publish","type":"product","link":"https:\/\/vimaterial.de\/es\/product\/oxido-de-bismuto-y-germanio-bgo\/","title":{"rendered":"\u00d3xido de germanio y bismuto (BGO)"},"content":{"rendered":"<p>\u00d3xido de germanio y bismuto\u00a0es un objetivo de material funcional importante.<\/p>\n<h3>Informaci\u00f3n b\u00e1sica:<\/h3>\n<p>F\u00f3rmula qu\u00edmica: Bi\u2084Ge\u2083O\u2081\u2082. Estructura cristalina: con estructura<br \/>\ncristalina de ewerita c\u00fabica Aspecto: generalmente en escamas s\u00f3lidas u objetivo redondo, generalmente de color blanquecino o amarillo claro.<\/p>\n<h3>Propiedades qu\u00edmicas:<\/h3>\n<p>Estabilidad: es relativamente estable a temperatura y presi\u00f3n ambiente, pero en algunos entornos qu\u00edmicos especiales, como \u00e1cidos y bases fuertes, pueden producirse reacciones qu\u00edmicas.<\/p>\n<p>Propiedades oxidantes: los elementos bismuto y germanio que contienen tienen ciertas propiedades oxidantes y pueden participar como agentes oxidantes en algunas reacciones, pero en el proceso de aplicaci\u00f3n del objetivo, dichas propiedades oxidantes no suelen tener un impacto negativo en su rendimiento.<\/p>\n<h3>Campo de aplicaci\u00f3n:<\/h3>\n<p>Campo \u00f3ptico: \u00d3xido de germanio y bismuto es capaz de emitir fluorescencia verde bajo la acci\u00f3n de part\u00edculas de alta energ\u00eda o rayos de alta energ\u00eda (por ejemplo, rayos \u03b2 y rayos X), sus objetivos se pueden utilizar para la preparaci\u00f3n de pel\u00edculas \u00f3pticas, que se utilizan, por ejemplo, en materiales centelleadores y pantallas fluorescentes.<\/p>\n<p>Campo de semiconductores: se puede utilizar en la fabricaci\u00f3n de dispositivos semiconductores, como circuitos integrados, dispositivos optoelectr\u00f3nicos y otros aspectos del proceso de deposici\u00f3n de pel\u00edcula delgada, como material objetivo de pulverizaci\u00f3n cat\u00f3dica para preparar pel\u00edculas con funciones espec\u00edficas, estas pel\u00edculas pueden mejorar el rendimiento de los dispositivos semiconductores.<\/p>\n<p>Electr\u00f3nica: En el campo de la electr\u00f3nica, los objetivos Bi\u2084Ge\u2083O\u2081\u2082 se pueden utilizar en la preparaci\u00f3n de capas aislantes o protectoras para componentes electr\u00f3nicos para mejorar el rendimiento y la fiabilidad de los componentes electr\u00f3nicos.<\/p>\n","protected":false},"excerpt":{"rendered":"<p>\u00d3xido de germanio y bismuto\u00a0es un objetivo de material funcional importante.<\/p>\n<p>Campo \u00f3ptico: \u00d3xido de germanio y bismuto es capaz de emitir fluorescencia verde bajo la acci\u00f3n de part\u00edculas de alta energ\u00eda o rayos de alta energ\u00eda (por ejemplo, rayos \u03b2 y rayos X), sus objetivos se pueden utilizar para la preparaci\u00f3n de pel\u00edculas \u00f3pticas, que se utilizan, por ejemplo, en materiales centelleadores y pantallas fluorescentes.<\/p>\n<p>Campo de semiconductores: se puede utilizar en la fabricaci\u00f3n de dispositivos semiconductores, como circuitos integrados, dispositivos optoelectr\u00f3nicos y otros aspectos del proceso de deposici\u00f3n de pel\u00edcula delgada, como material objetivo de pulverizaci\u00f3n cat\u00f3dica para preparar pel\u00edculas con funciones espec\u00edficas, estas pel\u00edculas pueden mejorar el rendimiento de los dispositivos semiconductores.<\/p>\n","protected":false},"featured_media":1033652,"comment_status":"open","ping_status":"closed","template":"","meta":{"_acf_changed":false},"product_brand":[],"product_cat":[178],"product_tag":[],"class_list":{"0":"post-1026136","1":"product","2":"type-product","3":"status-publish","4":"has-post-thumbnail","6":"product_cat-catodos-para-sputtering-planar","8":"first","9":"instock","10":"shipping-taxable","11":"product-type-variable"},"acf":[],"_links":{"self":[{"href":"https:\/\/vimaterial.de\/es\/wp-json\/wp\/v2\/product\/1026136","targetHints":{"allow":["GET"]}}],"collection":[{"href":"https:\/\/vimaterial.de\/es\/wp-json\/wp\/v2\/product"}],"about":[{"href":"https:\/\/vimaterial.de\/es\/wp-json\/wp\/v2\/types\/product"}],"replies":[{"embeddable":true,"href":"https:\/\/vimaterial.de\/es\/wp-json\/wp\/v2\/comments?post=1026136"}],"wp:featuredmedia":[{"embeddable":true,"href":"https:\/\/vimaterial.de\/es\/wp-json\/wp\/v2\/media\/1033652"}],"wp:attachment":[{"href":"https:\/\/vimaterial.de\/es\/wp-json\/wp\/v2\/media?parent=1026136"}],"wp:term":[{"taxonomy":"product_brand","embeddable":true,"href":"https:\/\/vimaterial.de\/es\/wp-json\/wp\/v2\/product_brand?post=1026136"},{"taxonomy":"product_cat","embeddable":true,"href":"https:\/\/vimaterial.de\/es\/wp-json\/wp\/v2\/product_cat?post=1026136"},{"taxonomy":"product_tag","embeddable":true,"href":"https:\/\/vimaterial.de\/es\/wp-json\/wp\/v2\/product_tag?post=1026136"}],"curies":[{"name":"wp","href":"https:\/\/api.w.org\/{rel}","templated":true}]}}