{"id":1026119,"date":"2024-06-17T15:56:48","date_gmt":"2024-06-17T07:56:48","guid":{"rendered":"https:\/\/vimaterial.de\/product\/oxido-de-bismuto-y-titanio-2\/"},"modified":"2024-10-25T09:38:59","modified_gmt":"2024-10-25T01:38:59","slug":"oxido-de-bismuto-y-titanio-2","status":"publish","type":"product","link":"https:\/\/vimaterial.de\/es\/product\/oxido-de-bismuto-y-titanio-2\/","title":{"rendered":"\u00d3xido de bismuto y titanio"},"content":{"rendered":"<p>\u00d3xido de bismuto y titanio\u00a0es un material funcional importante.<\/p>\n<h3>Informaci\u00f3n b\u00e1sica:<\/h3>\n<p>F\u00f3rmula qu\u00edmica: Bi\u2084Ti\u2083O\u2081\u2082, que consta de tres elementos: bismuto (Bi), titanio (Ti) y ox\u00edgeno (O).<\/p>\n<p>Peso molecular: 1171.53.<\/p>\n<p>Estructura cristalina: pertenece a la estructura octa\u00e9drica aer\u00f3bica en capas que contiene bismuto.<\/p>\n<p>Aspecto: generalmente polvo blanco o blanquecino.<\/p>\n<p>Densidad: La densidad relativa es alta, alrededor de 9,03 g\/cm\u00b3.<\/p>\n<p>Punto de fusi\u00f3n: El material tiene un alto punto de fusi\u00f3n y tiene buena estabilidad a altas temperaturas.<\/p>\n<p>Solubilidad: dif\u00edcil de disolver en agua.<\/p>\n<h3>\u00c1reas de aplicaci\u00f3n:<\/h3>\n<p>Materiales ferroel\u00e9ctricos: \u00d3xido de bismuto y titanio es un material ferroel\u00e9ctrico t\u00edpico con fuertes valores de polarizaci\u00f3n espont\u00e1nea y estructuras de pared de dominio m\u00faltiple cuando se encuentra en la fase ferroel\u00e9ctrica, que se puede utilizar para preparar memoria ferroel\u00e9ctrica, condensadores y otros dispositivos electr\u00f3nicos.<\/p>\n<p>Campo fotocatal\u00edtico: tiene una buena actividad fotocatal\u00edtica bajo irradiaci\u00f3n de luz visible y se puede utilizar para degradar contaminantes org\u00e1nicos, fot\u00f3lisis del agua para producir hidr\u00f3geno, etc., lo que es de gran importancia para resolver los problemas de contaminaci\u00f3n ambiental y energ\u00eda.<\/p>\n<p>Campo \u00f3ptico: tiene efecto electro\u00f3ptico y efecto fotorrefractivo, es decir, el \u00edndice de refracci\u00f3n cambiar\u00e1 de manera reversible bajo la acci\u00f3n del campo el\u00e9ctrico o la luz, por lo que tiene un valor de aplicaci\u00f3n potencial en medios de grabaci\u00f3n reversibles, holograf\u00eda en tiempo real, procesamiento de im\u00e1genes y otras aplicaciones \u00f3pticas.<\/p>\n","protected":false},"excerpt":{"rendered":"<p>\u00d3xido de bismuto y titanio\u00a0es un material funcional importante.<\/p>\n<p>Materiales ferroel\u00e9ctricos: \u00d3xido de bismuto y titanio es un material ferroel\u00e9ctrico t\u00edpico con fuertes valores de polarizaci\u00f3n espont\u00e1nea y estructuras de pared de dominio m\u00faltiple cuando se encuentra en la fase ferroel\u00e9ctrica, que se puede utilizar para preparar memoria ferroel\u00e9ctrica, condensadores y otros dispositivos electr\u00f3nicos.<\/p>\n<p>Campo fotocatal\u00edtico: tiene una buena actividad fotocatal\u00edtica bajo irradiaci\u00f3n de luz visible y se puede utilizar para degradar contaminantes org\u00e1nicos, fot\u00f3lisis del agua para producir hidr\u00f3geno, etc., lo que es de gran importancia para resolver los problemas de contaminaci\u00f3n ambiental y energ\u00eda.<\/p>\n","protected":false},"featured_media":1033662,"comment_status":"open","ping_status":"closed","template":"","meta":{"_acf_changed":false},"product_brand":[],"product_cat":[178],"product_tag":[],"class_list":{"0":"post-1026119","1":"product","2":"type-product","3":"status-publish","4":"has-post-thumbnail","6":"product_cat-catodos-para-sputtering-planar","8":"first","9":"instock","10":"shipping-taxable","11":"product-type-variable"},"acf":[],"_links":{"self":[{"href":"https:\/\/vimaterial.de\/es\/wp-json\/wp\/v2\/product\/1026119","targetHints":{"allow":["GET"]}}],"collection":[{"href":"https:\/\/vimaterial.de\/es\/wp-json\/wp\/v2\/product"}],"about":[{"href":"https:\/\/vimaterial.de\/es\/wp-json\/wp\/v2\/types\/product"}],"replies":[{"embeddable":true,"href":"https:\/\/vimaterial.de\/es\/wp-json\/wp\/v2\/comments?post=1026119"}],"wp:featuredmedia":[{"embeddable":true,"href":"https:\/\/vimaterial.de\/es\/wp-json\/wp\/v2\/media\/1033662"}],"wp:attachment":[{"href":"https:\/\/vimaterial.de\/es\/wp-json\/wp\/v2\/media?parent=1026119"}],"wp:term":[{"taxonomy":"product_brand","embeddable":true,"href":"https:\/\/vimaterial.de\/es\/wp-json\/wp\/v2\/product_brand?post=1026119"},{"taxonomy":"product_cat","embeddable":true,"href":"https:\/\/vimaterial.de\/es\/wp-json\/wp\/v2\/product_cat?post=1026119"},{"taxonomy":"product_tag","embeddable":true,"href":"https:\/\/vimaterial.de\/es\/wp-json\/wp\/v2\/product_tag?post=1026119"}],"curies":[{"name":"wp","href":"https:\/\/api.w.org\/{rel}","templated":true}]}}