{"id":1026102,"date":"2024-06-17T15:56:48","date_gmt":"2024-06-17T07:56:48","guid":{"rendered":"https:\/\/vimaterial.de\/product\/cloruro-de-bismuto\/"},"modified":"2024-10-25T10:17:57","modified_gmt":"2024-10-25T02:17:57","slug":"cloruro-de-bismuto","status":"publish","type":"product","link":"https:\/\/vimaterial.de\/es\/product\/cloruro-de-bismuto\/","title":{"rendered":"Cloruro de bismuto"},"content":{"rendered":"<h3>Informaci\u00f3n b\u00e1sica:<\/h3>\n<p>F\u00f3rmula qu\u00edmica: BiCl\u2083.<\/p>\n<p>Peso molecular: 315,34 g\/mol.<\/p>\n<p>N\u00ba CAS: 7787-60-2.<\/p>\n<p>Aspecto: generalmente polvo cristalino blanco o ligeramente amarillento.<\/p>\n<p>Densidad: 4,75 g\/cm\u00b3.<\/p>\n<p>Punto de fusi\u00f3n: 230 &#8211; 232\u00b0C.<\/p>\n<p>Punto de ebullici\u00f3n: 447\u00b0C.<\/p>\n<p>Solubilidad: soluble en \u00e1cido clorh\u00eddrico, \u00e1cido n\u00edtrico, etanol anhidro, acetona y acetato de etilo.<\/p>\n<h3>Propiedades qu\u00edmicas:<\/h3>\n<p>Hidr\u00f3lisis: se delicuesca f\u00e1cilmente en el aire y sufrir\u00e1 una reacci\u00f3n de hidr\u00f3lisis cuando se encuentre con el agua, generando oxicloruro de bismuto y liberando cloruro de hidr\u00f3geno.<\/p>\n<p>Propiedades oxidantes y reductoras: en presencia de un agente oxidante o reductor, el BiCl\u2083 puede catalizar reacciones oxidantes o reductoras.<\/p>\n<p>M\u00e9todo de preparaci\u00f3n: Se puede agregar \u00f3xido de bismuto al \u00e1cido clorh\u00eddrico anal\u00edticamente puro que se calienta a una cierta temperatura previamente (exceso de \u00e1cido clorh\u00eddrico), y se puede obtener una soluci\u00f3n transparente de cloruro de bismuto despu\u00e9s de un per\u00edodo de reacci\u00f3n.<\/p>\n<h3>Campo de aplicaci\u00f3n:<\/h3>\n<p>Reactivo anal\u00edtico: El cloruro de bismuto se utiliza para el an\u00e1lisis y la detecci\u00f3n de sustancias. Fabricaci\u00f3n de sal de bismuto: es una materia prima importante para la preparaci\u00f3n de otras sales de bismuto.<\/p>\n<p>Catalizador: Se puede utilizar como catalizador en muchas reacciones org\u00e1nicas, como la reacci\u00f3n de Friedel-Crafts, la reacci\u00f3n de Diels-Alder, la reacci\u00f3n de Mannich, la reacci\u00f3n de desprotecci\u00f3n de acetal, etc.<\/p>\n","protected":false},"excerpt":{"rendered":"<p>Reactivo anal\u00edtico: El cloruro de bismuto se utiliza para el an\u00e1lisis y la detecci\u00f3n de sustancias.<\/p>\n<p>Fabricaci\u00f3n de sal de bismuto: es una materia prima importante para la preparaci\u00f3n de otras sales de bismuto.<\/p>\n<p>Catalizador: Se puede utilizar como catalizador en muchas reacciones org\u00e1nicas, como la reacci\u00f3n de Friedel-Crafts, la reacci\u00f3n de Diels-Alder, la reacci\u00f3n de Mannich, la reacci\u00f3n de desprotecci\u00f3n de acetal, etc.<\/p>\n","protected":false},"featured_media":1033672,"comment_status":"open","ping_status":"closed","template":"","meta":{"_acf_changed":false},"product_brand":[],"product_cat":[182],"product_tag":[],"class_list":{"0":"post-1026102","1":"product","2":"type-product","3":"status-publish","4":"has-post-thumbnail","6":"product_cat-materiales-halogenados","8":"first","9":"instock","10":"shipping-taxable","11":"purchasable","12":"product-type-variable"},"acf":[],"_links":{"self":[{"href":"https:\/\/vimaterial.de\/es\/wp-json\/wp\/v2\/product\/1026102","targetHints":{"allow":["GET"]}}],"collection":[{"href":"https:\/\/vimaterial.de\/es\/wp-json\/wp\/v2\/product"}],"about":[{"href":"https:\/\/vimaterial.de\/es\/wp-json\/wp\/v2\/types\/product"}],"replies":[{"embeddable":true,"href":"https:\/\/vimaterial.de\/es\/wp-json\/wp\/v2\/comments?post=1026102"}],"wp:featuredmedia":[{"embeddable":true,"href":"https:\/\/vimaterial.de\/es\/wp-json\/wp\/v2\/media\/1033672"}],"wp:attachment":[{"href":"https:\/\/vimaterial.de\/es\/wp-json\/wp\/v2\/media?parent=1026102"}],"wp:term":[{"taxonomy":"product_brand","embeddable":true,"href":"https:\/\/vimaterial.de\/es\/wp-json\/wp\/v2\/product_brand?post=1026102"},{"taxonomy":"product_cat","embeddable":true,"href":"https:\/\/vimaterial.de\/es\/wp-json\/wp\/v2\/product_cat?post=1026102"},{"taxonomy":"product_tag","embeddable":true,"href":"https:\/\/vimaterial.de\/es\/wp-json\/wp\/v2\/product_tag?post=1026102"}],"curies":[{"name":"wp","href":"https:\/\/api.w.org\/{rel}","templated":true}]}}