{"id":1026085,"date":"2024-06-17T15:56:48","date_gmt":"2024-06-17T07:56:48","guid":{"rendered":"https:\/\/vimaterial.de\/product\/fluoruro-de-bismuto\/"},"modified":"2024-10-25T10:30:40","modified_gmt":"2024-10-25T02:30:40","slug":"fluoruro-de-bismuto","status":"publish","type":"product","link":"https:\/\/vimaterial.de\/es\/product\/fluoruro-de-bismuto\/","title":{"rendered":"Fluoruro de bismuto"},"content":{"rendered":"<h3>Informaci\u00f3n b\u00e1sica:<\/h3>\n<p>F\u00f3rmula qu\u00edmica: BiF\u2083.<\/p>\n<p>Peso molecular: 256,98 g\/mol.<\/p>\n<p>N\u00ba CAS: 7787-61-3.<\/p>\n<p>Aspecto: Cristal blanco o polvo cristalino.<\/p>\n<p>Densidad: Relativamente alta, alrededor de 8,3 g\/cm\u00b3 (25 \u00b0C).<\/p>\n<p>Punto de fusi\u00f3n: 725 \u00b0C a 730 \u00b0C.<\/p>\n<p>\u00cdndice de refracci\u00f3n: 1,74.<\/p>\n<h3>Propiedades qu\u00edmicas:<\/h3>\n<p>Solubilidad: puede disolverse en \u00e1cido fluorh\u00eddrico para formar complejos, solubles en \u00e1cidos inorg\u00e1nicos, pero casi insolubles en agua. Se puede obtener disolviendo \u00f3xido de bismuto o hidr\u00f3xido de bismuto en \u00e1cido fluorh\u00eddrico acuoso.<\/p>\n<p>Forma de existencia: existen dos tipos de \u03b1 y \u03b2. El tipo \u03b1 producido por un m\u00e9todo espec\u00edfico se puede transformar en tipo \u03b2 cuando se calienta a 220 \u00b0C.<\/p>\n<h3>Campo de aplicaci\u00f3n:<\/h3>\n<p>Campo \u00f3ptico: se puede utilizar como un componente importante de los materiales de recubrimiento \u00f3ptico, se utiliza en la fabricaci\u00f3n de dispositivos \u00f3pticos como lentes, espejos, etc., y puede mejorar el rendimiento de los dispositivos \u00f3pticos.<\/p>\n<p>Campo metal\u00fargico: Fluoruro de bismuto utilizado como fundente en procesos metal\u00fargicos, especialmente en la producci\u00f3n de metales no ferrosos. Fabricaci\u00f3n de vidrio: El fluoruro de bismuto agregado al vidrio puede mejorar el \u00edndice de refracci\u00f3n del vidrio y mejorar sus propiedades mec\u00e1nicas.<\/p>\n<p>S\u00edntesis qu\u00edmica: se utiliza como precursor para sintetizar varios compuestos de bismuto, como fluoruro de bismuto, vanadato de bismuto, titanato de bismuto, etc.<\/p>\n","protected":false},"excerpt":{"rendered":"<p>Campo \u00f3ptico: se puede utilizar como un componente importante de los materiales de recubrimiento \u00f3ptico, se utiliza en la fabricaci\u00f3n de dispositivos \u00f3pticos como lentes, espejos, etc., y puede mejorar el rendimiento de los dispositivos \u00f3pticos.<\/p>\n<p>Campo metal\u00fargico: Fluoruro de bismuto utilizado como fundente en procesos metal\u00fargicos, especialmente en la producci\u00f3n de metales no ferrosos.<\/p>\n","protected":false},"featured_media":1033677,"comment_status":"open","ping_status":"closed","template":"","meta":{"_acf_changed":false},"product_brand":[],"product_cat":[182],"product_tag":[],"class_list":{"0":"post-1026085","1":"product","2":"type-product","3":"status-publish","4":"has-post-thumbnail","6":"product_cat-materiales-halogenados","8":"first","9":"instock","10":"shipping-taxable","11":"purchasable","12":"product-type-variable"},"acf":[],"_links":{"self":[{"href":"https:\/\/vimaterial.de\/es\/wp-json\/wp\/v2\/product\/1026085","targetHints":{"allow":["GET"]}}],"collection":[{"href":"https:\/\/vimaterial.de\/es\/wp-json\/wp\/v2\/product"}],"about":[{"href":"https:\/\/vimaterial.de\/es\/wp-json\/wp\/v2\/types\/product"}],"replies":[{"embeddable":true,"href":"https:\/\/vimaterial.de\/es\/wp-json\/wp\/v2\/comments?post=1026085"}],"wp:featuredmedia":[{"embeddable":true,"href":"https:\/\/vimaterial.de\/es\/wp-json\/wp\/v2\/media\/1033677"}],"wp:attachment":[{"href":"https:\/\/vimaterial.de\/es\/wp-json\/wp\/v2\/media?parent=1026085"}],"wp:term":[{"taxonomy":"product_brand","embeddable":true,"href":"https:\/\/vimaterial.de\/es\/wp-json\/wp\/v2\/product_brand?post=1026085"},{"taxonomy":"product_cat","embeddable":true,"href":"https:\/\/vimaterial.de\/es\/wp-json\/wp\/v2\/product_cat?post=1026085"},{"taxonomy":"product_tag","embeddable":true,"href":"https:\/\/vimaterial.de\/es\/wp-json\/wp\/v2\/product_tag?post=1026085"}],"curies":[{"name":"wp","href":"https:\/\/api.w.org\/{rel}","templated":true}]}}