{"id":1026050,"date":"2024-06-17T15:56:48","date_gmt":"2024-06-17T07:56:48","guid":{"rendered":"https:\/\/vimaterial.de\/product\/ferrita-de-bismuto\/"},"modified":"2024-10-25T10:42:47","modified_gmt":"2024-10-25T02:42:47","slug":"ferrita-de-bismuto","status":"publish","type":"product","link":"https:\/\/vimaterial.de\/es\/product\/ferrita-de-bismuto\/","title":{"rendered":"Ferrita de bismuto"},"content":{"rendered":"<p>El objetivo de ferrita de bismuto es un material con importantes aplicaciones.<\/p>\n<h3>Informaci\u00f3n b\u00e1sica:<\/h3>\n<p>F\u00f3rmula qu\u00edmica: BiFeO\u2083.<\/p>\n<p>Estructura cristalina: Su estructura cristalina es m\u00e1s compleja, con una estructura tipo calcita, esta estructura sienta las bases de sus propiedades f\u00edsicas \u00fanicas.<\/p>\n<p>Aspecto: Generalmente copos s\u00f3lidos, redondos o cuadrados. Densidad: Relativamente alta, lo que le da buena estabilidad durante la pulverizaci\u00f3n cat\u00f3dica.<\/p>\n<p>Punto de fusi\u00f3n: Punto de fusi\u00f3n relativamente alto, alrededor de 800 \u00b0C y m\u00e1s.<\/p>\n<p>Propiedades magn\u00e9ticas: Es antiferromagn\u00e9tico y tambi\u00e9n puede exhibir ferromagnetismo d\u00e9bil bajo ciertas condiciones.<\/p>\n<h3>\u00c1reas de aplicaci\u00f3n:<\/h3>\n<p>Preparaci\u00f3n de pel\u00edculas delgadas: La ferrita de bismuto es una materia prima importante para la preparaci\u00f3n de pel\u00edculas delgadas de BiFeO\u2083, que se puede utilizar en los campos de memorias ferroel\u00e9ctricas, sensores, dispositivos optoelectr\u00f3nicos, etc., a trav\u00e9s de la pulverizaci\u00f3n cat\u00f3dica con magnetr\u00f3n, la deposici\u00f3n l\u00e1ser pulsada y otras t\u00e9cnicas de recubrimiento en varios sustratos.<\/p>\n<p>Investigaci\u00f3n sobre materiales multiferroicos: como material multiferroico t\u00edpico, es de gran importancia para el estudio de las propiedades f\u00edsicas y el efecto del acoplamiento magnetoel\u00e9ctrico de materiales multiferroicos, lo que proporciona una base te\u00f3rica y experimental para el desarrollo de nuevos materiales multifuncionales.<\/p>\n<p>Epintr\u00f3nica: Sus propiedades magn\u00e9ticas y el\u00e9ctricas \u00fanicas la hacen potencialmente aplicable en el campo de la espintr\u00f3nica, por ejemplo, se puede utilizar para preparar dispositivos como v\u00e1lvulas de esp\u00edn y uniones de t\u00fanel magn\u00e9tico.<\/p>\n","protected":false},"excerpt":{"rendered":"<p>El objetivo de ferrita de bismuto es un material con importantes aplicaciones.<\/p>\n<p>Preparaci\u00f3n de pel\u00edculas delgadas: La ferrita de bismuto es una materia prima importante para la preparaci\u00f3n de pel\u00edculas delgadas de BiFeO\u2083, que se puede utilizar en los campos de memorias ferroel\u00e9ctricas, sensores, dispositivos optoelectr\u00f3nicos, etc., a trav\u00e9s de la pulverizaci\u00f3n cat\u00f3dica con magnetr\u00f3n, la deposici\u00f3n l\u00e1ser pulsada y otras t\u00e9cnicas de recubrimiento en varios sustratos.<\/p>\n<p>Investigaci\u00f3n sobre materiales multiferroicos: como material multiferroico t\u00edpico, es de gran importancia para el estudio de las propiedades f\u00edsicas y el efecto del acoplamiento magnetoel\u00e9ctrico de materiales multiferroicos, lo que proporciona una base te\u00f3rica y experimental para el desarrollo de nuevos materiales multifuncionales.<\/p>\n","protected":false},"featured_media":1033682,"comment_status":"open","ping_status":"closed","template":"","meta":{"_acf_changed":false},"product_brand":[],"product_cat":[178],"product_tag":[],"class_list":{"0":"post-1026050","1":"product","2":"type-product","3":"status-publish","4":"has-post-thumbnail","6":"product_cat-catodos-para-sputtering-planar","8":"first","9":"instock","10":"shipping-taxable","11":"product-type-variable"},"acf":[],"_links":{"self":[{"href":"https:\/\/vimaterial.de\/es\/wp-json\/wp\/v2\/product\/1026050","targetHints":{"allow":["GET"]}}],"collection":[{"href":"https:\/\/vimaterial.de\/es\/wp-json\/wp\/v2\/product"}],"about":[{"href":"https:\/\/vimaterial.de\/es\/wp-json\/wp\/v2\/types\/product"}],"replies":[{"embeddable":true,"href":"https:\/\/vimaterial.de\/es\/wp-json\/wp\/v2\/comments?post=1026050"}],"wp:featuredmedia":[{"embeddable":true,"href":"https:\/\/vimaterial.de\/es\/wp-json\/wp\/v2\/media\/1033682"}],"wp:attachment":[{"href":"https:\/\/vimaterial.de\/es\/wp-json\/wp\/v2\/media?parent=1026050"}],"wp:term":[{"taxonomy":"product_brand","embeddable":true,"href":"https:\/\/vimaterial.de\/es\/wp-json\/wp\/v2\/product_brand?post=1026050"},{"taxonomy":"product_cat","embeddable":true,"href":"https:\/\/vimaterial.de\/es\/wp-json\/wp\/v2\/product_cat?post=1026050"},{"taxonomy":"product_tag","embeddable":true,"href":"https:\/\/vimaterial.de\/es\/wp-json\/wp\/v2\/product_tag?post=1026050"}],"curies":[{"name":"wp","href":"https:\/\/api.w.org\/{rel}","templated":true}]}}