{"id":1025892,"date":"2024-06-17T15:47:28","date_gmt":"2024-06-17T07:47:28","guid":{"rendered":"https:\/\/vimaterial.de\/product\/tantalio-metalico-7\/"},"modified":"2024-10-15T13:23:46","modified_gmt":"2024-10-15T05:23:46","slug":"tantalio-metalico-7","status":"publish","type":"product","link":"https:\/\/vimaterial.de\/es\/product\/tantalio-metalico-7\/","title":{"rendered":"Metal de tantalio"},"content":{"rendered":"<p>El objetivo de metal de tantalio es un importante objetivo de pulverizaci\u00f3n cat\u00f3dica, utilizado principalmente en recubrimiento de semiconductores, recubrimiento \u00f3ptico y otras industrias.<\/p>\n<p>&nbsp;<\/p>\n<p>Propiedades b\u00e1sicas:<\/p>\n<p>&nbsp;<\/p>\n<p>S\u00edmbolo qu\u00edmico: Ta, pertenece al grupo VB de la tabla peri\u00f3dica, n\u00famero at\u00f3mico 73, peso at\u00f3mico 180,9479.<br \/>\nAspecto: metal gris acero, rico en brillo met\u00e1lico.<br \/>\nPropiedades f\u00edsicas: alto punto de fusi\u00f3n (2996\u00b0C), alta densidad (16.654g\/cm\u00b3).<br \/>\nPropiedades qu\u00edmicas: muy alta resistencia a la corrosi\u00f3n.<\/p>\n<p>&nbsp;<\/p>\n<p>Proceso de producci\u00f3n:<\/p>\n<p>&nbsp;<\/p>\n<p>En primer lugar, es necesario obtener materias primas de tantalio de alta pureza, y luego, a trav\u00e9s de la pulvimetalurgia y otros procesos, el polvo met\u00e1lico de tantalio se prepara en blancos objetivo. Se requieren procesamientos posteriores, como laminado, forjado, mecanizado, etc., para obtener objetivos del tama\u00f1o, la forma y la calidad de superficie requeridos.<\/p>\n<p>&nbsp;<\/p>\n<p>\u00c1reas de aplicaci\u00f3n:<\/p>\n<p>&nbsp;<\/p>\n<p>Industria de semiconductores: En la fabricaci\u00f3n de chips de circuitos integrados a gran escala, el objetivo de metal de tantalio es el material clave para la fabricaci\u00f3n de cables met\u00e1licos en el chip, que es crucial para el rendimiento y la confiabilidad del chip.<\/p>\n<p>Campo \u00f3ptico: Metal de tantalio utilizado en el recubrimiento \u00f3ptico, puede aumentar la reflectividad, la transmitancia y otras propiedades \u00f3pticas de los componentes \u00f3pticos, como en el recubrimiento de lentes de gafas, lentes de c\u00e1maras, instrumentos \u00f3pticos, etc. Es muy utilizado.<\/p>\n","protected":false},"excerpt":{"rendered":"<p>El objetivo de tantalio es un importante objetivo de pulverizaci\u00f3n cat\u00f3dica, utilizado principalmente en recubrimiento de semiconductores, recubrimiento \u00f3ptico y otras industrias.<\/p>\n<p>Industria de semiconductores: En la fabricaci\u00f3n de chips de circuitos integrados a gran escala, el objetivo de metal de tantalio es el material clave para la fabricaci\u00f3n de cables met\u00e1licos en el chip, que es crucial para el rendimiento y la confiabilidad del chip.<\/p>\n<p>Campo \u00f3ptico: Metal de tantalio utilizado en el recubrimiento \u00f3ptico, puede aumentar la reflectividad, la transmitancia y otras propiedades \u00f3pticas de los componentes \u00f3pticos, como en el recubrimiento de lentes de gafas, lentes de c\u00e1maras, instrumentos \u00f3pticos, etc. Es muy utilizado.<\/p>\n","protected":false},"featured_media":1033047,"comment_status":"open","ping_status":"closed","template":"","meta":{"_acf_changed":false},"product_brand":[],"product_cat":[178],"product_tag":[],"class_list":{"0":"post-1025892","1":"product","2":"type-product","3":"status-publish","4":"has-post-thumbnail","6":"product_cat-catodos-para-sputtering-planar","8":"first","9":"instock","10":"shipping-taxable","11":"purchasable","12":"product-type-variable"},"acf":[],"_links":{"self":[{"href":"https:\/\/vimaterial.de\/es\/wp-json\/wp\/v2\/product\/1025892","targetHints":{"allow":["GET"]}}],"collection":[{"href":"https:\/\/vimaterial.de\/es\/wp-json\/wp\/v2\/product"}],"about":[{"href":"https:\/\/vimaterial.de\/es\/wp-json\/wp\/v2\/types\/product"}],"replies":[{"embeddable":true,"href":"https:\/\/vimaterial.de\/es\/wp-json\/wp\/v2\/comments?post=1025892"}],"wp:featuredmedia":[{"embeddable":true,"href":"https:\/\/vimaterial.de\/es\/wp-json\/wp\/v2\/media\/1033047"}],"wp:attachment":[{"href":"https:\/\/vimaterial.de\/es\/wp-json\/wp\/v2\/media?parent=1025892"}],"wp:term":[{"taxonomy":"product_brand","embeddable":true,"href":"https:\/\/vimaterial.de\/es\/wp-json\/wp\/v2\/product_brand?post=1025892"},{"taxonomy":"product_cat","embeddable":true,"href":"https:\/\/vimaterial.de\/es\/wp-json\/wp\/v2\/product_cat?post=1025892"},{"taxonomy":"product_tag","embeddable":true,"href":"https:\/\/vimaterial.de\/es\/wp-json\/wp\/v2\/product_tag?post=1025892"}],"curies":[{"name":"wp","href":"https:\/\/api.w.org\/{rel}","templated":true}]}}