{"id":1025812,"date":"2024-06-17T15:47:30","date_gmt":"2024-06-17T07:47:30","guid":{"rendered":"https:\/\/vimaterial.de\/product\/pentoxido-de-tantalo\/"},"modified":"2024-10-29T10:09:33","modified_gmt":"2024-10-29T02:09:33","slug":"pentoxido-de-tantalo","status":"publish","type":"product","link":"https:\/\/vimaterial.de\/es\/product\/pentoxido-de-tantalo\/","title":{"rendered":"Pent\u00f3xido de tantalio"},"content":{"rendered":"<p>El objetivo de pent\u00f3xido de tantalio es un material de recubrimiento importante con una amplia gama de aplicaciones.<\/p>\n<h3>Informaci\u00f3n b\u00e1sica:<\/h3>\n<p>F\u00f3rmula qu\u00edmica: Ta2O5, lo que indica que el objetivo est\u00e1 compuesto por dos elementos, tantalio (Ta) y ox\u00edgeno (O), y la valencia del tantalio es + 5.<\/p>\n<p>Aspecto: Por lo general, un s\u00f3lido blanco que parece cristalino.<\/p>\n<p>Peso molecular: 441,89.<\/p>\n<p>Punto de fusi\u00f3n: hasta 1872\u00b0C, con alta estabilidad t\u00e9rmica.<\/p>\n<p>Densidad: alrededor de 8,2 g\/cm\u00b3, alta densidad relativa.<\/p>\n<p>Propiedades \u00f3pticas: Tiene aplicaciones importantes en las bandas de longitud de onda del visible al infrarrojo cercano y es un material de alto \u00edndice de refracci\u00f3n con un \u00edndice de refracci\u00f3n de aproximadamente 2.1.<\/p>\n<p>Propiedades el\u00e9ctricas: alta constante diel\u00e9ctrica (25 ~ 35).<\/p>\n<h3>Campo de aplicaci\u00f3n:<\/h3>\n<p>Campo de semiconductores: En la fabricaci\u00f3n de semiconductores, el pent\u00f3xido de tantalio se puede utilizar para preparar una capa diel\u00e9ctrica diel\u00e9ctrica de puerta constante alta para reemplazar la capa diel\u00e9ctrica tradicional de puerta de di\u00f3xido de silicio y mejorar el rendimiento de los dispositivos semiconductores.<\/p>\n<p>Campo \u00f3ptico: utilizado en la fabricaci\u00f3n de lentes \u00f3pticas, las pel\u00edculas \u00f3pticas, como la pel\u00edcula antirreflectante, la pel\u00edcula de mejora de la transmitancia, etc., pueden mejorar el rendimiento y la calidad de los componentes \u00f3pticos.<\/p>\n<p>Campo de dispositivos electr\u00f3nicos: puede fabricar condensadores, sensores y otros dispositivos electr\u00f3nicos, utilizando su alta constante diel\u00e9ctrica y buena estabilidad qu\u00edmica para mejorar la confiabilidad y el rendimiento de los dispositivos electr\u00f3nicos.<\/p>\n<p>Nuevo campo de energ\u00eda: El pent\u00f3xido de tantalio tambi\u00e9n tiene cierto potencial de aplicaci\u00f3n en nuevos campos de energ\u00eda, como las pilas de combustible de \u00f3xido s\u00f3lido.<\/p>\n","protected":false},"excerpt":{"rendered":"<p>Los objetivos de pent\u00f3xido de tantalio son semiconductores de banda ancha con una constante diel\u00e9ctrica alta. En el campo de la \u00f3ptica, debido a su alto \u00edndice de refracci\u00f3n (alrededor de 2.1) y baja absorci\u00f3n en la regi\u00f3n espectral del ultravioleta cercano al infrarrojo, se puede utilizar para la preparaci\u00f3n de pel\u00edculas \u00f3pticas, vidrio \u00f3ptico especial, etc. En electr\u00f3nica, se puede utilizar como conductor el\u00e9ctrico. En el campo de la electr\u00f3nica, se puede utilizar como material diel\u00e9ctrico para condensadores y como capa aislante de puerta para transistores de efecto de campo.<\/p>\n","protected":false},"featured_media":1033067,"comment_status":"open","ping_status":"closed","template":"","meta":{"_acf_changed":false},"product_brand":[],"product_cat":[178],"product_tag":[],"class_list":{"0":"post-1025812","1":"product","2":"type-product","3":"status-publish","4":"has-post-thumbnail","6":"product_cat-catodos-para-sputtering-planar","8":"first","9":"instock","10":"shipping-taxable","11":"product-type-variable"},"acf":[],"_links":{"self":[{"href":"https:\/\/vimaterial.de\/es\/wp-json\/wp\/v2\/product\/1025812","targetHints":{"allow":["GET"]}}],"collection":[{"href":"https:\/\/vimaterial.de\/es\/wp-json\/wp\/v2\/product"}],"about":[{"href":"https:\/\/vimaterial.de\/es\/wp-json\/wp\/v2\/types\/product"}],"replies":[{"embeddable":true,"href":"https:\/\/vimaterial.de\/es\/wp-json\/wp\/v2\/comments?post=1025812"}],"wp:featuredmedia":[{"embeddable":true,"href":"https:\/\/vimaterial.de\/es\/wp-json\/wp\/v2\/media\/1033067"}],"wp:attachment":[{"href":"https:\/\/vimaterial.de\/es\/wp-json\/wp\/v2\/media?parent=1025812"}],"wp:term":[{"taxonomy":"product_brand","embeddable":true,"href":"https:\/\/vimaterial.de\/es\/wp-json\/wp\/v2\/product_brand?post=1025812"},{"taxonomy":"product_cat","embeddable":true,"href":"https:\/\/vimaterial.de\/es\/wp-json\/wp\/v2\/product_cat?post=1025812"},{"taxonomy":"product_tag","embeddable":true,"href":"https:\/\/vimaterial.de\/es\/wp-json\/wp\/v2\/product_tag?post=1025812"}],"curies":[{"name":"wp","href":"https:\/\/api.w.org\/{rel}","templated":true}]}}