{"id":1025802,"date":"2024-06-17T15:50:36","date_gmt":"2024-06-17T07:50:36","guid":{"rendered":"https:\/\/vimaterial.de\/product\/carburo-de-tantalo-y-hafnio-2\/"},"modified":"2024-10-29T09:03:25","modified_gmt":"2024-10-29T01:03:25","slug":"carburo-de-tantalo-y-hafnio-2","status":"publish","type":"product","link":"https:\/\/vimaterial.de\/es\/product\/carburo-de-tantalo-y-hafnio-2\/","title":{"rendered":"Carburo de tantalio y hafnio"},"content":{"rendered":"<p>El polvo de carburo de tantalio y hafnio es un material en polvo cer\u00e1mico con propiedades y aplicaciones especiales.<\/p>\n<h3>Informaci\u00f3n b\u00e1sica<\/h3>\n<p>Composici\u00f3n elemental: Est\u00e1 compuesto principalmente por tres elementos: tantalio (Ta), hafnio (Hf) y carbono (C).<\/p>\n<p>Estructura cristalina: Estructura cristalina t\u00edpica de carburo. Alto punto de fusi\u00f3n: Los elementos de tantalio (Ta) y hafnio (Hf) en Ta4HfC5 tienen altos puntos de fusi\u00f3n por s\u00ed mismos, 3017 \u00b0C y 2227 \u00b0C respectivamente.<\/p>\n<p>Alta dureza: La dureza de Ta4HfC5 se debe principalmente a los fuertes enlaces covalentes e i\u00f3nicos entre los \u00e1tomos met\u00e1licos (Ta y Hf) y los \u00e1tomos de carbono en su estructura cristalina.<\/p>\n<h3>\u00c1mbitos de aplicaci\u00f3n<\/h3>\n<p>Aeroespacial: Debido a su alto punto de fusi\u00f3n, buena estabilidad a altas temperaturas y resistencia a la oxidaci\u00f3n, los polvos de carburo de tantalio y hafnio se utilizan para fabricar componentes de alta temperatura para motores aeroespaciales.<\/p>\n<p>Herramientas de corte: La alta dureza de los polvos Ta4HfC5 los hace adecuados para su uso como materiales de recubrimiento para herramientas de corte. El recubrimiento de la superficie de las herramientas de corte con el recubrimiento Ta4HfC5 puede mejorar significativamente la resistencia al desgaste, la velocidad de corte y la vida \u00fatil de las herramientas de corte.<\/p>\n<p>Cer\u00e1mica de alta temperatura: el carburo de tantalio y hafnio se puede utilizar como materia prima para cer\u00e1micas estructurales de alta temperatura y se utiliza para fabricar piezas cer\u00e1micas que se utilizan en entornos hostiles y de alta temperatura, como el revestimiento de hornos de alta temperatura, reactores, etc.<\/p>\n","protected":false},"excerpt":{"rendered":"<p>El polvo de carburo de tantalio y hafnio es un material en polvo cer\u00e1mico con propiedades y aplicaciones especiales.<\/p>\n<p>Aeroespacial: Debido a su alto punto de fusi\u00f3n, buena estabilidad a altas temperaturas y resistencia a la oxidaci\u00f3n, los polvos de carburo de tantalio y hafnio se utilizan para fabricar componentes de alta temperatura para motores aeroespaciales.<\/p>\n<p>Herramientas de corte: La alta dureza de los polvos Ta4HfC5 los hace adecuados para su uso como materiales de recubrimiento para herramientas de corte. El recubrimiento de la superficie de las herramientas de corte con el recubrimiento Ta4HfC5 puede mejorar significativamente la resistencia al desgaste, la velocidad de corte y la vida \u00fatil de las herramientas de corte.<\/p>\n","protected":false},"featured_media":1033077,"comment_status":"open","ping_status":"closed","template":"","meta":{"_acf_changed":false},"product_brand":[],"product_cat":[183],"product_tag":[],"class_list":{"0":"post-1025802","1":"product","2":"type-product","3":"status-publish","4":"has-post-thumbnail","6":"product_cat-c-n-b-si-materiales","8":"first","9":"instock","10":"shipping-taxable","11":"purchasable","12":"product-type-variable"},"acf":[],"_links":{"self":[{"href":"https:\/\/vimaterial.de\/es\/wp-json\/wp\/v2\/product\/1025802","targetHints":{"allow":["GET"]}}],"collection":[{"href":"https:\/\/vimaterial.de\/es\/wp-json\/wp\/v2\/product"}],"about":[{"href":"https:\/\/vimaterial.de\/es\/wp-json\/wp\/v2\/types\/product"}],"replies":[{"embeddable":true,"href":"https:\/\/vimaterial.de\/es\/wp-json\/wp\/v2\/comments?post=1025802"}],"wp:featuredmedia":[{"embeddable":true,"href":"https:\/\/vimaterial.de\/es\/wp-json\/wp\/v2\/media\/1033077"}],"wp:attachment":[{"href":"https:\/\/vimaterial.de\/es\/wp-json\/wp\/v2\/media?parent=1025802"}],"wp:term":[{"taxonomy":"product_brand","embeddable":true,"href":"https:\/\/vimaterial.de\/es\/wp-json\/wp\/v2\/product_brand?post=1025802"},{"taxonomy":"product_cat","embeddable":true,"href":"https:\/\/vimaterial.de\/es\/wp-json\/wp\/v2\/product_cat?post=1025802"},{"taxonomy":"product_tag","embeddable":true,"href":"https:\/\/vimaterial.de\/es\/wp-json\/wp\/v2\/product_tag?post=1025802"}],"curies":[{"name":"wp","href":"https:\/\/api.w.org\/{rel}","templated":true}]}}