{"id":1025781,"date":"2024-06-17T15:50:36","date_gmt":"2024-06-17T07:50:36","guid":{"rendered":"https:\/\/vimaterial.de\/product\/boruro-de-tantalo-2\/"},"modified":"2024-10-15T13:57:52","modified_gmt":"2024-10-15T05:57:52","slug":"boruro-de-tantalo-2","status":"publish","type":"product","link":"https:\/\/vimaterial.de\/es\/product\/boruro-de-tantalo-2\/","title":{"rendered":"Borido de tantalio"},"content":{"rendered":"<p>El polvo de Borido de tantalio es un importante compuesto inorg\u00e1nico en polvo.<\/p>\n<p>&nbsp;<\/p>\n<p>Propiedades b\u00e1sicas:<\/p>\n<p>&nbsp;<\/p>\n<p>F\u00f3rmula qu\u00edmica: TaB.<br \/>\nAspecto: generalmente s\u00f3lido polvoriento gris o negro.<br \/>\nEstructura cristalina: Tiene una estructura cristalina espec\u00edfica, que determina sus propiedades f\u00edsicas y qu\u00edmicas.<br \/>\nAlto punto de fusi\u00f3n: 3000 \u00b0C.<br \/>\nAlta dureza: Alta dureza, lo que lo hace potencialmente \u00fatil en el campo de los materiales resistentes al desgaste.<br \/>\nAlta densidad: densidad relativamente alta.<\/p>\n<p>&nbsp;<\/p>\n<p>M\u00e9todo de preparaci\u00f3n:<\/p>\n<p>&nbsp;<\/p>\n<p>M\u00e9todo de reacci\u00f3n a alta temperatura: bajo vac\u00edo o protecci\u00f3n de gas inerte, las materias primas de tantalio y boro se calientan a alta temperatura (generalmente por encima de 1500 \u00b0C), de modo que se someten a una reacci\u00f3n qu\u00edmica para producir boruro de tantalio.<\/p>\n<p>M\u00e9todo de pulvimetalurgia: primero se prepara el polvo mezclado de tantalio y boro, y luego se prepara el polvo de Borido de tantalio mediante prensado, sinterizaci\u00f3n y otros pasos del proceso.<\/p>\n<p>&nbsp;<\/p>\n<p>\u00c1reas de aplicaci\u00f3n:<\/p>\n<p>&nbsp;<\/p>\n<p>Materiales de alta temperatura: Con su alto punto de fusi\u00f3n, alta dureza y buena estabilidad a altas temperaturas, se puede utilizar para fabricar piezas que funcionan en entornos de alta temperatura, como piezas de motores en el campo aeroespacial y materiales de revestimiento para hornos de alta temperatura.<\/p>\n<p>Materiales resistentes al desgaste: Borido de tantalio con su alta dureza y resistencia al desgaste, se puede utilizar para fabricar recubrimientos resistentes al desgaste, herramientas de corte, etc. para mejorar la vida \u00fatil de los materiales.<\/p>\n<p>Materiales electr\u00f3nicos: En el campo de la electr\u00f3nica, el polvo de Borido de tantalio se puede utilizar para preparar electrodos, resistencias y otros componentes en dispositivos electr\u00f3nicos, aprovechando su buena conductividad y estabilidad.<\/p>\n<p>Materiales cer\u00e1micos: Borido de tantalio como aditivo para materiales cer\u00e1micos, puede mejorar el rendimiento de la cer\u00e1mica, como mejorar la dureza, la resistencia y la resistencia a altas temperaturas de la cer\u00e1mica.<\/p>\n","protected":false},"excerpt":{"rendered":"<p>El polvo de boruro de tantalio es un importante compuesto inorg\u00e1nico en polvo.<\/p>\n<p>Materiales de alta temperatura: Con su alto punto de fusi\u00f3n, alta dureza y buena estabilidad a altas temperaturas, se puede utilizar para fabricar piezas que funcionan en entornos de alta temperatura, como piezas de motores en el campo aeroespacial y materiales de revestimiento para hornos de alta temperatura.<\/p>\n<p>Materiales resistentes al desgaste: Borido de tantalio con su alta dureza y resistencia al desgaste, se puede utilizar para fabricar recubrimientos resistentes al desgaste, herramientas de corte, etc. para mejorar la vida \u00fatil de los materiales.<\/p>\n","protected":false},"featured_media":1033087,"comment_status":"open","ping_status":"closed","template":"","meta":{"_acf_changed":false},"product_brand":[],"product_cat":[183],"product_tag":[],"class_list":{"0":"post-1025781","1":"product","2":"type-product","3":"status-publish","4":"has-post-thumbnail","6":"product_cat-c-n-b-si-materiales","8":"first","9":"instock","10":"shipping-taxable","11":"purchasable","12":"product-type-variable"},"acf":[],"_links":{"self":[{"href":"https:\/\/vimaterial.de\/es\/wp-json\/wp\/v2\/product\/1025781","targetHints":{"allow":["GET"]}}],"collection":[{"href":"https:\/\/vimaterial.de\/es\/wp-json\/wp\/v2\/product"}],"about":[{"href":"https:\/\/vimaterial.de\/es\/wp-json\/wp\/v2\/types\/product"}],"replies":[{"embeddable":true,"href":"https:\/\/vimaterial.de\/es\/wp-json\/wp\/v2\/comments?post=1025781"}],"wp:featuredmedia":[{"embeddable":true,"href":"https:\/\/vimaterial.de\/es\/wp-json\/wp\/v2\/media\/1033087"}],"wp:attachment":[{"href":"https:\/\/vimaterial.de\/es\/wp-json\/wp\/v2\/media?parent=1025781"}],"wp:term":[{"taxonomy":"product_brand","embeddable":true,"href":"https:\/\/vimaterial.de\/es\/wp-json\/wp\/v2\/product_brand?post=1025781"},{"taxonomy":"product_cat","embeddable":true,"href":"https:\/\/vimaterial.de\/es\/wp-json\/wp\/v2\/product_cat?post=1025781"},{"taxonomy":"product_tag","embeddable":true,"href":"https:\/\/vimaterial.de\/es\/wp-json\/wp\/v2\/product_tag?post=1025781"}],"curies":[{"name":"wp","href":"https:\/\/api.w.org\/{rel}","templated":true}]}}