{"id":1025732,"date":"2024-06-17T15:50:37","date_gmt":"2024-06-17T07:50:37","guid":{"rendered":"https:\/\/vimaterial.de\/product\/carburo-de-tantalo-2\/"},"modified":"2024-10-15T15:57:42","modified_gmt":"2024-10-15T07:57:42","slug":"carburo-de-tantalo-2","status":"publish","type":"product","link":"https:\/\/vimaterial.de\/es\/product\/carburo-de-tantalo-2\/","title":{"rendered":"Carburo de tantalio"},"content":{"rendered":"<p>El objetivo de carburo de tantalio es un importante objetivo de pulverizaci\u00f3n cat\u00f3dica con una amplia gama de aplicaciones.<\/p>\n<p>Informaci\u00f3n b\u00e1sica:<\/p>\n<p>Composici\u00f3n: compuesto principalmente por carburo de tantalio (TaC), un compuesto formado por elementos tantalio (Ta) y carbono (C).<br \/>\nAlta dureza: Dureza de Mohs entre 9-10, comparable a la del diamante.<br \/>\nAlto punto de fusi\u00f3n: punto de fusi\u00f3n hasta 3880 \u00b0C.<br \/>\nBuena conductividad el\u00e9ctrica: baja resistencia a temperatura ambiente, buena conductividad el\u00e9ctrica, que favorece la formaci\u00f3n de un plasma estable en el proceso de pulverizaci\u00f3n cat\u00f3dica, mejora la eficiencia de pulverizaci\u00f3n cat\u00f3dica y la calidad de la pel\u00edcula.<br \/>\nAlta densidad: generalmente por encima de 14 g \/ cm\u00b3, lo que hace que el material objetivo en el proceso de pulverizaci\u00f3n cat\u00f3dica tenga una buena estabilidad, no es f\u00e1cil de ser impactado por part\u00edculas de pulverizaci\u00f3n cat\u00f3dica y desplazamiento o deformaci\u00f3n.<\/p>\n<p>\u00c1reas de aplicaci\u00f3n:<\/p>\n<p>Industria de semiconductores: En la fabricaci\u00f3n de semiconductores, los objetivos de carburo de tantalio se pueden utilizar en el proceso de deposici\u00f3n f\u00edsica de vapor (PVD) para preparar pel\u00edculas delgadas con funciones espec\u00edficas, como pel\u00edculas conductoras y capas de barrera.<\/p>\n<p>\u00d3ptica: Utilizados en la preparaci\u00f3n de pel\u00edculas \u00f3pticas, como pel\u00edculas antirreflectantes, pel\u00edculas de mejora de la transmisi\u00f3n, etc., pueden mejorar el rendimiento de los componentes \u00f3pticos y aumentar la resoluci\u00f3n y la transmitancia de los sistemas \u00f3pticos.<\/p>\n<p>Recubrimiento duro: Debido a su alta dureza y buena resistencia a la abrasi\u00f3n, se puede utilizar como material de recubrimiento duro en las superficies de herramientas de corte, moldes, etc. para mejorar su vida \u00fatil y rendimiento de corte.<\/p>\n<p>Campo aeroespacial: En el campo aeroespacial, los objetivos de carburo de tantalio se pueden utilizar para preparar materiales estructurales de alta temperatura y recubrimientos resistentes al desgaste, como \u00e1labes de turbinas de motores a reacci\u00f3n y recubrimientos de boquillas de cohetes, etc., que pueden mejorar su rendimiento anticombusti\u00f3n y prolongar su vida \u00fatil.<\/p>\n","protected":false},"excerpt":{"rendered":"<p>El objetivo de carburo de tantalio es un importante objetivo de pulverizaci\u00f3n cat\u00f3dica con una amplia gama de aplicaciones.<\/p>\n<p>Industria de semiconductores: En la fabricaci\u00f3n de semiconductores, los objetivos de carburo de tantalio se pueden utilizar en el proceso de deposici\u00f3n f\u00edsica de vapor (PVD) para preparar pel\u00edculas delgadas con funciones espec\u00edficas, como pel\u00edculas conductoras y capas de barrera.<\/p>\n<p>\u00d3ptica: Utilizados en la preparaci\u00f3n de pel\u00edculas \u00f3pticas, como pel\u00edculas antirreflectantes, pel\u00edculas de mejora de la transmisi\u00f3n, etc., pueden mejorar el rendimiento de los componentes \u00f3pticos y aumentar la resoluci\u00f3n y la transmitancia de los sistemas \u00f3pticos.<\/p>\n<p>&nbsp;<\/p>\n","protected":false},"featured_media":1037855,"comment_status":"open","ping_status":"closed","template":"","meta":{"_acf_changed":false},"product_brand":[],"product_cat":[178],"product_tag":[],"class_list":{"0":"post-1025732","1":"product","2":"type-product","3":"status-publish","4":"has-post-thumbnail","6":"product_cat-catodos-para-sputtering-planar","8":"first","9":"instock","10":"shipping-taxable","11":"product-type-variable"},"acf":[],"_links":{"self":[{"href":"https:\/\/vimaterial.de\/es\/wp-json\/wp\/v2\/product\/1025732","targetHints":{"allow":["GET"]}}],"collection":[{"href":"https:\/\/vimaterial.de\/es\/wp-json\/wp\/v2\/product"}],"about":[{"href":"https:\/\/vimaterial.de\/es\/wp-json\/wp\/v2\/types\/product"}],"replies":[{"embeddable":true,"href":"https:\/\/vimaterial.de\/es\/wp-json\/wp\/v2\/comments?post=1025732"}],"wp:featuredmedia":[{"embeddable":true,"href":"https:\/\/vimaterial.de\/es\/wp-json\/wp\/v2\/media\/1037855"}],"wp:attachment":[{"href":"https:\/\/vimaterial.de\/es\/wp-json\/wp\/v2\/media?parent=1025732"}],"wp:term":[{"taxonomy":"product_brand","embeddable":true,"href":"https:\/\/vimaterial.de\/es\/wp-json\/wp\/v2\/product_brand?post=1025732"},{"taxonomy":"product_cat","embeddable":true,"href":"https:\/\/vimaterial.de\/es\/wp-json\/wp\/v2\/product_cat?post=1025732"},{"taxonomy":"product_tag","embeddable":true,"href":"https:\/\/vimaterial.de\/es\/wp-json\/wp\/v2\/product_tag?post=1025732"}],"curies":[{"name":"wp","href":"https:\/\/api.w.org\/{rel}","templated":true}]}}