{"id":1025728,"date":"2024-06-17T15:50:37","date_gmt":"2024-06-17T07:50:37","guid":{"rendered":"https:\/\/vimaterial.de\/product\/carburo-de-tantalo\/"},"modified":"2024-10-15T15:14:32","modified_gmt":"2024-10-15T07:14:32","slug":"carburo-de-tantalo","status":"publish","type":"product","link":"https:\/\/vimaterial.de\/es\/product\/carburo-de-tantalo\/","title":{"rendered":"Carburo de tantalio"},"content":{"rendered":"<p>El polvo de carburo de tantalio es un importante material metal-cer\u00e1mico.<\/p>\n<p>&nbsp;<\/p>\n<p>Propiedades b\u00e1sicas:<\/p>\n<p>&nbsp;<\/p>\n<p>F\u00f3rmula qu\u00edmica: la f\u00f3rmula qu\u00edmica es TaC, compuesto por dos elementos, tantalio (Ta) y carbono (C).<br \/>\nAspecto: Por lo general, polvo de color marr\u00f3n claro, marr\u00f3n oscuro o negro similar al metal.<br \/>\nEstructura cristalina: pertenece al sistema cristalino c\u00fabico tipo cloruro de sodio, con una estructura cristalina estable, que aporta propiedades f\u00edsicas y qu\u00edmicas \u00fanicas.<br \/>\nAlto punto de fusi\u00f3n y punto de ebullici\u00f3n: el punto de fusi\u00f3n es de hasta 3880 \u00b0C, el punto de ebullici\u00f3n es de 4780 \u00b0C.<br \/>\nAlta densidad: 13,9 g\/ml.<br \/>\nBuena conductividad el\u00e9ctrica: resistencia de 30\u03a9 a temperatura ambiente, buena conductividad el\u00e9ctrica.<\/p>\n<p>&nbsp;<\/p>\n<p>M\u00e9todo de preparaci\u00f3n:<\/p>\n<p>&nbsp;<\/p>\n<p>M\u00e9todo de carbonizaci\u00f3n de \u00f3xido de tantalio: el pent\u00f3xido de tantalio y el negro de humo se utilizan como materias primas, los dos se mezclan completamente y se colocan en el horno de reducci\u00f3n, y luego se calientan en hidr\u00f3geno o vac\u00edo a 1500 \u00b0C durante un per\u00edodo de tiempo, se puede producir el polvo de carburo de tantalio.<\/p>\n<p>&nbsp;<\/p>\n<p>Campo de aplicaci\u00f3n:<\/p>\n<p>&nbsp;<\/p>\n<p>Aeroespacial: El carburo de tantalio se puede utilizar para fabricar materiales estructurales de alta temperatura y recubrimientos resistentes al desgaste, como \u00e1labes de turbinas de motores a reacci\u00f3n y recubrimientos de boquillas de cohetes, que pueden mejorar su resistencia a la ablaci\u00f3n y prolongar su vida \u00fatil.<\/p>\n<p>Campo electr\u00f3nico: Carburo de tantalio debido a su buena conductividad y estabilidad, se puede utilizar como material de electrodo para mejorar la estabilidad y confiabilidad de los dispositivos electr\u00f3nicos.<\/p>\n<p>Campo cer\u00e1mico: utilizado en la preparaci\u00f3n de cer\u00e1mica fina, puede mejorar el rendimiento de la cer\u00e1mica, como mejorar la dureza y la resistencia a altas temperaturas de la cer\u00e1mica.<\/p>\n<p>Deposici\u00f3n qu\u00edmica de vapor (CVD): se utiliza como materia prima para CVD para preparar pel\u00edculas y recubrimientos de alta calidad.<\/p>\n","protected":false},"excerpt":{"rendered":"<p>El polvo de carburo de tantalio es un importante material metal-cer\u00e1mico.<\/p>\n<p>Aeroespacial: El carburo de tantalio se puede utilizar para fabricar materiales estructurales de alta temperatura y recubrimientos resistentes al desgaste, como \u00e1labes de turbinas de motores a reacci\u00f3n y recubrimientos de boquillas de cohetes, que pueden mejorar su resistencia a la ablaci\u00f3n y prolongar su vida \u00fatil.<\/p>\n<p>Campo electr\u00f3nico: carburo de tantalio debido a su buena conductividad y estabilidad, se puede utilizar como material de electrodo para mejorar la estabilidad y confiabilidad de los dispositivos electr\u00f3nicos.<\/p>\n<p>&nbsp;<\/p>\n","protected":false},"featured_media":1033097,"comment_status":"open","ping_status":"closed","template":"","meta":{"_acf_changed":false},"product_brand":[],"product_cat":[183],"product_tag":[],"class_list":{"0":"post-1025728","1":"product","2":"type-product","3":"status-publish","4":"has-post-thumbnail","6":"product_cat-c-n-b-si-materiales","8":"first","9":"instock","10":"shipping-taxable","11":"purchasable","12":"product-type-variable"},"acf":[],"_links":{"self":[{"href":"https:\/\/vimaterial.de\/es\/wp-json\/wp\/v2\/product\/1025728","targetHints":{"allow":["GET"]}}],"collection":[{"href":"https:\/\/vimaterial.de\/es\/wp-json\/wp\/v2\/product"}],"about":[{"href":"https:\/\/vimaterial.de\/es\/wp-json\/wp\/v2\/types\/product"}],"replies":[{"embeddable":true,"href":"https:\/\/vimaterial.de\/es\/wp-json\/wp\/v2\/comments?post=1025728"}],"wp:featuredmedia":[{"embeddable":true,"href":"https:\/\/vimaterial.de\/es\/wp-json\/wp\/v2\/media\/1033097"}],"wp:attachment":[{"href":"https:\/\/vimaterial.de\/es\/wp-json\/wp\/v2\/media?parent=1025728"}],"wp:term":[{"taxonomy":"product_brand","embeddable":true,"href":"https:\/\/vimaterial.de\/es\/wp-json\/wp\/v2\/product_brand?post=1025728"},{"taxonomy":"product_cat","embeddable":true,"href":"https:\/\/vimaterial.de\/es\/wp-json\/wp\/v2\/product_cat?post=1025728"},{"taxonomy":"product_tag","embeddable":true,"href":"https:\/\/vimaterial.de\/es\/wp-json\/wp\/v2\/product_tag?post=1025728"}],"curies":[{"name":"wp","href":"https:\/\/api.w.org\/{rel}","templated":true}]}}