{"id":1025507,"date":"2024-06-17T15:50:37","date_gmt":"2024-06-17T07:50:37","guid":{"rendered":"https:\/\/vimaterial.de\/product\/cloruro-de-tantalo\/"},"modified":"2024-09-05T18:18:18","modified_gmt":"2024-09-05T10:18:18","slug":"cloruro-de-tantalio","status":"publish","type":"product","link":"https:\/\/vimaterial.de\/es\/product\/cloruro-de-tantalio\/","title":{"rendered":"Cloruro de tantalio"},"content":{"rendered":"<p>El polvo de cloruro de tantalio (TaCl5) es un compuesto inorg\u00e1nico en polvo cristalino monocl\u00ednico blanco.<br \/>\nPropiedades<\/p>\n<p>Densidad: 3,68 g\/cm\u00b3<\/p>\n<p>Punto de fusi\u00f3n: 216\u00b0C<\/p>\n<p>Solubilidad: Soluble en hidrocarburos arom\u00e1ticos como tolueno, benceno, mesitileno, etc., insoluble en ciclohexano y tetracloruro de carbono.<\/p>\n<p>Propiedades qu\u00edmicas: F\u00e1cil de hidrolizar y el precipitado de hidr\u00f3xido blanco precipitar\u00e1.Se puede descomponer en tantalio met\u00e1lico a 600 \u00b0C en el vac\u00edo.<\/p>\n<p>Aplicaci\u00f3n<\/p>\n<p>1. Campo de materiales electr\u00f3nicos: Preparaci\u00f3n de vidrio \u00f3ptico: el cloruro de tantalio se puede utilizar para fabricar vidrio con propiedades \u00f3pticas especiales, como la formaci\u00f3n de una pel\u00edcula aislante con una fuerte adherencia y un espesor de 0,1 \u03bcm en la superficie de componentes electr\u00f3nicos y dispositivos semiconductores.<br \/>\nEste vidrio tiene importantes aplicaciones en instrumentos \u00f3pticos, equipos electr\u00f3nicos, etc., y tiene una alta constante diel\u00e9ctrica.<br \/>\nFabricaci\u00f3n de materiales de electrodos: En la l\u00e1mina de cobre electrol\u00edtico de la industria cloroalcalina, la superficie del \u00e1nodo electrol\u00edtico de la industria de producci\u00f3n de ox\u00edgeno y la industria de aguas residuales, se mezcla con compuestos de rutenio y compuestos del grupo del platino para formar una pel\u00edcula conductora de \u00f3xido, que puede mejorar la adhesi\u00f3n de la pel\u00edcula y prolongar la vida \u00fatil del electrodo en m\u00e1s de 5 a\u00f1os.<br \/>\n2. Campo de s\u00edntesis qu\u00edmica: Agente de cloraci\u00f3n para compuestos org\u00e1nicos: Como agente oxidante y clorador fuerte, se puede utilizar en reacciones de s\u00edntesis org\u00e1nica para clorar ciertos grupos en compuestos org\u00e1nicos, como alcoholes, aldeh\u00eddos, cetonas, aminas, etc.<br \/>\nPreparaci\u00f3n de otros compuestos de tantalio: Es un intermediario importante para la s\u00edntesis de otros compuestos de tantalio, como el carburo de tantalio, etc.<br \/>\n3. Campo de material de recubrimiento: se puede utilizar para preparar recubrimientos de \u00f3xido de tantalio, que tienen buena resistencia al desgaste, resistencia a la corrosi\u00f3n y resistencia a altas temperaturas, y son ampliamente utilizados en la industria aeroespacial, fabricaci\u00f3n de maquinaria y otros campos.<br \/>\n4. Campo m\u00e9dico: En medicina, el cloruro de tantalio se puede usar en la preparaci\u00f3n de ciertos materiales especiales, pero esta aplicaci\u00f3n a\u00fan se encuentra en etapa de investigaci\u00f3n.<br \/>\n5. Campo de investigaci\u00f3n cient\u00edfica: En el laboratorio, el cloruro de tantalio se puede utilizar como catalizador para el estudio de las reacciones de s\u00edntesis org\u00e1nica, y tambi\u00e9n se puede utilizar en la investigaci\u00f3n sobre ciencia de materiales y otros aspectos.<\/p>\n","protected":false},"excerpt":{"rendered":"<p>El polvo de cloruro de tantalio (TaCl5) es un compuesto inorg\u00e1nico en polvo cristalino monocl\u00ednico blanco.<br \/>\nPropiedades<\/p>\n<p>Densidad: 3,68 g\/cm\u00b3<\/p>\n<p>Punto de fusi\u00f3n: 216\u00b0C<\/p>\n<p>Solubilidad: Soluble en hidrocarburos arom\u00e1ticos como tolueno, benceno, mesitileno, etc., insoluble en ciclohexano y tetracloruro de carbono.<\/p>\n<p>Propiedades qu\u00edmicas: F\u00e1cil de hidrolizar y el precipitado de hidr\u00f3xido blanco precipitar\u00e1.Se puede descomponer en tantalio met\u00e1lico a 600 \u00b0C en el vac\u00edo.<\/p>\n<p>Aplicaci\u00f3n<\/p>\n<p>1. Campo de materiales electr\u00f3nicos: Preparaci\u00f3n de vidrio \u00f3ptico: el cloruro de tantalio se puede utilizar para fabricar vidrio con propiedades \u00f3pticas especiales, como la formaci\u00f3n de una pel\u00edcula aislante con una fuerte adherencia y un espesor de 0,1 \u03bcm en la superficie de componentes electr\u00f3nicos y dispositivos semiconductores.<br \/>\nEste vidrio tiene importantes aplicaciones en instrumentos \u00f3pticos, equipos electr\u00f3nicos, etc., y tiene una alta constante diel\u00e9ctrica.<br \/>\nFabricaci\u00f3n de materiales de electrodos: En la l\u00e1mina de cobre electrol\u00edtico de la industria cloroalcalina, la superficie del \u00e1nodo electrol\u00edtico de la industria de producci\u00f3n de ox\u00edgeno y la industria de aguas residuales, se mezcla con compuestos de rutenio y compuestos del grupo del platino para formar una pel\u00edcula conductora de \u00f3xido, que puede mejorar la adhesi\u00f3n de la pel\u00edcula y prolongar la vida \u00fatil del electrodo en m\u00e1s de 5 a\u00f1os.<br \/>\n2. Campo de s\u00edntesis qu\u00edmica: Agente de cloraci\u00f3n para compuestos org\u00e1nicos: Como agente oxidante y clorador fuerte, se puede utilizar en reacciones de s\u00edntesis org\u00e1nica para clorar ciertos grupos en compuestos org\u00e1nicos, como alcoholes, aldeh\u00eddos, cetonas, aminas, etc.<br \/>\nPreparaci\u00f3n de otros compuestos de tantalio: Es un intermediario importante para la s\u00edntesis de otros compuestos de tantalio, como el carburo de tantalio, etc.<br \/>\n3. Campo de material de recubrimiento: se puede utilizar para preparar recubrimientos de \u00f3xido de tantalio, que tienen buena resistencia al desgaste, resistencia a la corrosi\u00f3n y resistencia a altas temperaturas, y son ampliamente utilizados en la industria aeroespacial, fabricaci\u00f3n de maquinaria y otros campos.<br \/>\n4. Campo m\u00e9dico: En medicina, el cloruro de tantalio se puede usar en la preparaci\u00f3n de ciertos materiales especiales, pero esta aplicaci\u00f3n a\u00fan se encuentra en etapa de investigaci\u00f3n.<br \/>\n5. Campo de investigaci\u00f3n cient\u00edfica: En el laboratorio, el cloruro de tantalio se puede utilizar como catalizador para el estudio de las reacciones de s\u00edntesis org\u00e1nica, y tambi\u00e9n se puede utilizar en la investigaci\u00f3n sobre ciencia de materiales y otros aspectos.<\/p>\n","protected":false},"featured_media":1033102,"comment_status":"open","ping_status":"closed","template":"","meta":{"_acf_changed":false},"product_brand":[],"product_cat":[182],"product_tag":[],"class_list":{"0":"post-1025507","1":"product","2":"type-product","3":"status-publish","4":"has-post-thumbnail","6":"product_cat-materiales-halogenados","8":"first","9":"instock","10":"shipping-taxable","11":"product-type-variable"},"acf":[],"_links":{"self":[{"href":"https:\/\/vimaterial.de\/es\/wp-json\/wp\/v2\/product\/1025507","targetHints":{"allow":["GET"]}}],"collection":[{"href":"https:\/\/vimaterial.de\/es\/wp-json\/wp\/v2\/product"}],"about":[{"href":"https:\/\/vimaterial.de\/es\/wp-json\/wp\/v2\/types\/product"}],"replies":[{"embeddable":true,"href":"https:\/\/vimaterial.de\/es\/wp-json\/wp\/v2\/comments?post=1025507"}],"wp:featuredmedia":[{"embeddable":true,"href":"https:\/\/vimaterial.de\/es\/wp-json\/wp\/v2\/media\/1033102"}],"wp:attachment":[{"href":"https:\/\/vimaterial.de\/es\/wp-json\/wp\/v2\/media?parent=1025507"}],"wp:term":[{"taxonomy":"product_brand","embeddable":true,"href":"https:\/\/vimaterial.de\/es\/wp-json\/wp\/v2\/product_brand?post=1025507"},{"taxonomy":"product_cat","embeddable":true,"href":"https:\/\/vimaterial.de\/es\/wp-json\/wp\/v2\/product_cat?post=1025507"},{"taxonomy":"product_tag","embeddable":true,"href":"https:\/\/vimaterial.de\/es\/wp-json\/wp\/v2\/product_tag?post=1025507"}],"curies":[{"name":"wp","href":"https:\/\/api.w.org\/{rel}","templated":true}]}}