{"id":1025493,"date":"2024-06-17T15:50:38","date_gmt":"2024-06-17T07:50:38","guid":{"rendered":"https:\/\/vimaterial.de\/product\/nitruro-de-tantalo-3\/"},"modified":"2024-10-15T17:04:19","modified_gmt":"2024-10-15T09:04:19","slug":"nitruro-de-tantalo-3","status":"publish","type":"product","link":"https:\/\/vimaterial.de\/es\/product\/nitruro-de-tantalo-3\/","title":{"rendered":"Nitruro de tantalio"},"content":{"rendered":"<p>Los gr\u00e1nulos de nitruro de tantalio son un material qu\u00edmico importante.<\/p>\n<p>Informaci\u00f3n b\u00e1sica:<\/p>\n<p>Composici\u00f3n qu\u00edmica: compuesto principalmente por elementos tantalio (Ta) y nitr\u00f3geno (N), la f\u00f3rmula qu\u00edmica es TaN.<br \/>\nEstructura cristalina: estructura cristalina generalmente hexagonal, pero tambi\u00e9n existen otros tipos de cristales.<br \/>\nColor: Generalmente negro o gris, aunque el color puede variar dependiendo de factores como el tama\u00f1o de part\u00edcula, la pureza y el m\u00e9todo de preparaci\u00f3n.<br \/>\nDensidad: La densidad relativa es alta, aproximadamente 14,36 g\/cm\u00b3.<br \/>\nDureza: Alta dureza con buena resistencia a la abrasi\u00f3n y al rayado.<br \/>\nPunto de fusi\u00f3n: hasta 3090\u00b0C. Tiene una excelente resistencia a las altas temperaturas y puede permanecer estable en entornos de alta temperatura.<\/p>\n<p>Campo de aplicaci\u00f3n:<\/p>\n<p>Campo de materiales electr\u00f3nicos: se puede utilizar para fabricar resistencias de chip, condensadores de pel\u00edcula y otros componentes electr\u00f3nicos. En la fabricaci\u00f3n de circuitos integrados, las part\u00edculas de nitruro de tantalio se pueden utilizar para formar pel\u00edculas conductoras, capas de barrera, etc., que desempe\u00f1an un papel en la conexi\u00f3n de circuitos y evitan la difusi\u00f3n de iones met\u00e1licos.<\/p>\n<p>Campo de recubrimiento duro: debido a su alta dureza y buena resistencia a la abrasi\u00f3n, se puede utilizar como material de recubrimiento duro en la superficie de herramientas de corte, moldes y otras superficies para mejorar su vida \u00fatil y rendimiento de corte.<\/p>\n<p>Aditivos de materiales superduros: utilizados como aditivos en la preparaci\u00f3n de materiales superduros, pueden mejorar la dureza, la tenacidad y otras propiedades del material.<\/p>\n","protected":false},"excerpt":{"rendered":"<p>Los gr\u00e1nulos de nitruro de tantalio son un material qu\u00edmico importante.<\/p>\n<p>Campo de materiales electr\u00f3nicos: se puede utilizar para fabricar resistencias de chip, condensadores de pel\u00edcula y otros componentes electr\u00f3nicos. En la fabricaci\u00f3n de circuitos integrados, las part\u00edculas de nitruro de tantalio se pueden utilizar para formar pel\u00edculas conductoras, capas de barrera, etc., que desempe\u00f1an un papel en la conexi\u00f3n de circuitos y evitan la difusi\u00f3n de iones met\u00e1licos.<\/p>\n<p>Campo de recubrimiento duro: debido a su alta dureza y buena resistencia a la abrasi\u00f3n, se puede utilizar como material de recubrimiento duro en la superficie de herramientas de corte, moldes y otras superficies para mejorar su vida \u00fatil y rendimiento de corte.<\/p>\n","protected":false},"featured_media":1033112,"comment_status":"open","ping_status":"closed","template":"","meta":{"_acf_changed":false},"product_brand":[],"product_cat":[179],"product_tag":[],"class_list":{"0":"post-1025493","1":"product","2":"type-product","3":"status-publish","4":"has-post-thumbnail","6":"product_cat-materiales-de-evaporacion","8":"first","9":"instock","10":"shipping-taxable","11":"product-type-variable"},"acf":[],"_links":{"self":[{"href":"https:\/\/vimaterial.de\/es\/wp-json\/wp\/v2\/product\/1025493","targetHints":{"allow":["GET"]}}],"collection":[{"href":"https:\/\/vimaterial.de\/es\/wp-json\/wp\/v2\/product"}],"about":[{"href":"https:\/\/vimaterial.de\/es\/wp-json\/wp\/v2\/types\/product"}],"replies":[{"embeddable":true,"href":"https:\/\/vimaterial.de\/es\/wp-json\/wp\/v2\/comments?post=1025493"}],"wp:featuredmedia":[{"embeddable":true,"href":"https:\/\/vimaterial.de\/es\/wp-json\/wp\/v2\/media\/1033112"}],"wp:attachment":[{"href":"https:\/\/vimaterial.de\/es\/wp-json\/wp\/v2\/media?parent=1025493"}],"wp:term":[{"taxonomy":"product_brand","embeddable":true,"href":"https:\/\/vimaterial.de\/es\/wp-json\/wp\/v2\/product_brand?post=1025493"},{"taxonomy":"product_cat","embeddable":true,"href":"https:\/\/vimaterial.de\/es\/wp-json\/wp\/v2\/product_cat?post=1025493"},{"taxonomy":"product_tag","embeddable":true,"href":"https:\/\/vimaterial.de\/es\/wp-json\/wp\/v2\/product_tag?post=1025493"}],"curies":[{"name":"wp","href":"https:\/\/api.w.org\/{rel}","templated":true}]}}