{"id":1025464,"date":"2024-06-17T15:50:38","date_gmt":"2024-06-17T07:50:38","guid":{"rendered":"https:\/\/vimaterial.de\/product\/nitruro-de-tantalo-2\/"},"modified":"2024-10-15T16:35:55","modified_gmt":"2024-10-15T08:35:55","slug":"nitruro-de-tantalo-2","status":"publish","type":"product","link":"https:\/\/vimaterial.de\/es\/product\/nitruro-de-tantalo-2\/","title":{"rendered":"Nitruro de tantalio"},"content":{"rendered":"<p>Los objetivos de nitruro de tantalio son una herramienta importante para la preparaci\u00f3n de materiales de pel\u00edcula delgada.<\/p>\n<p>Informaci\u00f3n b\u00e1sica:<\/p>\n<p>Composici\u00f3n qu\u00edmica: el componente principal es el nitruro de tantalio (TaN), compuesto por elementos tantalio (Ta) y nitr\u00f3geno (N).<br \/>\nEstructura cristalina: Generalmente estructura cristalina hexagonal, la constante de red variar\u00e1 seg\u00fan el proceso de preparaci\u00f3n y las condiciones.<br \/>\nApariencia: Por lo general, aparece como un s\u00f3lido grumoso de color marr\u00f3n amarillento, despu\u00e9s del procesamiento fino, la superficie es relativamente plana y lisa.<br \/>\nDensidad: Densidad relativamente alta, alrededor de 14,36 g\/cm\u00b3.<br \/>\nDureza: alta dureza, con buena resistencia a la abrasi\u00f3n y al rayado.<br \/>\nPunto de fusi\u00f3n: punto de fusi\u00f3n hasta 3090 \u00b0C, con excelente resistencia a altas temperaturas.<\/p>\n<p>\u00c1reas de aplicaci\u00f3n:<\/p>\n<p>Industria de semiconductores: En la fabricaci\u00f3n de semiconductores, se utiliza en los procesos de deposici\u00f3n f\u00edsica de vapor (PVD) y deposici\u00f3n qu\u00edmica de vapor (CVD) para preparar pel\u00edculas delgadas conductoras, capas de barrera, etc., por ejemplo, desempe\u00f1a el papel de conectar circuitos y evitar la difusi\u00f3n de iones met\u00e1licos en circuitos integrados.<\/p>\n<p>Campo \u00f3ptico: se utiliza para preparar pel\u00edculas \u00f3pticas, como pel\u00edculas antirreflectantes, pel\u00edculas de mejora de la transmitancia, etc., que pueden mejorar el rendimiento de los componentes \u00f3pticos y aumentar la resoluci\u00f3n y la transmitancia de los sistemas \u00f3pticos.<\/p>\n<p>Campo de componentes electr\u00f3nicos: se puede utilizar para fabricar componentes electr\u00f3nicos como resistencias de chip, y las resistencias de nitruro de tantalio pueden resistir la erosi\u00f3n del vapor de agua y aumentar la estabilidad de los componentes electr\u00f3nicos.<\/p>\n","protected":false},"excerpt":{"rendered":"<p>Los objetivos de nitruro de tantalio son una herramienta importante para la preparaci\u00f3n de materiales de pel\u00edcula delgada.<\/p>\n<p>Industria de semiconductores: En la fabricaci\u00f3n de semiconductores, se utiliza en los procesos de deposici\u00f3n f\u00edsica de vapor (PVD) y deposici\u00f3n qu\u00edmica de vapor (CVD) para preparar pel\u00edculas delgadas conductoras, capas de barrera, etc., por ejemplo, desempe\u00f1a el papel de conectar circuitos y evitar la difusi\u00f3n de iones met\u00e1licos en circuitos integrados.<\/p>\n<p>Campo \u00f3ptico: se utiliza para preparar pel\u00edculas \u00f3pticas, como pel\u00edculas antirreflectantes, pel\u00edculas de mejora de la transmitancia, etc., que pueden mejorar el rendimiento de los componentes \u00f3pticos y aumentar la resoluci\u00f3n y la transmitancia de los sistemas \u00f3pticos.<\/p>\n<p>&nbsp;<\/p>\n","protected":false},"featured_media":1033122,"comment_status":"open","ping_status":"closed","template":"","meta":{"_acf_changed":false},"product_brand":[],"product_cat":[178],"product_tag":[],"class_list":{"0":"post-1025464","1":"product","2":"type-product","3":"status-publish","4":"has-post-thumbnail","6":"product_cat-catodos-para-sputtering-planar","8":"first","9":"instock","10":"shipping-taxable","11":"product-type-variable"},"acf":[],"_links":{"self":[{"href":"https:\/\/vimaterial.de\/es\/wp-json\/wp\/v2\/product\/1025464","targetHints":{"allow":["GET"]}}],"collection":[{"href":"https:\/\/vimaterial.de\/es\/wp-json\/wp\/v2\/product"}],"about":[{"href":"https:\/\/vimaterial.de\/es\/wp-json\/wp\/v2\/types\/product"}],"replies":[{"embeddable":true,"href":"https:\/\/vimaterial.de\/es\/wp-json\/wp\/v2\/comments?post=1025464"}],"wp:featuredmedia":[{"embeddable":true,"href":"https:\/\/vimaterial.de\/es\/wp-json\/wp\/v2\/media\/1033122"}],"wp:attachment":[{"href":"https:\/\/vimaterial.de\/es\/wp-json\/wp\/v2\/media?parent=1025464"}],"wp:term":[{"taxonomy":"product_brand","embeddable":true,"href":"https:\/\/vimaterial.de\/es\/wp-json\/wp\/v2\/product_brand?post=1025464"},{"taxonomy":"product_cat","embeddable":true,"href":"https:\/\/vimaterial.de\/es\/wp-json\/wp\/v2\/product_cat?post=1025464"},{"taxonomy":"product_tag","embeddable":true,"href":"https:\/\/vimaterial.de\/es\/wp-json\/wp\/v2\/product_tag?post=1025464"}],"curies":[{"name":"wp","href":"https:\/\/api.w.org\/{rel}","templated":true}]}}