{"id":1025460,"date":"2024-06-17T15:50:38","date_gmt":"2024-06-17T07:50:38","guid":{"rendered":"https:\/\/vimaterial.de\/product\/nitruro-de-tantalo\/"},"modified":"2024-10-15T16:20:13","modified_gmt":"2024-10-15T08:20:13","slug":"nitruro-de-tantalo","status":"publish","type":"product","link":"https:\/\/vimaterial.de\/es\/product\/nitruro-de-tantalo\/","title":{"rendered":"Nitruro de tantalio"},"content":{"rendered":"<p>El polvo de nitruro de tantalio es un material qu\u00edmico importante.<\/p>\n<p>Informaci\u00f3n b\u00e1sica:<\/p>\n<p>F\u00f3rmula qu\u00edmica: TaN<br \/>\nPeso molecular: 194.957<br \/>\nN\u00ba CAS: 12033-62-4<br \/>\nColor: Generalmente cristales hexagonales negros.<br \/>\nDensidad: Densidad relativa 13.4.<br \/>\nPunto de fusi\u00f3n: hasta 3090\u00b0C, con una alta resistencia a las altas temperaturas.<br \/>\nDureza: alta microdureza, alrededor de 1100 kg\/mm\u00b2.<br \/>\nConductividad t\u00e9rmica: 9,54 W\/(m\u30fbK).<br \/>\nResistividad: 128\u03bc\u03a9\u30fbcm.<\/p>\n<p>Usos:<\/p>\n<p>Campo de materiales electr\u00f3nicos: se puede utilizar para fabricar resistencias de chip, y las resistencias de nitruro de tantalio pueden resistir la erosi\u00f3n del vapor de agua, en la fabricaci\u00f3n de circuitos integrados, se pueden utilizar para formar resistencias de montaje en superficie de pel\u00edcula delgada, aumentar la estabilidad el\u00e9ctrica de transformadores, circuitos integrados, diodos.<\/p>\n<p>Aditivos de materiales superduros: utilizados como aditivos en la preparaci\u00f3n de materiales superduros, pueden mejorar la dureza, la resistencia al desgaste y otras propiedades del material.<\/p>\n<p>Materiales de pulverizaci\u00f3n: Se utiliza para pulverizar para mejorar las propiedades de los materiales, como mejorar la resistencia a la corrosi\u00f3n y la resistencia al desgaste de los materiales.<\/p>\n","protected":false},"excerpt":{"rendered":"<p>El polvo de nitruro de tantalio es un material qu\u00edmico importante.<\/p>\n<p>Campo de materiales electr\u00f3nicos: se puede utilizar para fabricar resistencias de chip, y las resistencias de nitruro de tantalio pueden resistir la erosi\u00f3n del vapor de agua, en la fabricaci\u00f3n de circuitos integrados, se pueden utilizar para formar resistencias de montaje en superficie de pel\u00edcula delgada, aumentar la estabilidad el\u00e9ctrica de transformadores, circuitos integrados, diodos.<\/p>\n<p>Aditivos de materiales superduros: utilizados como aditivos en la preparaci\u00f3n de materiales superduros, pueden mejorar la dureza, la resistencia al desgaste y otras propiedades del material.<\/p>\n","protected":false},"featured_media":1033117,"comment_status":"open","ping_status":"closed","template":"","meta":{"_acf_changed":false},"product_brand":[],"product_cat":[183],"product_tag":[],"class_list":{"0":"post-1025460","1":"product","2":"type-product","3":"status-publish","4":"has-post-thumbnail","6":"product_cat-c-n-b-si-materiales","8":"first","9":"instock","10":"shipping-taxable","11":"purchasable","12":"product-type-variable"},"acf":[],"_links":{"self":[{"href":"https:\/\/vimaterial.de\/es\/wp-json\/wp\/v2\/product\/1025460","targetHints":{"allow":["GET"]}}],"collection":[{"href":"https:\/\/vimaterial.de\/es\/wp-json\/wp\/v2\/product"}],"about":[{"href":"https:\/\/vimaterial.de\/es\/wp-json\/wp\/v2\/types\/product"}],"replies":[{"embeddable":true,"href":"https:\/\/vimaterial.de\/es\/wp-json\/wp\/v2\/comments?post=1025460"}],"wp:featuredmedia":[{"embeddable":true,"href":"https:\/\/vimaterial.de\/es\/wp-json\/wp\/v2\/media\/1033117"}],"wp:attachment":[{"href":"https:\/\/vimaterial.de\/es\/wp-json\/wp\/v2\/media?parent=1025460"}],"wp:term":[{"taxonomy":"product_brand","embeddable":true,"href":"https:\/\/vimaterial.de\/es\/wp-json\/wp\/v2\/product_brand?post=1025460"},{"taxonomy":"product_cat","embeddable":true,"href":"https:\/\/vimaterial.de\/es\/wp-json\/wp\/v2\/product_cat?post=1025460"},{"taxonomy":"product_tag","embeddable":true,"href":"https:\/\/vimaterial.de\/es\/wp-json\/wp\/v2\/product_tag?post=1025460"}],"curies":[{"name":"wp","href":"https:\/\/api.w.org\/{rel}","templated":true}]}}