{"id":1025442,"date":"2024-06-17T15:50:39","date_gmt":"2024-06-17T07:50:39","guid":{"rendered":"https:\/\/vimaterial.de\/product\/fosfuro-de-tantalo\/"},"modified":"2024-10-15T17:26:04","modified_gmt":"2024-10-15T09:26:04","slug":"fosfuro-de-tantalo","status":"publish","type":"product","link":"https:\/\/vimaterial.de\/es\/product\/fosfuro-de-tantalo\/","title":{"rendered":"Fosfuro de tantalio"},"content":{"rendered":"<p>El polvo de fosfuro de tantalio es un compuesto inorg\u00e1nico en polvo compuesto por los elementos tantalio (Ta) y f\u00f3sforo (P).<\/p>\n<p>Informaci\u00f3n b\u00e1sica:<\/p>\n<p>F\u00f3rmula qu\u00edmica: TaP, el peso molecular es 211.9216.<br \/>\nN\u00ba CAS: 12037-63-7.<br \/>\nAspecto: Generalmente polvo de color negro gris\u00e1ceo.<br \/>\nEstructura cristalina: Cristales hexagonales y ortorr\u00f3mbicos.<br \/>\nDensidad: aprox. 10,9 g\/cm\u00b3.<\/p>\n<p>M\u00e9todo de preparaci\u00f3n:<\/p>\n<p>M\u00e9todo de fase s\u00f3lida: el tantalio y el fosgeno reaccionan directamente a alta temperatura para producir fosfuro de tantalio.<\/p>\n<p>M\u00e9todo de fase gaseosa: Preparado haciendo reaccionar fosfuro de hidr\u00f3geno en el gas de reacci\u00f3n con tantalio met\u00e1lico a una temperatura y presi\u00f3n adecuadas.<\/p>\n<p>\u00c1reas de aplicaci\u00f3n:<\/p>\n<p>Industria electr\u00f3nica: Se puede utilizar para preparar componentes electr\u00f3nicos, como en la fabricaci\u00f3n de semiconductores para la formaci\u00f3n de estructuras espec\u00edficas de pel\u00edcula delgada, etc., lo que es \u00fatil para mejorar el rendimiento de los dispositivos electr\u00f3nicos.<\/p>\n<p>Investigaci\u00f3n de materiales: como material compuesto especial, se puede utilizar en la investigaci\u00f3n de la ciencia de los materiales para explorar las propiedades y aplicaciones de nuevos materiales, lo cual es importante para el desarrollo de materiales con funciones especiales.<\/p>\n","protected":false},"excerpt":{"rendered":"<p>El polvo de fosfuro de tantalio es un compuesto inorg\u00e1nico en polvo compuesto por los elementos tantalio (Ta) y f\u00f3sforo (P).<\/p>\n<p>Industria electr\u00f3nica: Se puede utilizar para preparar componentes electr\u00f3nicos, como en la fabricaci\u00f3n de semiconductores para la formaci\u00f3n de estructuras espec\u00edficas de pel\u00edcula delgada, etc., lo que es \u00fatil para mejorar el rendimiento de los dispositivos electr\u00f3nicos.<\/p>\n<p>Investigaci\u00f3n de materiales: como material compuesto especial, se puede utilizar en la investigaci\u00f3n de la ciencia de los materiales para explorar las propiedades y aplicaciones de nuevos materiales, lo cual es importante para el desarrollo de materiales con funciones especiales.<\/p>\n<p>&nbsp;<\/p>\n","protected":false},"featured_media":1033132,"comment_status":"open","ping_status":"closed","template":"","meta":{"_acf_changed":false},"product_brand":[],"product_cat":[194],"product_tag":[],"class_list":{"0":"post-1025442","1":"product","2":"type-product","3":"status-publish","4":"has-post-thumbnail","6":"product_cat-materiales-fosforados","8":"first","9":"instock","10":"shipping-taxable","11":"product-type-variable"},"acf":[],"_links":{"self":[{"href":"https:\/\/vimaterial.de\/es\/wp-json\/wp\/v2\/product\/1025442","targetHints":{"allow":["GET"]}}],"collection":[{"href":"https:\/\/vimaterial.de\/es\/wp-json\/wp\/v2\/product"}],"about":[{"href":"https:\/\/vimaterial.de\/es\/wp-json\/wp\/v2\/types\/product"}],"replies":[{"embeddable":true,"href":"https:\/\/vimaterial.de\/es\/wp-json\/wp\/v2\/comments?post=1025442"}],"wp:featuredmedia":[{"embeddable":true,"href":"https:\/\/vimaterial.de\/es\/wp-json\/wp\/v2\/media\/1033132"}],"wp:attachment":[{"href":"https:\/\/vimaterial.de\/es\/wp-json\/wp\/v2\/media?parent=1025442"}],"wp:term":[{"taxonomy":"product_brand","embeddable":true,"href":"https:\/\/vimaterial.de\/es\/wp-json\/wp\/v2\/product_brand?post=1025442"},{"taxonomy":"product_cat","embeddable":true,"href":"https:\/\/vimaterial.de\/es\/wp-json\/wp\/v2\/product_cat?post=1025442"},{"taxonomy":"product_tag","embeddable":true,"href":"https:\/\/vimaterial.de\/es\/wp-json\/wp\/v2\/product_tag?post=1025442"}],"curies":[{"name":"wp","href":"https:\/\/api.w.org\/{rel}","templated":true}]}}