{"id":1025424,"date":"2024-06-17T15:50:39","date_gmt":"2024-06-17T07:50:39","guid":{"rendered":"https:\/\/vimaterial.de\/product\/sulfuro-de-tantalo\/"},"modified":"2024-10-12T13:32:17","modified_gmt":"2024-10-12T05:32:17","slug":"sulfuro-de-tantalo","status":"publish","type":"product","link":"https:\/\/vimaterial.de\/es\/product\/sulfuro-de-tantalo\/","title":{"rendered":"Sulfuro de tantalio"},"content":{"rendered":"<p>El polvo de sulfuro de tantalio (TaS\u2082) es un compuesto inorg\u00e1nico importante.<\/p>\n<p>&nbsp;<\/p>\n<p>Informaci\u00f3n b\u00e1sica:<\/p>\n<p>&nbsp;<\/p>\n<p>F\u00f3rmula qu\u00edmica: TaS\u2082.<\/p>\n<p>Peso molecular: 245,0779 g\/mol.<\/p>\n<p>N\u00famero CAS: 12143-72-5.<\/p>\n<p>Aspecto: Generalmente p\u00f3lvora negra.<\/p>\n<p>Punto de fusi\u00f3n: alto punto de fusi\u00f3n, alrededor de 1300 \u00b0C.<\/p>\n<p>&nbsp;<\/p>\n<p>M\u00e9todo de preparaci\u00f3n:<\/p>\n<p>&nbsp;<\/p>\n<p>M\u00e9todo de fase s\u00f3lida a alta temperatura: la fuente de tantalio (como polvo de tantalio, \u00f3xido de tantalio, etc.) y la fuente de azufre (como polvo de azufre, sulfuro de hidr\u00f3geno, etc.) se mezclan en una cierta proporci\u00f3n, y la reacci\u00f3n en fase s\u00f3lida se lleva a cabo a alta temperatura para preparar polvo de sulfuro de tantalio.<\/p>\n<p>&nbsp;<\/p>\n<p>M\u00e9todo de deposici\u00f3n qu\u00edmica de vapor: El uso de compuestos org\u00e1nicos de tantalio y gases que contienen azufre en la fase gaseosa bajo la condici\u00f3n de reacci\u00f3n bioqu\u00edmica, depositados en el sustrato pel\u00edcula o polvo de sulfuro de tantalio.<\/p>\n<p>&nbsp;<\/p>\n<p>Campo de aplicaci\u00f3n:<\/p>\n<p>&nbsp;<\/p>\n<p>Lubricante: Debido a su estructura en capas y bajo coeficiente de fricci\u00f3n, se puede utilizar como lubricante s\u00f3lido en entornos especiales como alta temperatura, alta presi\u00f3n y alto vac\u00edo.<\/p>\n<p>&nbsp;<\/p>\n<p>Materiales de la bater\u00eda: El sulfuro de tantalio se puede utilizar como materiales de electrodo en bater\u00edas de iones de litio y otros tipos de bater\u00edas, su estructura \u00fanica y sus propiedades qu\u00edmicas ayudan a mejorar el rendimiento de la bater\u00eda.<\/p>\n<p>&nbsp;<\/p>\n<p>Catalizador: Se puede utilizar como catalizador en algunas reacciones qu\u00edmicas, como la hidrogenaci\u00f3n, la desulfuraci\u00f3n y otras reacciones con valor de aplicaci\u00f3n potencial. Material de blindaje electromagn\u00e9tico: debido a su buena conductividad el\u00e9ctrica, se puede utilizar para fabricar pel\u00edculas de blindaje electromagn\u00e9tico.<\/p>\n","protected":false},"excerpt":{"rendered":"<p>El polvo de disulfuro de tantalio (TaS\u2082) es un compuesto inorg\u00e1nico importante.<\/p>\n<p>Lubricante: Debido a su estructura en capas y bajo coeficiente de fricci\u00f3n, se puede utilizar como lubricante s\u00f3lido en entornos especiales como alta temperatura, alta presi\u00f3n y alto vac\u00edo.<\/p>\n<p>Materiales de la bater\u00eda: El sulfuro de tantalio se puede utilizar como materiales de electrodo en bater\u00edas de iones de litio y otros tipos de bater\u00edas, su estructura \u00fanica y sus propiedades qu\u00edmicas ayudan a mejorar el rendimiento de la bater\u00eda.<\/p>\n","protected":false},"featured_media":1033137,"comment_status":"open","ping_status":"closed","template":"","meta":{"_acf_changed":false},"product_brand":[],"product_cat":[181],"product_tag":[],"class_list":{"0":"post-1025424","1":"product","2":"type-product","3":"status-publish","4":"has-post-thumbnail","6":"product_cat-materiales-calcogenuros","8":"first","9":"instock","10":"shipping-taxable","11":"purchasable","12":"product-type-variable"},"acf":[],"_links":{"self":[{"href":"https:\/\/vimaterial.de\/es\/wp-json\/wp\/v2\/product\/1025424","targetHints":{"allow":["GET"]}}],"collection":[{"href":"https:\/\/vimaterial.de\/es\/wp-json\/wp\/v2\/product"}],"about":[{"href":"https:\/\/vimaterial.de\/es\/wp-json\/wp\/v2\/types\/product"}],"replies":[{"embeddable":true,"href":"https:\/\/vimaterial.de\/es\/wp-json\/wp\/v2\/comments?post=1025424"}],"wp:featuredmedia":[{"embeddable":true,"href":"https:\/\/vimaterial.de\/es\/wp-json\/wp\/v2\/media\/1033137"}],"wp:attachment":[{"href":"https:\/\/vimaterial.de\/es\/wp-json\/wp\/v2\/media?parent=1025424"}],"wp:term":[{"taxonomy":"product_brand","embeddable":true,"href":"https:\/\/vimaterial.de\/es\/wp-json\/wp\/v2\/product_brand?post=1025424"},{"taxonomy":"product_cat","embeddable":true,"href":"https:\/\/vimaterial.de\/es\/wp-json\/wp\/v2\/product_cat?post=1025424"},{"taxonomy":"product_tag","embeddable":true,"href":"https:\/\/vimaterial.de\/es\/wp-json\/wp\/v2\/product_tag?post=1025424"}],"curies":[{"name":"wp","href":"https:\/\/api.w.org\/{rel}","templated":true}]}}