{"id":1025175,"date":"2024-06-17T15:50:43","date_gmt":"2024-06-17T07:50:43","guid":{"rendered":"https:\/\/vimaterial.de\/product\/tungsteno-metalico\/"},"modified":"2024-10-28T17:08:27","modified_gmt":"2024-10-28T09:08:27","slug":"tungsteno-metalico","status":"publish","type":"product","link":"https:\/\/vimaterial.de\/es\/product\/tungsteno-metalico\/","title":{"rendered":"Metal de tungsteno"},"content":{"rendered":"<h3>Informaci\u00f3n b\u00e1sica<\/h3>\n<p>Componente principal: W, con alta pureza, generalmente la pureza de la bobina de tungsteno de grado industrial est\u00e1 por encima del 99%.<\/p>\n<p>Estructura cristalina: El tungsteno tiene una estructura c\u00fabica centrada en el cuerpo.<\/p>\n<p>Tama\u00f1o: La especificaci\u00f3n de ancho com\u00fan es de 5-50 mm y el grosor suele estar en el rango de 0,1-5 mm.<\/p>\n<p>Apariencia: Las bobinas de tungsteno tienen la forma de una bobina de cinta, y la superficie suele ser lisa y tiene un brillo met\u00e1lico.<\/p>\n<p>Densidad: 19,3 g\/cm\u00b3.<\/p>\n<p>Dureza: 7,5.<\/p>\n<h3>Campos de aplicaci\u00f3n<\/h3>\n<p>Material del electrodo: la bobina de metal de tungsteno es ampliamente utilizada como material de electrodo en el campo del tubo de electrones y el dispositivo electr\u00f3nico de vac\u00edo.<\/p>\n<p>Elemento calefactor: en algunos equipos electr\u00f3nicos que requieren calentamiento a alta temperatura, como el evaporador de haz de electrones, el elemento calefactor del horno de alta temperatura, etc., la bobina de metal de tungsteno se puede utilizar como material calefactor.<\/p>\n<p>Componentes del horno de alta temperatura: la bobina de metal de tungsteno se puede utilizar para fabricar el cuerpo generador de calor, la pantalla de aislamiento t\u00e9rmico, el revestimiento del horno y otros componentes del horno de alta temperatura. En el entorno de trabajo del horno de alta temperatura, la bobina de tungsteno puede soportar altas temperaturas y la erosi\u00f3n qu\u00edmica para garantizar la uniformidad y estabilidad de la temperatura dentro del horno y prolongar la vida \u00fatil del horno de alta temperatura.<\/p>\n","protected":false},"excerpt":{"rendered":"<p>Material del electrodo: la bobina de metal de tungsteno es ampliamente utilizada como material de electrodo en el campo del tubo de electrones y el dispositivo electr\u00f3nico de vac\u00edo.<\/p>\n<p>Elemento calefactor: en algunos equipos electr\u00f3nicos que requieren calentamiento a alta temperatura, como el evaporador de haz de electrones, el elemento calefactor del horno de alta temperatura, etc., la bobina de metal de tungsteno se puede utilizar como material calefactor.<\/p>\n","protected":false},"featured_media":1033192,"comment_status":"open","ping_status":"closed","template":"","meta":{"_acf_changed":false},"product_brand":[],"product_cat":[188],"product_tag":[],"class_list":{"0":"post-1025175","1":"product","2":"type-product","3":"status-publish","4":"has-post-thumbnail","6":"product_cat-perfil","8":"first","9":"instock","10":"shipping-taxable","11":"product-type-variable"},"acf":[],"_links":{"self":[{"href":"https:\/\/vimaterial.de\/es\/wp-json\/wp\/v2\/product\/1025175","targetHints":{"allow":["GET"]}}],"collection":[{"href":"https:\/\/vimaterial.de\/es\/wp-json\/wp\/v2\/product"}],"about":[{"href":"https:\/\/vimaterial.de\/es\/wp-json\/wp\/v2\/types\/product"}],"replies":[{"embeddable":true,"href":"https:\/\/vimaterial.de\/es\/wp-json\/wp\/v2\/comments?post=1025175"}],"wp:featuredmedia":[{"embeddable":true,"href":"https:\/\/vimaterial.de\/es\/wp-json\/wp\/v2\/media\/1033192"}],"wp:attachment":[{"href":"https:\/\/vimaterial.de\/es\/wp-json\/wp\/v2\/media?parent=1025175"}],"wp:term":[{"taxonomy":"product_brand","embeddable":true,"href":"https:\/\/vimaterial.de\/es\/wp-json\/wp\/v2\/product_brand?post=1025175"},{"taxonomy":"product_cat","embeddable":true,"href":"https:\/\/vimaterial.de\/es\/wp-json\/wp\/v2\/product_cat?post=1025175"},{"taxonomy":"product_tag","embeddable":true,"href":"https:\/\/vimaterial.de\/es\/wp-json\/wp\/v2\/product_tag?post=1025175"}],"curies":[{"name":"wp","href":"https:\/\/api.w.org\/{rel}","templated":true}]}}