{"id":1025158,"date":"2024-06-17T15:50:44","date_gmt":"2024-06-17T07:50:44","guid":{"rendered":"https:\/\/vimaterial.de\/product\/boruro-de-wolframio-4\/"},"modified":"2024-10-28T16:04:11","modified_gmt":"2024-10-28T08:04:11","slug":"boruro-de-wolframio-4","status":"publish","type":"product","link":"https:\/\/vimaterial.de\/es\/product\/boruro-de-wolframio-4\/","title":{"rendered":"Borido de tungsteno"},"content":{"rendered":"<h3>Informaci\u00f3n b\u00e1sica<\/h3>\n<p>Componente principal: W\u2082B El componente principal de los objetivos W\u2082B es el compuesto W\u2082B, que consiste en tungsteno (W) y boro (B), con tungsteno con una valencia promedio de aproximadamente +2 y boro -2.<\/p>\n<p>Estructura cristalina: W\u2082B tiene una estructura cristalina tetragonal.<\/p>\n<p>Aspecto y morfolog\u00eda: Los blancos de boruro de tungsteno se presentan generalmente en forma de bloques o discos, y su color suele ser gris o gris oscuro.<\/p>\n<p>Densidad: 16 &#8211; 17 g\/cm\u00b3.<\/p>\n<p>Dureza: alrededor de 7 &#8211; 8.<\/p>\n<h3>\u00c1mbitos de aplicaci\u00f3n<\/h3>\n<p>Deposici\u00f3n de pel\u00edcula delgada: Los objetivos de Borido de tungsteno se utilizan ampliamente para la deposici\u00f3n de pel\u00edcula delgada en la fabricaci\u00f3n de productos electr\u00f3nicos y semiconductores. El W\u2082B se deposita en la superficie de los chips semiconductores, las placas de circuitos o los componentes electr\u00f3nicos mediante t\u00e9cnicas f\u00edsicas de deposici\u00f3n de vapor, como la pulverizaci\u00f3n cat\u00f3dica del magnetr\u00f3n o la pulverizaci\u00f3n cat\u00f3dica del haz de iones.<\/p>\n<p>Materiales emisores de campo: Las propiedades emisoras de electrones del W\u2082B permiten su uso como material emisor de campo. Al depositar pel\u00edculas W\u2082B en el sustrato, se pueden fabricar materiales con buenas propiedades de emisi\u00f3n de campo para su uso en campos como la microscop\u00eda electr\u00f3nica y las pantallas planas.<\/p>\n<p>Materiales termoel\u00e9ctricos: El Borido de tungsteno tambi\u00e9n es valioso para la investigaci\u00f3n en conversi\u00f3n termoel\u00e9ctrica. Sus propiedades el\u00e9ctricas y t\u00e9rmicas \u00fanicas hacen posible que el W\u2082B se utilice como material termoel\u00e9ctrico en dispositivos de conversi\u00f3n de calor en electricidad para convertir el calor residual en electricidad y mejorar la eficiencia energ\u00e9tica.<\/p>\n","protected":false},"excerpt":{"rendered":"<p>Deposici\u00f3n de pel\u00edcula delgada: Los objetivos de Borido de tungsteno se utilizan ampliamente para la deposici\u00f3n de pel\u00edcula delgada en la fabricaci\u00f3n de productos electr\u00f3nicos y semiconductores. El W\u2082B se deposita en la superficie de los chips semiconductores, las placas de circuitos o los componentes electr\u00f3nicos mediante t\u00e9cnicas f\u00edsicas de deposici\u00f3n de vapor, como la pulverizaci\u00f3n cat\u00f3dica del magnetr\u00f3n o la pulverizaci\u00f3n cat\u00f3dica del haz de iones.<\/p>\n<p>Materiales emisores de campo: Las propiedades emisoras de electrones del Borido de tungsteno permiten su uso como material emisor de campo. Al depositar pel\u00edculas W\u2082B en el sustrato, se pueden fabricar materiales con buenas propiedades de emisi\u00f3n de campo para su uso en campos como la microscop\u00eda electr\u00f3nica y las pantallas planas.<\/p>\n","protected":false},"featured_media":1033207,"comment_status":"open","ping_status":"closed","template":"","meta":{"_acf_changed":false},"product_brand":[],"product_cat":[178],"product_tag":[],"class_list":{"0":"post-1025158","1":"product","2":"type-product","3":"status-publish","4":"has-post-thumbnail","6":"product_cat-catodos-para-sputtering-planar","8":"first","9":"instock","10":"shipping-taxable","11":"product-type-variable"},"acf":[],"_links":{"self":[{"href":"https:\/\/vimaterial.de\/es\/wp-json\/wp\/v2\/product\/1025158","targetHints":{"allow":["GET"]}}],"collection":[{"href":"https:\/\/vimaterial.de\/es\/wp-json\/wp\/v2\/product"}],"about":[{"href":"https:\/\/vimaterial.de\/es\/wp-json\/wp\/v2\/types\/product"}],"replies":[{"embeddable":true,"href":"https:\/\/vimaterial.de\/es\/wp-json\/wp\/v2\/comments?post=1025158"}],"wp:featuredmedia":[{"embeddable":true,"href":"https:\/\/vimaterial.de\/es\/wp-json\/wp\/v2\/media\/1033207"}],"wp:attachment":[{"href":"https:\/\/vimaterial.de\/es\/wp-json\/wp\/v2\/media?parent=1025158"}],"wp:term":[{"taxonomy":"product_brand","embeddable":true,"href":"https:\/\/vimaterial.de\/es\/wp-json\/wp\/v2\/product_brand?post=1025158"},{"taxonomy":"product_cat","embeddable":true,"href":"https:\/\/vimaterial.de\/es\/wp-json\/wp\/v2\/product_cat?post=1025158"},{"taxonomy":"product_tag","embeddable":true,"href":"https:\/\/vimaterial.de\/es\/wp-json\/wp\/v2\/product_tag?post=1025158"}],"curies":[{"name":"wp","href":"https:\/\/api.w.org\/{rel}","templated":true}]}}