{"id":1025152,"date":"2024-06-17T15:50:44","date_gmt":"2024-06-17T07:50:44","guid":{"rendered":"https:\/\/vimaterial.de\/product\/boruro-de-wolframio-3\/"},"modified":"2024-10-28T15:52:41","modified_gmt":"2024-10-28T07:52:41","slug":"boruro-de-wolframio-3","status":"publish","type":"product","link":"https:\/\/vimaterial.de\/es\/product\/boruro-de-wolframio-3\/","title":{"rendered":"Borido de tungsteno"},"content":{"rendered":"<h3>Informaci\u00f3n b\u00e1sica<\/h3>\n<p>F\u00f3rmula qu\u00edmica: W\u2082B, consta de dos elementos, tungsteno (W) y boro (B), la valencia promedio del tungsteno es de aproximadamente + 2 valencias, el boro es de &#8211; 2 valencias.<\/p>\n<p>Estructura cristalina: W\u2082B tiene una estructura cristalina tetragonal.<\/p>\n<p>Aspecto: Los polvos W\u2082B son generalmente de color gris o gris oscuro.<\/p>\n<p>Valores de densidad: 16 &#8211; 17 g\/cm\u00b3.<\/p>\n<p>Caracter\u00edsticas de dureza: alrededor de 7 &#8211; 8.<\/p>\n<h3>\u00c1mbitos de aplicaci\u00f3n<\/h3>\n<p>Transistores y circuitos integrados: Las propiedades semiconductoras del W\u2082B lo hacen potencialmente \u00fatil en el campo de los transistores y los circuitos integrados.<\/p>\n<p>Materiales resistivos: Debido a que la resistencia del W\u2082B var\u00eda significativamente con la temperatura, se puede utilizar como material de resistencia (termistor) sensible a la temperatura.<\/p>\n<p>Materiales de modulaci\u00f3n \u00f3ptica: El Borido de tungsteno es un material de absorci\u00f3n y reflexi\u00f3n de la luz que le permiten ser utilizado como material de modulaci\u00f3n \u00f3ptica. En el campo de las comunicaciones \u00f3pticas, se puede utilizar para fabricar interruptores \u00f3pticos, atenuadores \u00f3pticos y otros dispositivos optoelectr\u00f3nicos, que se pueden utilizar para regular el encendido y apagado de la trayectoria \u00f3ptica o la magnitud de la intensidad de la luz cambiando las se\u00f1ales \u00f3pticas o el\u00e9ctricas.<\/p>\n<p>Recubrimientos para herramientas de corte y moldes: El Borido de tungsteno es de alta dureza y estabilidad qu\u00edmica y permiten su uso en la fabricaci\u00f3n de recubrimientos para herramientas de corte y moldes. Durante el procesamiento de metales, los recubrimientos pueden mejorar la resistencia al desgaste de herramientas y moldes y prolongar su vida \u00fatil.<\/p>\n","protected":false},"excerpt":{"rendered":"<p>Boruro, f\u00f3rmula molecular: Borido de tungsteno, peso molecular 378,49, densidad 1,6 g\/ml, punto de fusi\u00f3n: 2670 \u00b0C, conductividad met\u00e1lica, soluble en agua regia. El di\u00f3xido de tungsteno borado debe almacenarse en un ambiente herm\u00e9tico, fresco y seco.<\/p>\n","protected":false},"featured_media":1033202,"comment_status":"open","ping_status":"closed","template":"","meta":{"_acf_changed":false},"product_brand":[],"product_cat":[183],"product_tag":[],"class_list":{"0":"post-1025152","1":"product","2":"type-product","3":"status-publish","4":"has-post-thumbnail","6":"product_cat-c-n-b-si-materiales","8":"first","9":"instock","10":"shipping-taxable","11":"purchasable","12":"product-type-variable"},"acf":[],"_links":{"self":[{"href":"https:\/\/vimaterial.de\/es\/wp-json\/wp\/v2\/product\/1025152","targetHints":{"allow":["GET"]}}],"collection":[{"href":"https:\/\/vimaterial.de\/es\/wp-json\/wp\/v2\/product"}],"about":[{"href":"https:\/\/vimaterial.de\/es\/wp-json\/wp\/v2\/types\/product"}],"replies":[{"embeddable":true,"href":"https:\/\/vimaterial.de\/es\/wp-json\/wp\/v2\/comments?post=1025152"}],"wp:featuredmedia":[{"embeddable":true,"href":"https:\/\/vimaterial.de\/es\/wp-json\/wp\/v2\/media\/1033202"}],"wp:attachment":[{"href":"https:\/\/vimaterial.de\/es\/wp-json\/wp\/v2\/media?parent=1025152"}],"wp:term":[{"taxonomy":"product_brand","embeddable":true,"href":"https:\/\/vimaterial.de\/es\/wp-json\/wp\/v2\/product_brand?post=1025152"},{"taxonomy":"product_cat","embeddable":true,"href":"https:\/\/vimaterial.de\/es\/wp-json\/wp\/v2\/product_cat?post=1025152"},{"taxonomy":"product_tag","embeddable":true,"href":"https:\/\/vimaterial.de\/es\/wp-json\/wp\/v2\/product_tag?post=1025152"}],"curies":[{"name":"wp","href":"https:\/\/api.w.org\/{rel}","templated":true}]}}