{"id":1025141,"date":"2024-06-17T15:50:44","date_gmt":"2024-06-17T07:50:44","guid":{"rendered":"https:\/\/vimaterial.de\/product\/boruro-de-wolframio-2\/"},"modified":"2024-10-28T16:34:43","modified_gmt":"2024-10-28T08:34:43","slug":"boruro-de-wolframio-2","status":"publish","type":"product","link":"https:\/\/vimaterial.de\/es\/product\/boruro-de-wolframio-2\/","title":{"rendered":"Borido de tungsteno"},"content":{"rendered":"<h3>Informaci\u00f3n b\u00e1sica<\/h3>\n<p>F\u00f3rmula qu\u00edmica y valencia elemental: La f\u00f3rmula qu\u00edmica del W\u2082B\u2085 indica que el compuesto est\u00e1 formado por dos elementos, tungsteno (W) y boro (B).<\/p>\n<p>Tipo de estructura cristalina: El Borido de tungsteno tiene una estructura cristalina compleja y pertenece al sistema cristalino tetragonal.<\/p>\n<p>Aspecto y morfolog\u00eda: Aparece de color negro o gris oscuro.<\/p>\n<p>Valor de densidad: 13 &#8211; 14 g\/cm\u00b3.<\/p>\n<p>Propiedades de dureza: Dureza alrededor de 8 &#8211; 9, valores de dureza cercanos al diamante.<\/p>\n<h3>Campos de aplicaci\u00f3n<\/h3>\n<p>Transistores y circuitos integrados: Las propiedades semiconductoras del W\u2082B\u2085 lo hacen potencialmente \u00fatil en el campo de los transistores y los circuitos integrados.<\/p>\n<p>Materiales resistivos: Debido a que la resistencia del Borido de tungsteno cambia significativamente con la temperatura, se puede utilizar como un material de resistencia (termistor) sensible a la temperatura. En los dispositivos electr\u00f3nicos, los termistores se utilizan para funciones como la medici\u00f3n de temperatura, la compensaci\u00f3n de temperatura y la protecci\u00f3n contra sobrecalentamiento.<\/p>\n<p>Materiales de modulaci\u00f3n de la luz: Las propiedades de absorci\u00f3n y reflexi\u00f3n de la luz del W\u2082B\u2085 permiten su uso como material de modulaci\u00f3n de la luz. En el campo de las comunicaciones \u00f3pticas, se puede utilizar para fabricar interruptores \u00f3pticos, atenuadores \u00f3pticos y otros dispositivos optoelectr\u00f3nicos, que se pueden utilizar para regular la trayectoria de la luz de encendido y apagado o la intensidad de la luz cambiando las se\u00f1ales \u00f3pticas o el\u00e9ctricas.<\/p>\n<p>Herramientas de corte y recubrimientos de moldes: La alta dureza y estabilidad qu\u00edmica del Borido de tungsteno lo hacen adecuado para la fabricaci\u00f3n de herramientas de corte y recubrimientos de moldes.<\/p>\n","protected":false},"excerpt":{"rendered":"<p>Transistores y circuitos integrados: Las propiedades semiconductoras del W\u2082B\u2085 lo hacen potencialmente \u00fatil en el campo de los transistores y los circuitos integrados.<\/p>\n<p>Materiales resistivos: Debido a que la resistencia del Borido de tungsteno cambia significativamente con la temperatura, se puede utilizar como un material de resistencia (termistor) sensible a la temperatura. En los dispositivos electr\u00f3nicos, los termistores se utilizan para funciones como la medici\u00f3n de temperatura, la compensaci\u00f3n de temperatura y la protecci\u00f3n contra sobrecalentamiento.<\/p>\n","protected":false},"featured_media":1033212,"comment_status":"open","ping_status":"closed","template":"","meta":{"_acf_changed":false},"product_brand":[],"product_cat":[183],"product_tag":[],"class_list":{"0":"post-1025141","1":"product","2":"type-product","3":"status-publish","4":"has-post-thumbnail","6":"product_cat-c-n-b-si-materiales","8":"first","9":"instock","10":"shipping-taxable","11":"purchasable","12":"product-type-variable"},"acf":[],"_links":{"self":[{"href":"https:\/\/vimaterial.de\/es\/wp-json\/wp\/v2\/product\/1025141","targetHints":{"allow":["GET"]}}],"collection":[{"href":"https:\/\/vimaterial.de\/es\/wp-json\/wp\/v2\/product"}],"about":[{"href":"https:\/\/vimaterial.de\/es\/wp-json\/wp\/v2\/types\/product"}],"replies":[{"embeddable":true,"href":"https:\/\/vimaterial.de\/es\/wp-json\/wp\/v2\/comments?post=1025141"}],"wp:featuredmedia":[{"embeddable":true,"href":"https:\/\/vimaterial.de\/es\/wp-json\/wp\/v2\/media\/1033212"}],"wp:attachment":[{"href":"https:\/\/vimaterial.de\/es\/wp-json\/wp\/v2\/media?parent=1025141"}],"wp:term":[{"taxonomy":"product_brand","embeddable":true,"href":"https:\/\/vimaterial.de\/es\/wp-json\/wp\/v2\/product_brand?post=1025141"},{"taxonomy":"product_cat","embeddable":true,"href":"https:\/\/vimaterial.de\/es\/wp-json\/wp\/v2\/product_cat?post=1025141"},{"taxonomy":"product_tag","embeddable":true,"href":"https:\/\/vimaterial.de\/es\/wp-json\/wp\/v2\/product_tag?post=1025141"}],"curies":[{"name":"wp","href":"https:\/\/api.w.org\/{rel}","templated":true}]}}