{"id":1025122,"date":"2024-06-17T15:50:45","date_gmt":"2024-06-17T07:50:45","guid":{"rendered":"https:\/\/vimaterial.de\/product\/carburo-de-wolframio-2\/"},"modified":"2024-10-28T15:23:38","modified_gmt":"2024-10-28T07:23:38","slug":"carburo-de-wolframio-2","status":"publish","type":"product","link":"https:\/\/vimaterial.de\/es\/product\/carburo-de-wolframio-2\/","title":{"rendered":"Carburo de tungsteno"},"content":{"rendered":"<h3>Informaci\u00f3n b\u00e1sica<\/h3>\n<p>F\u00f3rmula qu\u00edmica: El carburo de tungsteno tiene la f\u00f3rmula qu\u00edmica WC y consta de dos elementos, tungsteno (W) y carbono (C), con tungsteno en el valor +4 y carbono en el valor -4.<\/p>\n<p>Tipo de estructura cristalina: WC tiene un sistema cristalino hexagonal simple.<br \/>\nAspecto: Generalmente negro o gris oscuro.<br \/>\nValor de densidad: La densidad del WC es de aproximadamente 15,63 g\/cm\u00b3.<br \/>\nPropiedades de dureza: El carburo de tungsteno es extremadamente duro, con una dureza de aproximadamente 9 en la escala de Mohs, solo superada por el diamante.<br \/>\nPunto de fusi\u00f3n: 2870\u00b0C.<br \/>\nCoeficiente de dilataci\u00f3n t\u00e9rmica: 6,2\u00d710-\u2076\/K.<\/p>\n<h3>Campos de aplicaci\u00f3n<\/h3>\n<p>Fabricaci\u00f3n de componentes electr\u00f3nicos: en el campo de la electr\u00f3nica, conductividad y estabilidad del carburo de tungsteno para que pueda utilizarse en la fabricaci\u00f3n de componentes electr\u00f3nicos. Por ejemplo, el carburo de tungsteno se puede utilizar como emisor de electrones en dispositivos electr\u00f3nicos de vac\u00edo, como tubos de electrones, y tambi\u00e9n se puede utilizar en la fabricaci\u00f3n de resistencias, circuitos integrados en la l\u00ednea conductora, etc.<\/p>\n<p>Refuerzo de materiales compuestos: El polvo de WC como fase de refuerzo se usa ampliamente en el refuerzo de materiales compuestos. Dichos compuestos reforzados con WC son ampliamente utilizados en la industria aeroespacial, automotriz, equipos deportivos y otros campos, por ejemplo, en cuchillas de motores aeron\u00e1uticos, discos de freno de autom\u00f3viles, palos de golf y otros productos.<\/p>\n","protected":false},"excerpt":{"rendered":"<p>Fabricaci\u00f3n de componentes electr\u00f3nicos: en el campo de la electr\u00f3nica, conductividad y estabilidad del carburo de tungsteno para que pueda utilizarse en la fabricaci\u00f3n de componentes electr\u00f3nicos. Por ejemplo, el carburo de tungsteno se puede utilizar como emisor de electrones en dispositivos electr\u00f3nicos de vac\u00edo, como tubos de electrones, y tambi\u00e9n se puede utilizar en la fabricaci\u00f3n de resistencias, circuitos integrados en la l\u00ednea conductora, etc.<\/p>\n<p>Refuerzo de materiales compuestos: El polvo de WC como fase de refuerzo se usa ampliamente en el refuerzo de materiales compuestos. Dichos compuestos reforzados con carburo de tungsteno se utilizan ampliamente en la industria aeroespacial, automotriz, equipos deportivos y otros campos, por ejemplo, en palas de motores aeron\u00e1uticos, discos de freno automotrices, palos de golf y otros productos.<\/p>\n","protected":false},"featured_media":1033222,"comment_status":"open","ping_status":"closed","template":"","meta":{"_acf_changed":false},"product_brand":[],"product_cat":[183],"product_tag":[],"class_list":{"0":"post-1025122","1":"product","2":"type-product","3":"status-publish","4":"has-post-thumbnail","6":"product_cat-c-n-b-si-materiales","8":"first","9":"instock","10":"shipping-taxable","11":"purchasable","12":"product-type-variable"},"acf":[],"_links":{"self":[{"href":"https:\/\/vimaterial.de\/es\/wp-json\/wp\/v2\/product\/1025122","targetHints":{"allow":["GET"]}}],"collection":[{"href":"https:\/\/vimaterial.de\/es\/wp-json\/wp\/v2\/product"}],"about":[{"href":"https:\/\/vimaterial.de\/es\/wp-json\/wp\/v2\/types\/product"}],"replies":[{"embeddable":true,"href":"https:\/\/vimaterial.de\/es\/wp-json\/wp\/v2\/comments?post=1025122"}],"wp:featuredmedia":[{"embeddable":true,"href":"https:\/\/vimaterial.de\/es\/wp-json\/wp\/v2\/media\/1033222"}],"wp:attachment":[{"href":"https:\/\/vimaterial.de\/es\/wp-json\/wp\/v2\/media?parent=1025122"}],"wp:term":[{"taxonomy":"product_brand","embeddable":true,"href":"https:\/\/vimaterial.de\/es\/wp-json\/wp\/v2\/product_brand?post=1025122"},{"taxonomy":"product_cat","embeddable":true,"href":"https:\/\/vimaterial.de\/es\/wp-json\/wp\/v2\/product_cat?post=1025122"},{"taxonomy":"product_tag","embeddable":true,"href":"https:\/\/vimaterial.de\/es\/wp-json\/wp\/v2\/product_tag?post=1025122"}],"curies":[{"name":"wp","href":"https:\/\/api.w.org\/{rel}","templated":true}]}}