{"id":1025112,"date":"2024-06-17T15:50:44","date_gmt":"2024-06-17T07:50:44","guid":{"rendered":"https:\/\/vimaterial.de\/product\/boruro-de-wolframio\/"},"modified":"2024-10-28T16:48:51","modified_gmt":"2024-10-28T08:48:51","slug":"boruro-de-wolframio","status":"publish","type":"product","link":"https:\/\/vimaterial.de\/es\/product\/boruro-de-wolframio\/","title":{"rendered":"Borido de tungsteno"},"content":{"rendered":"<h3>Informaci\u00f3n b\u00e1sica<\/h3>\n<p>F\u00f3rmula qu\u00edmica y valencia elemental: El Borido de tungsteno es un compuesto formado por tungsteno (W) y boro (B), donde el tungsteno tiene una valencia de +2 y el boro tiene una valencia de -2.<\/p>\n<p>Tipo de estructura cristalina: El Borido de tungsteno tiene una estructura cristalina hexagonal.<\/p>\n<p>Aspecto: Generalmente gris o gris oscuro.<\/p>\n<p>Valor de densidad: 15 &#8211; 16 g\/cm\u00b3.<\/p>\n<p>Caracter\u00edsticas de dureza: alrededor de 7 &#8211; 8.<\/p>\n<h3>Campos de aplicaci\u00f3n<\/h3>\n<p>Transistores y circuitos integrados: El Borido de tungsteno es semiconductor, sus propiedades lo hacen potencialmente valioso en el campo de los transistores y los circuitos integrados.<\/p>\n<p>Materiales resistivos: Dado que la resistencia del WB cambia significativamente con la temperatura, se puede utilizar como material de resistencia (termistor) sensible a la temperatura.<\/p>\n<p>Materiales de modulaci\u00f3n \u00f3ptica: Las propiedades de absorci\u00f3n y reflexi\u00f3n de la luz WB hacen posible su uso como material de modulaci\u00f3n \u00f3ptica. En el campo de la comunicaci\u00f3n \u00f3ptica, WB se puede utilizar para fabricar interruptores \u00f3pticos, atenuadores \u00f3pticos y otros dispositivos optoelectr\u00f3nicos, que se pueden utilizar para regular el encendido y apagado de la trayectoria \u00f3ptica o la magnitud de la intensidad de la luz cambiando las se\u00f1ales \u00f3pticas o el\u00e9ctricas.<\/p>\n<p>Recubrimientos para herramientas de corte y moldes: El Borido de tungsteno es de alta dureza y estabilidad qu\u00edmica y permite su uso en la fabricaci\u00f3n de recubrimientos para herramientas de corte y moldes.<\/p>\n","protected":false},"excerpt":{"rendered":"<p>Transistores y circuitos integrados: El Borido de tungsteno es semiconductor, sus propiedades lo hacen potencialmente valioso en el campo de los transistores y los circuitos integrados.<\/p>\n<p>&nbsp;<\/p>\n<p>Materiales resistivos: Dado que la resistencia del WB cambia significativamente con la temperatura, se puede utilizar como material de resistencia (termistor) sensible a la temperatura.<\/p>\n<p>&nbsp;<\/p>\n<p>Materiales de modulaci\u00f3n \u00f3ptica: Las propiedades de absorci\u00f3n y reflexi\u00f3n de la luz WB hacen posible su uso como material de modulaci\u00f3n \u00f3ptica. En el campo de la comunicaci\u00f3n \u00f3ptica, WB se puede utilizar para fabricar interruptores \u00f3pticos, atenuadores \u00f3pticos y otros dispositivos optoelectr\u00f3nicos, que se pueden utilizar para regular el encendido y apagado de la trayectoria \u00f3ptica o la magnitud de la intensidad de la luz cambiando las se\u00f1ales \u00f3pticas o el\u00e9ctricas.<\/p>\n","protected":false},"featured_media":1033217,"comment_status":"open","ping_status":"closed","template":"","meta":{"_acf_changed":false},"product_brand":[],"product_cat":[183],"product_tag":[],"class_list":{"0":"post-1025112","1":"product","2":"type-product","3":"status-publish","4":"has-post-thumbnail","6":"product_cat-c-n-b-si-materiales","8":"first","9":"instock","10":"shipping-taxable","11":"purchasable","12":"product-type-variable"},"acf":[],"_links":{"self":[{"href":"https:\/\/vimaterial.de\/es\/wp-json\/wp\/v2\/product\/1025112","targetHints":{"allow":["GET"]}}],"collection":[{"href":"https:\/\/vimaterial.de\/es\/wp-json\/wp\/v2\/product"}],"about":[{"href":"https:\/\/vimaterial.de\/es\/wp-json\/wp\/v2\/types\/product"}],"replies":[{"embeddable":true,"href":"https:\/\/vimaterial.de\/es\/wp-json\/wp\/v2\/comments?post=1025112"}],"wp:featuredmedia":[{"embeddable":true,"href":"https:\/\/vimaterial.de\/es\/wp-json\/wp\/v2\/media\/1033217"}],"wp:attachment":[{"href":"https:\/\/vimaterial.de\/es\/wp-json\/wp\/v2\/media?parent=1025112"}],"wp:term":[{"taxonomy":"product_brand","embeddable":true,"href":"https:\/\/vimaterial.de\/es\/wp-json\/wp\/v2\/product_brand?post=1025112"},{"taxonomy":"product_cat","embeddable":true,"href":"https:\/\/vimaterial.de\/es\/wp-json\/wp\/v2\/product_cat?post=1025112"},{"taxonomy":"product_tag","embeddable":true,"href":"https:\/\/vimaterial.de\/es\/wp-json\/wp\/v2\/product_tag?post=1025112"}],"curies":[{"name":"wp","href":"https:\/\/api.w.org\/{rel}","templated":true}]}}