{"id":1025080,"date":"2024-06-17T15:50:45","date_gmt":"2024-06-17T07:50:45","guid":{"rendered":"https:\/\/vimaterial.de\/product\/carburo-de-wolframio\/"},"modified":"2024-10-28T15:37:51","modified_gmt":"2024-10-28T07:37:51","slug":"carburo-de-wolframio","status":"publish","type":"product","link":"https:\/\/vimaterial.de\/es\/product\/carburo-de-wolframio\/","title":{"rendered":"Carburo de tungsteno"},"content":{"rendered":"<h3>Informaci\u00f3n b\u00e1sica<\/h3>\n<p>Composici\u00f3n: Los elementos centrales del WC son el tungsteno (W) y el carbono (C), con el tungsteno a +4 de valencia y el carbono a -4 de valencia.<\/p>\n<p>Estructura cristalina: WC tiene una estructura cristalina hexagonal simple.<\/p>\n<p>Apariencia y morfolog\u00eda: Los blancos de carburo de tungsteno son generalmente grumos negros o gris oscuro.<\/p>\n<h3>Campos de aplicaci\u00f3n<\/h3>\n<p>Deposici\u00f3n de pel\u00edcula delgada: El objetivo WC es ampliamente utilizado para la deposici\u00f3n de pel\u00edcula delgada en la fabricaci\u00f3n de productos electr\u00f3nicos y semiconductores. A trav\u00e9s de la pulverizaci\u00f3n cat\u00f3dica de magnetr\u00f3n o pulverizaci\u00f3n cat\u00f3dica por haz de iones y otras t\u00e9cnicas f\u00edsicas de deposici\u00f3n de vapor, el carburo de tungsteno se deposita en la superficie de chips semiconductores, placas de circuitos o componentes electr\u00f3nicos.<\/p>\n<p>Materiales de emisi\u00f3n de campo: las caracter\u00edsticas de emisi\u00f3n de electrones del WC lo hacen disponible como materiales de emisi\u00f3n de campo. Al depositar la pel\u00edcula de WC en el sustrato, se pueden fabricar materiales con buenas propiedades de emisi\u00f3n de campo para su uso en microscopios electr\u00f3nicos, pantallas planas y otros campos.<\/p>\n<p>Materiales termoel\u00e9ctricos: El WC tambi\u00e9n tiene cierto valor de investigaci\u00f3n en la conversi\u00f3n termoel\u00e9ctrica. Sus propiedades el\u00e9ctricas y t\u00e9rmicas \u00fanicas hacen posible que el carburo de tungsteno se utilice como material termoel\u00e9ctrico en dispositivos de conversi\u00f3n de calor y energ\u00eda, convirtiendo el calor residual en electricidad y mejorando la utilizaci\u00f3n de la energ\u00eda.<\/p>\n","protected":false},"excerpt":{"rendered":"<p>Deposici\u00f3n de pel\u00edcula delgada: el objetivo de carburo de tungsteno se usa ampliamente para la deposici\u00f3n de pel\u00edcula delgada en la fabricaci\u00f3n de productos electr\u00f3nicos y semiconductores. A trav\u00e9s de la pulverizaci\u00f3n cat\u00f3dica de magnetr\u00f3n o pulverizaci\u00f3n cat\u00f3dica por haz de iones y otras t\u00e9cnicas f\u00edsicas de deposici\u00f3n de vapor, el carburo de tungsteno se deposita en la superficie de chips semiconductores, placas de circuitos o componentes electr\u00f3nicos.<\/p>\n<p>Materiales de emisi\u00f3n de campo: las caracter\u00edsticas de emisi\u00f3n de electrones del WC lo hacen disponible como materiales de emisi\u00f3n de campo. Al depositar la pel\u00edcula de WC en el sustrato, se pueden fabricar materiales con buenas propiedades de emisi\u00f3n de campo para su uso en microscopios electr\u00f3nicos, pantallas planas y otros campos.<\/p>\n","protected":false},"featured_media":1033227,"comment_status":"open","ping_status":"closed","template":"","meta":{"_acf_changed":false},"product_brand":[],"product_cat":[178],"product_tag":[],"class_list":{"0":"post-1025080","1":"product","2":"type-product","3":"status-publish","4":"has-post-thumbnail","6":"product_cat-catodos-para-sputtering-planar","8":"first","9":"instock","10":"shipping-taxable","11":"purchasable","12":"product-type-variable"},"acf":[],"_links":{"self":[{"href":"https:\/\/vimaterial.de\/es\/wp-json\/wp\/v2\/product\/1025080","targetHints":{"allow":["GET"]}}],"collection":[{"href":"https:\/\/vimaterial.de\/es\/wp-json\/wp\/v2\/product"}],"about":[{"href":"https:\/\/vimaterial.de\/es\/wp-json\/wp\/v2\/types\/product"}],"replies":[{"embeddable":true,"href":"https:\/\/vimaterial.de\/es\/wp-json\/wp\/v2\/comments?post=1025080"}],"wp:featuredmedia":[{"embeddable":true,"href":"https:\/\/vimaterial.de\/es\/wp-json\/wp\/v2\/media\/1033227"}],"wp:attachment":[{"href":"https:\/\/vimaterial.de\/es\/wp-json\/wp\/v2\/media?parent=1025080"}],"wp:term":[{"taxonomy":"product_brand","embeddable":true,"href":"https:\/\/vimaterial.de\/es\/wp-json\/wp\/v2\/product_brand?post=1025080"},{"taxonomy":"product_cat","embeddable":true,"href":"https:\/\/vimaterial.de\/es\/wp-json\/wp\/v2\/product_cat?post=1025080"},{"taxonomy":"product_tag","embeddable":true,"href":"https:\/\/vimaterial.de\/es\/wp-json\/wp\/v2\/product_tag?post=1025080"}],"curies":[{"name":"wp","href":"https:\/\/api.w.org\/{rel}","templated":true}]}}