{"id":1025054,"date":"2024-06-17T15:53:25","date_gmt":"2024-06-17T07:53:25","guid":{"rendered":"https:\/\/vimaterial.de\/product\/oxido-de-wolframio-6\/"},"modified":"2024-10-28T14:16:14","modified_gmt":"2024-10-28T06:16:14","slug":"oxido-de-tungsteno","status":"publish","type":"product","link":"https:\/\/vimaterial.de\/es\/product\/oxido-de-tungsteno\/","title":{"rendered":"\u00d3xido de tungsteno"},"content":{"rendered":"<h3>Informaci\u00f3n b\u00e1sica:<\/h3>\n<p>F\u00f3rmula qu\u00edmica: WO\u2082, compuesto de tungsteno (W) y ox\u00edgeno (O), donde el tungsteno tiene una valencia de + 4 y el ox\u00edgeno &#8211; 2.<\/p>\n<p>Estructura cristalina: WO\u2082 tiene una estructura cristalina monocl\u00ednica. En su estructura cristalina, los \u00e1tomos de tungsteno y ox\u00edgeno est\u00e1n interconectados en una disposici\u00f3n espec\u00edfica, formando una compleja red tridimensional.<br \/>\nAspecto: El polvo de WO\u2082 generalmente tiene un aspecto gris oscuro o negro.<br \/>\nDensidad: El WO\u2082 tiene una densidad relativamente alta de unos 12,11 g\/cm\u00b3.<br \/>\nDureza: WO\u2082 tiene un cierto grado de dureza, pero en comparaci\u00f3n con algunos materiales de alta dureza (como el carburo de tungsteno), la dureza es menor.<\/p>\n<h3>Campos de aplicaci\u00f3n<\/h3>\n<p>Transistores y circuitos integrados: El \u00f3xido de tungsteno tiene propiedades semiconductoras que lo hacen potencialmente \u00fatil en el campo de los transistores y circuitos integrados.<\/p>\n<p>Materiales resistivos: Dado que la resistencia del WO\u2082 var\u00eda significativamente con la temperatura, se puede utilizar como material de resistencia (termistor) sensible a la temperatura.<\/p>\n<p>Materiales de modulaci\u00f3n \u00f3ptica: El \u00f3xido de tungsteno es fotocrom\u00e1tico y sus propiedades electrocr\u00f3micas permiten su uso como material de modulaci\u00f3n \u00f3ptica. En el campo de las comunicaciones \u00f3pticas, se puede utilizar para fabricar interruptores \u00f3pticos, atenuadores \u00f3pticos y otros dispositivos optoelectr\u00f3nicos, que se pueden utilizar para regular el encendido y apagado de la trayectoria \u00f3ptica o la magnitud de la intensidad de la luz cambiando las se\u00f1ales \u00f3pticas o el\u00e9ctricas.<\/p>\n<p>Materiales de conversi\u00f3n fotot\u00e9rmica: El WO\u2082 tiene cierto potencial de aplicaci\u00f3n en la conversi\u00f3n fotot\u00e9rmica. Utilizando sus propiedades de alta absorci\u00f3n en las bandas visible e infrarroja cercana, puede convertir de manera eficiente la energ\u00eda luminosa, como la energ\u00eda solar, en energ\u00eda t\u00e9rmica.<\/p>\n<p>Materiales de electrodos para bater\u00edas de iones de litio: En la investigaci\u00f3n de bater\u00edas de iones de litio, el WO\u2082 ha recibido atenci\u00f3n como material de electrodos. la estructura cristalina de WO\u2082 proporciona un canal para la incrustaci\u00f3n y desincrustaci\u00f3n de iones de litio, y su alta capacidad espec\u00edfica te\u00f3rica brinda la posibilidad de aumentar la densidad de energ\u00eda de la bater\u00eda.<\/p>\n","protected":false},"excerpt":{"rendered":"<p>El \u00f3xido de tungsteno es un cristal de polvo monocl\u00ednico marr\u00f3n, utilizado principalmente en la fabricaci\u00f3n de polvo de tungsteno y tri\u00f3xido de tungsteno.<\/p>\n<p>Transistores y circuitos integrados: Las propiedades del \u00f3xido de tungsteno son semiconductores y lo hacen potencialmente \u00fatil en el campo de los transistores y los circuitos integrados.<\/p>\n<p>Materiales resistivos: Dado que la resistencia del WO\u2082 var\u00eda significativamente con la temperatura, se puede utilizar como material de resistencia (termistor) sensible a la temperatura.<\/p>\n","protected":false},"featured_media":1033247,"comment_status":"open","ping_status":"closed","template":"","meta":{"_acf_changed":false},"product_brand":[],"product_cat":[186],"product_tag":[],"class_list":{"0":"post-1025054","1":"product","2":"type-product","3":"status-publish","4":"has-post-thumbnail","6":"product_cat-materiales-de-oxido-hidroxido","8":"first","9":"instock","10":"shipping-taxable","11":"purchasable","12":"product-type-variable"},"acf":[],"_links":{"self":[{"href":"https:\/\/vimaterial.de\/es\/wp-json\/wp\/v2\/product\/1025054","targetHints":{"allow":["GET"]}}],"collection":[{"href":"https:\/\/vimaterial.de\/es\/wp-json\/wp\/v2\/product"}],"about":[{"href":"https:\/\/vimaterial.de\/es\/wp-json\/wp\/v2\/types\/product"}],"replies":[{"embeddable":true,"href":"https:\/\/vimaterial.de\/es\/wp-json\/wp\/v2\/comments?post=1025054"}],"wp:featuredmedia":[{"embeddable":true,"href":"https:\/\/vimaterial.de\/es\/wp-json\/wp\/v2\/media\/1033247"}],"wp:attachment":[{"href":"https:\/\/vimaterial.de\/es\/wp-json\/wp\/v2\/media?parent=1025054"}],"wp:term":[{"taxonomy":"product_brand","embeddable":true,"href":"https:\/\/vimaterial.de\/es\/wp-json\/wp\/v2\/product_brand?post=1025054"},{"taxonomy":"product_cat","embeddable":true,"href":"https:\/\/vimaterial.de\/es\/wp-json\/wp\/v2\/product_cat?post=1025054"},{"taxonomy":"product_tag","embeddable":true,"href":"https:\/\/vimaterial.de\/es\/wp-json\/wp\/v2\/product_tag?post=1025054"}],"curies":[{"name":"wp","href":"https:\/\/api.w.org\/{rel}","templated":true}]}}