{"id":1025049,"date":"2024-06-17T15:50:45","date_gmt":"2024-06-17T07:50:45","guid":{"rendered":"https:\/\/vimaterial.de\/product\/cloruro-de-wolframio\/"},"modified":"2026-02-03T16:39:11","modified_gmt":"2026-02-03T08:39:11","slug":"cloruro-de-tungsteno","status":"publish","type":"product","link":"https:\/\/vimaterial.de\/es\/product\/cloruro-de-tungsteno\/","title":{"rendered":"Cloruro de tungsteno"},"content":{"rendered":"<p>El cloruro de tungsteno (WCl\u2086) es un compuesto qu\u00edmico compuesto de tungsteno y cloro.Por lo general, aparece como un polvo cristalino de color azul oscuro o violeta y es conocido por ser altamente reactivo.<\/p>\n<p>Caracter\u00edsticas:<\/p>\n<p>F\u00f3rmula qu\u00edmica: WCl\u2086<\/p>\n<p>Masa molar: 396,61 g\/mol<\/p>\n<p>Aspecto: Polvo cristalino de color azul oscuro a violeta<\/p>\n<p>Solubilidad: Reacciona con el agua; Soluble en disolventes org\u00e1nicos como etanol, \u00e9ter y tetracloruro de carbono<\/p>\n<p>Punto de fusi\u00f3n: 275 \u00b0C<\/p>\n<p>Punto de ebullici\u00f3n: Sublime a 346 \u00b0C<\/p>\n<p>Aplicaciones:<br \/>\n1. Cat\u00e1lisis: Reacciones qu\u00edmicas: El cloruro de tungsteno se utiliza como catalizador en la s\u00edntesis org\u00e1nica, particularmente en reacciones de polimerizaci\u00f3n y oxidaci\u00f3n.<br \/>\n2. Ciencia de los materiales: Precursor de los compuestos de tungsteno: Sirve como precursor para la s\u00edntesis de otros compuestos de tungsteno, como el \u00f3xido de tungsteno y el carburo de tungsteno, que son esenciales en diversas aplicaciones industriales.<br \/>\nS\u00edntesis de nanomateriales: El cloruro de tungsteno se utiliza en la producci\u00f3n de nanomateriales a base de tungsteno, que se utilizan en electr\u00f3nica, \u00f3ptica y como catalizadores.<br \/>\n3. Recubrimientos superficiales: Pel\u00edculas delgadas: WCl \u2086 se emplea en procesos de deposici\u00f3n qu\u00edmica de vapor (CVD) para producir recubrimientos de tungsteno, que son altamente resistentes al desgaste y la corrosi\u00f3n.<br \/>\nEste compuesto es importante en varios campos, especialmente en la ciencia de los materiales, la cat\u00e1lisis y la ingenier\u00eda de superficies, debido a su reactividad y capacidad para formar diversos materiales a base de tungsteno.<\/p>\n","protected":false},"excerpt":{"rendered":"<p>El cloruro de tungsteno (WCl\u2086) es un compuesto qu\u00edmico compuesto de tungsteno y cloro.Por lo general, aparece como un polvo cristalino de color azul oscuro o violeta y es conocido por ser altamente reactivo.<\/p>\n<p>Caracter\u00edsticas:<\/p>\n<p>F\u00f3rmula qu\u00edmica: WCl\u2086<\/p>\n<p>Masa molar: 396,61 g\/mol<\/p>\n<p>Aspecto: Polvo cristalino de color azul oscuro a violeta<\/p>\n<p>Solubilidad: Reacciona con el agua; Soluble en disolventes org\u00e1nicos como etanol, \u00e9ter y tetracloruro de carbono<\/p>\n<p>Punto de fusi\u00f3n: 275 \u00b0C<\/p>\n<p>Punto de ebullici\u00f3n: Sublime a 346 \u00b0C<\/p>\n<p>Aplicaciones:<br \/>\n1. Cat\u00e1lisis: Reacciones qu\u00edmicas: El cloruro de tungsteno se utiliza como catalizador en la s\u00edntesis org\u00e1nica, particularmente en reacciones de polimerizaci\u00f3n y oxidaci\u00f3n.<br \/>\n2. Ciencia de los materiales: Precursor de los compuestos de tungsteno: Sirve como precursor para la s\u00edntesis de otros compuestos de tungsteno, como el \u00f3xido de tungsteno y el carburo de tungsteno, que son esenciales en diversas aplicaciones industriales.<br \/>\nS\u00edntesis de nanomateriales: El cloruro de tungsteno se utiliza en la producci\u00f3n de nanomateriales a base de tungsteno, que se utilizan en electr\u00f3nica, \u00f3ptica y como catalizadores.<br \/>\n3. Recubrimientos superficiales: Pel\u00edculas delgadas: WCl \u2086 se emplea en procesos de deposici\u00f3n qu\u00edmica de vapor (CVD) para producir recubrimientos de tungsteno, que son altamente resistentes al desgaste y la corrosi\u00f3n.<br \/>\nEste compuesto es importante en varios campos, especialmente en la ciencia de los materiales, la cat\u00e1lisis y la ingenier\u00eda de superficies, debido a su reactividad y capacidad para formar diversos materiales a base de tungsteno.<\/p>\n","protected":false},"featured_media":1033242,"comment_status":"open","ping_status":"closed","template":"","meta":{"_acf_changed":false},"product_brand":[],"product_cat":[182],"product_tag":[],"class_list":{"0":"post-1025049","1":"product","2":"type-product","3":"status-publish","4":"has-post-thumbnail","6":"product_cat-materiales-halogenados","8":"first","9":"instock","10":"shipping-taxable","11":"purchasable","12":"product-type-variable"},"acf":[],"_links":{"self":[{"href":"https:\/\/vimaterial.de\/es\/wp-json\/wp\/v2\/product\/1025049","targetHints":{"allow":["GET"]}}],"collection":[{"href":"https:\/\/vimaterial.de\/es\/wp-json\/wp\/v2\/product"}],"about":[{"href":"https:\/\/vimaterial.de\/es\/wp-json\/wp\/v2\/types\/product"}],"replies":[{"embeddable":true,"href":"https:\/\/vimaterial.de\/es\/wp-json\/wp\/v2\/comments?post=1025049"}],"wp:featuredmedia":[{"embeddable":true,"href":"https:\/\/vimaterial.de\/es\/wp-json\/wp\/v2\/media\/1033242"}],"wp:attachment":[{"href":"https:\/\/vimaterial.de\/es\/wp-json\/wp\/v2\/media?parent=1025049"}],"wp:term":[{"taxonomy":"product_brand","embeddable":true,"href":"https:\/\/vimaterial.de\/es\/wp-json\/wp\/v2\/product_brand?post=1025049"},{"taxonomy":"product_cat","embeddable":true,"href":"https:\/\/vimaterial.de\/es\/wp-json\/wp\/v2\/product_cat?post=1025049"},{"taxonomy":"product_tag","embeddable":true,"href":"https:\/\/vimaterial.de\/es\/wp-json\/wp\/v2\/product_tag?post=1025049"}],"curies":[{"name":"wp","href":"https:\/\/api.w.org\/{rel}","templated":true}]}}