{"id":1025037,"date":"2024-06-17T15:53:25","date_gmt":"2024-06-17T07:53:25","guid":{"rendered":"https:\/\/vimaterial.de\/product\/oxido-de-wolframio-4\/"},"modified":"2024-10-28T14:30:28","modified_gmt":"2024-10-28T06:30:28","slug":"oxido-de-wolframio-4","status":"publish","type":"product","link":"https:\/\/vimaterial.de\/es\/product\/oxido-de-wolframio-4\/","title":{"rendered":"\u00d3xido de tungsteno"},"content":{"rendered":"<h3>Informaci\u00f3n b\u00e1sica<\/h3>\n<p>F\u00f3rmula qu\u00edmica: WO\u2082. \u2089, es un compuesto de relaci\u00f3n no entera compuesto de tungsteno (W) y ox\u00edgeno (O), la valencia del tungsteno no es una valencia entera en este compuesto y la valencia promedio es ligeramente inferior a + 6.<\/p>\n<p>Estructura cristalina: WO\u2082. \u2089 tiene una estructura cristalina compleja. Tiene similitudes con la estructura cristalina de WO\u2083, que pertenece a la estructura distorsionada del sistema cristalino c\u00fabico.<\/p>\n<p>Aspecto: WO\u2082. \u2089 El polvo suele tener un aspecto azul oscuro o azul-negro. Mecanismo de color: Presenta un aspecto azul oscuro o azul-negro, que es diferente del color de otros \u00f3xidos de tungsteno.<\/p>\n<p>Densidad: WO\u2082. \u2089 tiene una alta densidad, generalmente alrededor de 7 &#8211; 8 g\/cm\u00b3.<\/p>\n<h3>Campos de aplicaci\u00f3n<\/h3>\n<p>Fotodetector: utilizando \u00f3xido de tungsteno en la banda \u00f3ptica de propiedades de absorci\u00f3n de luz y propiedades el\u00e9ctricas especiales, se puede utilizar para preparar fotodetectores.<\/p>\n<p>Diodo emisor de luz (LED) y diodo l\u00e1ser (LD): debido a las propiedades luminiscentes del \u00f3xido de tungsteno, existe un valor potencial en la investigaci\u00f3n y aplicaci\u00f3n de LED y LD. Al optimizar la estructura del material y el proceso de preparaci\u00f3n, es posible utilizar WO\u2082. \u2089 como capa luminiscente o material auxiliar en LED y LD para mejorar la eficiencia de luminiscencia y la calidad del color de la luz.<\/p>\n<p>Reacci\u00f3n fotocatal\u00edtica: el \u00f3xido de tungsteno tiene un rendimiento fotocatal\u00edtico potencial, basado en sus propiedades de absorci\u00f3n de luz y estructura electr\u00f3nica especial, tiene potencial de aplicaci\u00f3n en la degradaci\u00f3n fotocatal\u00edtica de contaminantes org\u00e1nicos, la descomposici\u00f3n fotocatal\u00edtica del agua para producir hidr\u00f3geno y otras reacciones.<\/p>\n","protected":false},"excerpt":{"rendered":"<p>Fotodetector: utilizando \u00f3xido de tungsteno en la banda \u00f3ptica de propiedades de absorci\u00f3n de luz y propiedades el\u00e9ctricas especiales, se puede utilizar para preparar fotodetectores.<\/p>\n<p>Diodo emisor de luz (LED) y diodo l\u00e1ser (LD): debido a las propiedades luminiscentes del \u00f3xido de tungsteno, existe un valor potencial en la investigaci\u00f3n y aplicaci\u00f3n de LED y LD. Al optimizar la estructura del material y el proceso de preparaci\u00f3n, es posible utilizar WO\u2082. \u2089 como capa luminiscente o material auxiliar en LED y LD para mejorar la eficiencia de luminiscencia y la calidad del color de la luz.<\/p>\n","protected":false},"featured_media":1033252,"comment_status":"open","ping_status":"closed","template":"","meta":{"_acf_changed":false},"product_brand":[],"product_cat":[186],"product_tag":[],"class_list":{"0":"post-1025037","1":"product","2":"type-product","3":"status-publish","4":"has-post-thumbnail","6":"product_cat-materiales-de-oxido-hidroxido","8":"first","9":"instock","10":"shipping-taxable","11":"product-type-variable"},"acf":[],"_links":{"self":[{"href":"https:\/\/vimaterial.de\/es\/wp-json\/wp\/v2\/product\/1025037","targetHints":{"allow":["GET"]}}],"collection":[{"href":"https:\/\/vimaterial.de\/es\/wp-json\/wp\/v2\/product"}],"about":[{"href":"https:\/\/vimaterial.de\/es\/wp-json\/wp\/v2\/types\/product"}],"replies":[{"embeddable":true,"href":"https:\/\/vimaterial.de\/es\/wp-json\/wp\/v2\/comments?post=1025037"}],"wp:featuredmedia":[{"embeddable":true,"href":"https:\/\/vimaterial.de\/es\/wp-json\/wp\/v2\/media\/1033252"}],"wp:attachment":[{"href":"https:\/\/vimaterial.de\/es\/wp-json\/wp\/v2\/media?parent=1025037"}],"wp:term":[{"taxonomy":"product_brand","embeddable":true,"href":"https:\/\/vimaterial.de\/es\/wp-json\/wp\/v2\/product_brand?post=1025037"},{"taxonomy":"product_cat","embeddable":true,"href":"https:\/\/vimaterial.de\/es\/wp-json\/wp\/v2\/product_cat?post=1025037"},{"taxonomy":"product_tag","embeddable":true,"href":"https:\/\/vimaterial.de\/es\/wp-json\/wp\/v2\/product_tag?post=1025037"}],"curies":[{"name":"wp","href":"https:\/\/api.w.org\/{rel}","templated":true}]}}