{"id":1024966,"date":"2024-06-17T15:53:26","date_gmt":"2024-06-17T07:53:26","guid":{"rendered":"https:\/\/vimaterial.de\/product\/oxido-de-wolframio-2\/"},"modified":"2024-10-28T13:44:09","modified_gmt":"2024-10-28T05:44:09","slug":"oxido-de-wolframio-2","status":"publish","type":"product","link":"https:\/\/vimaterial.de\/es\/product\/oxido-de-wolframio-2\/","title":{"rendered":"\u00d3xido de tungsteno"},"content":{"rendered":"<p>El objetivo de \u00f3xido de tungsteno es un material importante para la pulverizaci\u00f3n cat\u00f3dica de magnetr\u00f3n y otros procesos de recubrimiento.<\/p>\n<h3>Propiedades b\u00e1sicas:<\/h3>\n<p>F\u00f3rmula y composici\u00f3n qu\u00edmica: La f\u00f3rmula qu\u00edmica es WO3, que est\u00e1 compuesta por dos elementos, tungsteno (W) y ox\u00edgeno (O).<\/p>\n<p>Estructura cristalina: Los cristales WO3 tienen una estructura octa\u00e9drica, con \u00e1tomos de tungsteno en el centro del octaedro y \u00e1tomos de ox\u00edgeno en los v\u00e9rtices de cada una de las ocho caras.<\/p>\n<p>Punto de fusi\u00f3n: 1472\u00b0C.<\/p>\n<p>Punto de ebullici\u00f3n: 1837\u00b0C.<\/p>\n<p>Densidad relativa: 7,16, insoluble en agua y \u00e1cido, ligeramente soluble en \u00e1cido fluorh\u00eddrico.<\/p>\n<h3>Campo de aplicaci\u00f3n:<\/h3>\n<p>Recubrimiento \u00f3ptico: Se utiliza para preparar todo tipo de pel\u00edculas \u00f3pticas, como pel\u00edculas antirreflectantes, pel\u00edculas de mejora de la transmitancia, etc. Se puede aplicar a instrumentos \u00f3pticos, lentes de gafas, c\u00e9lulas solares y otros campos para mejorar el rendimiento y la eficiencia de los dispositivos \u00f3pticos.<\/p>\n<p>Dispositivos electr\u00f3nicos: En el campo de la electr\u00f3nica, se puede utilizar para preparar dispositivos electr\u00f3nicos como transistores de pel\u00edcula delgada (TFT), transistores de efecto de campo (FET) y como materiales de electrodos.<\/p>\n<p>Sensores sensibles a los gases: El \u00f3xido de tungsteno es sensible a ciertos gases y se puede utilizar para preparar sensores sensibles a los gases para detectar la composici\u00f3n y concentraci\u00f3n de gases, como ox\u00edgeno, hidr\u00f3geno, mon\u00f3xido de carbono y otros gases.<\/p>\n<p>Dispositivos electrocr\u00f3micos: como ventanas inteligentes, espejos de autom\u00f3viles, etc. El color y la transparencia de la pel\u00edcula WO3 se pueden ajustar cambiando el voltaje aplicado para lograr el control y la regulaci\u00f3n de la luz.<\/p>\n","protected":false},"excerpt":{"rendered":"<p>El objetivo de \u00f3xido de tungsteno es un material importante para la pulverizaci\u00f3n cat\u00f3dica de magnetr\u00f3n y otros procesos de recubrimiento.<\/p>\n<p>Recubrimiento \u00f3ptico: Se utiliza para preparar todo tipo de pel\u00edculas \u00f3pticas, como pel\u00edculas antirreflectantes, pel\u00edculas de mejora de la transmitancia, etc. Se puede aplicar a instrumentos \u00f3pticos, lentes de gafas, c\u00e9lulas solares y otros campos para mejorar el rendimiento y la eficiencia de los dispositivos \u00f3pticos.<\/p>\n<p>Dispositivos electr\u00f3nicos: En el campo de la electr\u00f3nica, el \u00f3xido de tungsteno se puede utilizar para preparar dispositivos electr\u00f3nicos como transistores de pel\u00edcula delgada (TFT), transistores de efecto de campo (FET) y como materiales de electrodos.<\/p>\n","protected":false},"featured_media":1033272,"comment_status":"open","ping_status":"closed","template":"","meta":{"_acf_changed":false},"product_brand":[],"product_cat":[178],"product_tag":[],"class_list":{"0":"post-1024966","1":"product","2":"type-product","3":"status-publish","4":"has-post-thumbnail","6":"product_cat-catodos-para-sputtering-planar","8":"first","9":"instock","10":"shipping-taxable","11":"purchasable","12":"product-type-variable"},"acf":[],"_links":{"self":[{"href":"https:\/\/vimaterial.de\/es\/wp-json\/wp\/v2\/product\/1024966","targetHints":{"allow":["GET"]}}],"collection":[{"href":"https:\/\/vimaterial.de\/es\/wp-json\/wp\/v2\/product"}],"about":[{"href":"https:\/\/vimaterial.de\/es\/wp-json\/wp\/v2\/types\/product"}],"replies":[{"embeddable":true,"href":"https:\/\/vimaterial.de\/es\/wp-json\/wp\/v2\/comments?post=1024966"}],"wp:featuredmedia":[{"embeddable":true,"href":"https:\/\/vimaterial.de\/es\/wp-json\/wp\/v2\/media\/1033272"}],"wp:attachment":[{"href":"https:\/\/vimaterial.de\/es\/wp-json\/wp\/v2\/media?parent=1024966"}],"wp:term":[{"taxonomy":"product_brand","embeddable":true,"href":"https:\/\/vimaterial.de\/es\/wp-json\/wp\/v2\/product_brand?post=1024966"},{"taxonomy":"product_cat","embeddable":true,"href":"https:\/\/vimaterial.de\/es\/wp-json\/wp\/v2\/product_cat?post=1024966"},{"taxonomy":"product_tag","embeddable":true,"href":"https:\/\/vimaterial.de\/es\/wp-json\/wp\/v2\/product_tag?post=1024966"}],"curies":[{"name":"wp","href":"https:\/\/api.w.org\/{rel}","templated":true}]}}