{"id":1024957,"date":"2024-06-17T15:53:25","date_gmt":"2024-06-17T07:53:25","guid":{"rendered":"https:\/\/vimaterial.de\/product\/oxido-de-wolframio\/"},"modified":"2024-10-28T14:59:41","modified_gmt":"2024-10-28T06:59:41","slug":"oxido-de-wolframio","status":"publish","type":"product","link":"https:\/\/vimaterial.de\/es\/product\/oxido-de-wolframio\/","title":{"rendered":"\u00d3xido de tungsteno"},"content":{"rendered":"<p>Informaci\u00f3n b\u00e1sica<\/p>\n<p>F\u00f3rmula qu\u00edmica: WO \u2083, consiste en tungsteno (W) y ox\u00edgeno (O), la valencia del tungsteno es + 6.<br \/>\nEstructura cristalina: Estructuras ortorr\u00f3mbicas, monocl\u00ednicas y tricl\u00ednicas, de las cuales la ortorr\u00f3mbica es la m\u00e1s t\u00edpica.<br \/>\nAspecto: Las part\u00edculas de WO\u2083 suelen ser de color amarillo claro o verde amarillento.<br \/>\nDensidad: 7,16 g\/cm\u00b3.<br \/>\nDureza: aprox. 5 &#8211; 6 en la escala de dureza de Mohs.<\/p>\n<p>Campos de aplicaci\u00f3n<\/p>\n<p>Pel\u00edculas y recubrimientos \u00f3pticos: El \u00f3xido de tungsteno se utiliza en la preparaci\u00f3n de diversas pel\u00edculas y recubrimientos \u00f3pticos, como recubrimientos antirreflectantes, pel\u00edculas de mejora de la transmitancia y filtros.<\/p>\n<p>Transistores y circuitos integrados: El WO\u2083, como material semiconductor, tiene aplicaciones potenciales en el campo de los transistores y los circuitos integrados. Mediante el dopaje y la nanoestructuraci\u00f3n, se pueden mejorar sus propiedades el\u00e9ctricas, lo que permite su uso como capa activa o material de canal para nuevos dispositivos electr\u00f3nicos, y proporciona una nueva forma de romper el cuello de botella de la tecnolog\u00eda electr\u00f3nica existente basada en el silicio.<\/p>\n<p>Materiales de conversi\u00f3n fotot\u00e9rmica: El \u00f3xido de tungsteno tiene un cierto potencial de aplicaci\u00f3n en la conversi\u00f3n fotot\u00e9rmica. Utilizando sus propiedades de absorci\u00f3n de luz en las bandas visible e infrarroja cercana, puede convertir eficientemente la energ\u00eda luminosa, como la energ\u00eda solar, en energ\u00eda t\u00e9rmica.<\/p>\n<p>Materiales de electrodos para bater\u00edas de iones de litio: En la investigaci\u00f3n de bater\u00edas de iones de litio, el \u00f3xido de tungsteno ha recibido atenci\u00f3n como material de electrodo. la estructura cristalina de WO\u2083 proporciona un canal para la incrustaci\u00f3n y desincrustaci\u00f3n de iones de litio, y su alta capacidad espec\u00edfica te\u00f3rica ofrece la posibilidad de aumentar la densidad de energ\u00eda de la bater\u00eda.<\/p>\n","protected":false},"excerpt":{"rendered":"<p>Pel\u00edculas y recubrimientos \u00f3pticos: El \u00f3xido de tungsteno se utiliza en la preparaci\u00f3n de diversas pel\u00edculas y recubrimientos \u00f3pticos, como recubrimientos antirreflectantes, pel\u00edculas de mejora de la transmitancia y filtros.<\/p>\n<p>Transistores y circuitos integrados: El \u00f3xido de tungsteno, como material semiconductor, tiene aplicaciones potenciales en el campo de los transistores y los circuitos integrados. Mediante el dopaje y la nanoestructuraci\u00f3n, se pueden mejorar sus propiedades el\u00e9ctricas, lo que permite su uso como capa activa o material de canal para nuevos dispositivos electr\u00f3nicos, y proporciona una nueva forma de romper el cuello de botella de la tecnolog\u00eda electr\u00f3nica existente basada en el silicio.<\/p>\n","protected":false},"featured_media":1033267,"comment_status":"open","ping_status":"closed","template":"","meta":{"_acf_changed":false},"product_brand":[],"product_cat":[186],"product_tag":[],"class_list":{"0":"post-1024957","1":"product","2":"type-product","3":"status-publish","4":"has-post-thumbnail","6":"product_cat-materiales-de-oxido-hidroxido","8":"first","9":"instock","10":"shipping-taxable","11":"purchasable","12":"product-type-variable"},"acf":[],"_links":{"self":[{"href":"https:\/\/vimaterial.de\/es\/wp-json\/wp\/v2\/product\/1024957","targetHints":{"allow":["GET"]}}],"collection":[{"href":"https:\/\/vimaterial.de\/es\/wp-json\/wp\/v2\/product"}],"about":[{"href":"https:\/\/vimaterial.de\/es\/wp-json\/wp\/v2\/types\/product"}],"replies":[{"embeddable":true,"href":"https:\/\/vimaterial.de\/es\/wp-json\/wp\/v2\/comments?post=1024957"}],"wp:featuredmedia":[{"embeddable":true,"href":"https:\/\/vimaterial.de\/es\/wp-json\/wp\/v2\/media\/1033267"}],"wp:attachment":[{"href":"https:\/\/vimaterial.de\/es\/wp-json\/wp\/v2\/media?parent=1024957"}],"wp:term":[{"taxonomy":"product_brand","embeddable":true,"href":"https:\/\/vimaterial.de\/es\/wp-json\/wp\/v2\/product_brand?post=1024957"},{"taxonomy":"product_cat","embeddable":true,"href":"https:\/\/vimaterial.de\/es\/wp-json\/wp\/v2\/product_cat?post=1024957"},{"taxonomy":"product_tag","embeddable":true,"href":"https:\/\/vimaterial.de\/es\/wp-json\/wp\/v2\/product_tag?post=1024957"}],"curies":[{"name":"wp","href":"https:\/\/api.w.org\/{rel}","templated":true}]}}