{"id":1024897,"date":"2024-06-17T15:53:27","date_gmt":"2024-06-17T07:53:27","guid":{"rendered":"https:\/\/vimaterial.de\/product\/disulfuro-de-wolframio-2\/"},"modified":"2024-10-28T13:33:05","modified_gmt":"2024-10-28T05:33:05","slug":"disulfuro-de-wolframio-2","status":"publish","type":"product","link":"https:\/\/vimaterial.de\/es\/product\/disulfuro-de-wolframio-2\/","title":{"rendered":"Disulfuro de tungsteno"},"content":{"rendered":"<h3>Informaci\u00f3n b\u00e1sica<\/h3>\n<p>F\u00f3rmula qu\u00edmica: WS\u2082, compuesto por dos elementos, tungsteno (W) y azufre (S), el tungsteno tiene una valencia de +4, el azufre tiene una valencia de -2.<\/p>\n<p>Estructura cristalina: WS\u2082 tiene una estructura cristalina en capas, similar a la del grafito.<\/p>\n<p>Aspecto y color: Suele ser un polvo negro o gris.<\/p>\n<p>Densidad: WS\u2082 tiene una densidad relativamente moderada de unos 7,5 g\/cm\u00b3.<\/p>\n<p>Dureza: WS\u2082 es un material relativamente blando con una baja dureza de Mohs de aproximadamente 1 &#8211; 2.<\/p>\n<h3>\u00c1mbitos de aplicaci\u00f3n<\/h3>\n<p>Lubricaci\u00f3n: El disulfuro de tungsteno tiene excelentes propiedades lubricantes debido a su estructura cristalina en capas, por lo que es ampliamente utilizado en una variedad de aplicaciones que requieren lubricaci\u00f3n.<\/p>\n<p>Transistores y circuitos integrados: Las propiedades semiconductoras del disulfuro de tungsteno y la banda prohibida ajustable le confieren un gran potencial para su uso en transistores y circuitos integrados.<\/p>\n<p>Dispositivos optoelectr\u00f3nicos: WS\u2082 tambi\u00e9n tiene muchas aplicaciones en dispositivos optoelectr\u00f3nicos. Por ejemplo, los fotodetectores basados en WS\u2082 pueden aprovechar sus propiedades de absorci\u00f3n de luz en la banda de longitud de onda infrarroja para lograr una detecci\u00f3n altamente sensible de se\u00f1ales de luz infrarroja.<\/p>\n<p>Materiales de electrodos de bater\u00edas: En el campo del almacenamiento de energ\u00eda, como las bater\u00edas de iones de litio, el Disulfuro de tungsteno est\u00e1 atrayendo gradualmente la atenci\u00f3n como material de electrodos. la estructura en capas de WS\u2082 puede proporcionar buenos canales para la incrustaci\u00f3n y desincrustaci\u00f3n de iones de litio y, al mismo tiempo, su alta capacidad espec\u00edfica te\u00f3rica tambi\u00e9n ofrece la posibilidad de aumentar la densidad de energ\u00eda de la bater\u00eda.<\/p>\n","protected":false},"excerpt":{"rendered":"<p>El disulfuro de tungsteno es un compuesto inorg\u00e1nico con la f\u00f3rmula molecular WS2 y un peso molecular de 247,97. Es un cristal o polvo gris fino con brillo met\u00e1lico, pertenece al sistema de cristales hexagonales y tiene propiedades semiconductoras y antimagn\u00e9ticas. El mineral natural es la scheelita. Estructura estratificada, f\u00e1cil de disociar, con propiedades lubricantes similares al grafito.<\/p>\n","protected":false},"featured_media":1033287,"comment_status":"open","ping_status":"closed","template":"","meta":{"_acf_changed":false},"product_brand":[],"product_cat":[181],"product_tag":[],"class_list":{"0":"post-1024897","1":"product","2":"type-product","3":"status-publish","4":"has-post-thumbnail","6":"product_cat-materiales-calcogenuros","8":"first","9":"instock","10":"shipping-taxable","11":"purchasable","12":"product-type-variable"},"acf":[],"_links":{"self":[{"href":"https:\/\/vimaterial.de\/es\/wp-json\/wp\/v2\/product\/1024897","targetHints":{"allow":["GET"]}}],"collection":[{"href":"https:\/\/vimaterial.de\/es\/wp-json\/wp\/v2\/product"}],"about":[{"href":"https:\/\/vimaterial.de\/es\/wp-json\/wp\/v2\/types\/product"}],"replies":[{"embeddable":true,"href":"https:\/\/vimaterial.de\/es\/wp-json\/wp\/v2\/comments?post=1024897"}],"wp:featuredmedia":[{"embeddable":true,"href":"https:\/\/vimaterial.de\/es\/wp-json\/wp\/v2\/media\/1033287"}],"wp:attachment":[{"href":"https:\/\/vimaterial.de\/es\/wp-json\/wp\/v2\/media?parent=1024897"}],"wp:term":[{"taxonomy":"product_brand","embeddable":true,"href":"https:\/\/vimaterial.de\/es\/wp-json\/wp\/v2\/product_brand?post=1024897"},{"taxonomy":"product_cat","embeddable":true,"href":"https:\/\/vimaterial.de\/es\/wp-json\/wp\/v2\/product_cat?post=1024897"},{"taxonomy":"product_tag","embeddable":true,"href":"https:\/\/vimaterial.de\/es\/wp-json\/wp\/v2\/product_tag?post=1024897"}],"curies":[{"name":"wp","href":"https:\/\/api.w.org\/{rel}","templated":true}]}}