{"id":1024869,"date":"2024-06-17T15:53:28","date_gmt":"2024-06-17T07:53:28","guid":{"rendered":"https:\/\/vimaterial.de\/product\/seleniuro-de-wolframio-2\/"},"modified":"2024-10-12T15:11:59","modified_gmt":"2024-10-12T07:11:59","slug":"seleniuro-de-wolframio-2","status":"publish","type":"product","link":"https:\/\/vimaterial.de\/es\/product\/seleniuro-de-wolframio-2\/","title":{"rendered":"Seleniuro de tungsteno"},"content":{"rendered":"<p>El polvo de Seleniuro de tungsteno es un material con propiedades \u00fanicas y amplias perspectivas de aplicaci\u00f3n.<\/p>\n<p>&nbsp;<\/p>\n<p>Informaci\u00f3n b\u00e1sica:<\/p>\n<p>&nbsp;<\/p>\n<p>F\u00f3rmula qu\u00edmica: WSe\u2082, compuesto por dos elementos, tungsteno (W) y selenio (Se).<\/p>\n<p>Peso molecular: 341,76 g\/mol.<\/p>\n<p>N\u00famero de inicio de sesi\u00f3n CAS: 12067-46-8.<\/p>\n<p>Aspecto: Por lo general, polvo s\u00f3lido negro o gris.<\/p>\n<p>Densidad: La densidad es relativamente alta, alrededor de 9,32 g\/cm\u00b3.<\/p>\n<p>&nbsp;<\/p>\n<p>Estructura cristalina: Tiene una estructura hexagonal en capas, y las capas interact\u00faan entre s\u00ed a trav\u00e9s de las fuerzas de van der Waals. Esta estructura en capas permite que el polvo de Seleniuro de tungsteno se extraiga en nanohojas bidimensionales bajo ciertas condiciones, mostrando propiedades f\u00edsicas y qu\u00edmicas \u00fanicas.<\/p>\n<p>&nbsp;<\/p>\n<p>M\u00e9todo de preparaci\u00f3n:<\/p>\n<p>&nbsp;<\/p>\n<p>Deposici\u00f3n qu\u00edmica de vapor (CVD): Al hacer reaccionar el gas precursor que contiene tungsteno y selenio a alta temperatura, se deposita en el sustrato para formar una pel\u00edcula de seleniuro de tungsteno, y luego la pel\u00edcula se puede triturar para obtener polvo de seleniuro de tungsteno.<\/p>\n<p>&nbsp;<\/p>\n<p>M\u00e9todo de sinterizaci\u00f3n por prensado en caliente: el polvo de tungsteno y el polvo de selenio se mezclan en una cierta proporci\u00f3n, se sinterizan a alta temperatura y alta presi\u00f3n para obtener material de bloque WSe\u2082 y luego se muelen en polvo.<\/p>\n<p>&nbsp;<\/p>\n<p>Campo de aplicaci\u00f3n:<\/p>\n<p>&nbsp;<\/p>\n<p>Campo de semiconductores: WSe\u2082 es un material semiconductor con una banda prohibida entre los semiconductores de espacio amplio y el grafeno de banda prohibida cero, que tiene aplicaciones potenciales en la fabricaci\u00f3n de dispositivos semiconductores, como transistores de efecto de campo, circuitos l\u00f3gicos, etc.<\/p>\n<p>&nbsp;<\/p>\n<p>Campo de energ\u00eda: se puede utilizar como material de electrodo negativo para bater\u00edas de iones de litio, lo que puede mejorar la capacidad espec\u00edfica, el rendimiento de la relaci\u00f3n de carga y descarga y el ciclo de vida de las bater\u00edas de iones de litio.<\/p>\n<p>&nbsp;<\/p>\n<p>Campo \u00f3ptico: Debido a su buen rendimiento \u00f3ptico, se puede utilizar en recubrimientos \u00f3pticos, l\u00e1seres, fotodetectores y otros dispositivos \u00f3pticos.<\/p>\n","protected":false},"excerpt":{"rendered":"<p>El polvo WSe\u2082 es un material con propiedades \u00fanicas y amplias perspectivas de aplicaci\u00f3n.<\/p>\n<p>Campo de semiconductores: El Seleniuro de tungsteno es un material semiconductor con una banda prohibida entre los semiconductores de espacio amplio y el grafeno de banda prohibida cero, que tiene aplicaciones potenciales en la fabricaci\u00f3n de dispositivos semiconductores, como transistores de efecto de campo, circuitos l\u00f3gicos, etc.<\/p>\n<p>Campo de energ\u00eda: El Seleniuro de tungsteno se puede utilizar como material de electrodo negativo para bater\u00edas de iones de litio, lo que puede mejorar la capacidad espec\u00edfica, el rendimiento de la relaci\u00f3n de carga y descarga y el ciclo de vida de las bater\u00edas de iones de litio.<\/p>\n","protected":false},"featured_media":1033297,"comment_status":"open","ping_status":"closed","template":"","meta":{"_acf_changed":false},"product_brand":[],"product_cat":[181],"product_tag":[],"class_list":{"0":"post-1024869","1":"product","2":"type-product","3":"status-publish","4":"has-post-thumbnail","6":"product_cat-materiales-calcogenuros","8":"first","9":"instock","10":"shipping-taxable","11":"purchasable","12":"product-type-variable"},"acf":[],"_links":{"self":[{"href":"https:\/\/vimaterial.de\/es\/wp-json\/wp\/v2\/product\/1024869","targetHints":{"allow":["GET"]}}],"collection":[{"href":"https:\/\/vimaterial.de\/es\/wp-json\/wp\/v2\/product"}],"about":[{"href":"https:\/\/vimaterial.de\/es\/wp-json\/wp\/v2\/types\/product"}],"replies":[{"embeddable":true,"href":"https:\/\/vimaterial.de\/es\/wp-json\/wp\/v2\/comments?post=1024869"}],"wp:featuredmedia":[{"embeddable":true,"href":"https:\/\/vimaterial.de\/es\/wp-json\/wp\/v2\/media\/1033297"}],"wp:attachment":[{"href":"https:\/\/vimaterial.de\/es\/wp-json\/wp\/v2\/media?parent=1024869"}],"wp:term":[{"taxonomy":"product_brand","embeddable":true,"href":"https:\/\/vimaterial.de\/es\/wp-json\/wp\/v2\/product_brand?post=1024869"},{"taxonomy":"product_cat","embeddable":true,"href":"https:\/\/vimaterial.de\/es\/wp-json\/wp\/v2\/product_cat?post=1024869"},{"taxonomy":"product_tag","embeddable":true,"href":"https:\/\/vimaterial.de\/es\/wp-json\/wp\/v2\/product_tag?post=1024869"}],"curies":[{"name":"wp","href":"https:\/\/api.w.org\/{rel}","templated":true}]}}