{"id":1024858,"date":"2024-06-17T15:53:27","date_gmt":"2024-06-17T07:53:27","guid":{"rendered":"https:\/\/vimaterial.de\/product\/disulfuro-de-wolframio\/"},"modified":"2024-09-25T18:05:08","modified_gmt":"2024-09-25T10:05:08","slug":"disulfuro-de-wolframio","status":"publish","type":"product","link":"https:\/\/vimaterial.de\/es\/product\/disulfuro-de-wolframio\/","title":{"rendered":"Disulfuro de tungsteno"},"content":{"rendered":"<p>El disulfuro de tungsteno (WS\u2082) es un compuesto de tungsteno y azufre, conocido por sus excelentes propiedades lubricantes y reductoras de la fricci\u00f3n.<br \/>\nComo objetivo de pulverizaci\u00f3n cat\u00f3dica, WS\u2082 se usa ampliamente en procesos de deposici\u00f3n f\u00edsica de vapor (PVD) para depositar pel\u00edculas delgadas con propiedades mec\u00e1nicas, qu\u00edmicas y electr\u00f3nicas avanzadas.<br \/>\nPropiedades: Resistencia a altas temperaturas: el disulfuro de tungsteno tiene una excelente estabilidad t\u00e9rmica y puede funcionar a temperaturas de hasta 500 \u00b0C o m\u00e1s, lo que lo hace adecuado para aplicaciones de alto rendimiento.<br \/>\nBajo coeficiente de fricci\u00f3n: Una de las caracter\u00edsticas m\u00e1s destacadas de WS\u2082 es su coeficiente de fricci\u00f3n extremadamente bajo, lo que lo convierte en un material altamente efectivo para reducir el desgaste y prolongar la vida \u00fatil de los componentes.<br \/>\nEstructura en capas: El disulfuro de tungsteno tiene una estructura hexagonal en capas, lo que permite un f\u00e1cil cizallamiento entre capas, lo que contribuye a sus propiedades lubricantes y lo convierte en un material ideal para aplicaciones tribol\u00f3gicas.<br \/>\nAlta resistencia a la corrosi\u00f3n: WS\u2082 tambi\u00e9n ofrece una buena resistencia a la oxidaci\u00f3n y la corrosi\u00f3n, lo que aumenta su longevidad en entornos hostiles.<br \/>\nAplicaciones: Recubrimientos de lubricaci\u00f3n: WS\u2082 es muy apreciado por sus s\u00f3lidas capacidades lubricantes, especialmente en condiciones extremas de alta temperatura y presi\u00f3n.<br \/>\nLas pel\u00edculas delgadas WS\u2082 se depositan com\u00fanmente en las superficies para reducir la fricci\u00f3n y el desgaste en las piezas mec\u00e1nicas, lo que las hace ideales para aplicaciones aeroespaciales, automotrices e industriales.<br \/>\nSemiconductores: WS\u2082 tambi\u00e9n est\u00e1 ganando atenci\u00f3n en la industria de los semiconductores, donde se utiliza en la producci\u00f3n de materiales 2D y pel\u00edculas delgadas para transistores y otros componentes electr\u00f3nicos.<br \/>\nSu estructura en capas ofrece propiedades el\u00e9ctricas \u00fanicas similares a las de otros dicalcogenuros de metales de transici\u00f3n (TMD), como el disulfuro de molibdeno (MoS\u2082).<br \/>\nOptoelectr\u00f3nica: Las pel\u00edculas delgadas WS\u2082 se utilizan en dispositivos optoelectr\u00f3nicos debido a sus propiedades de banda prohibida y fotoluminiscentes, lo que las hace adecuadas para sensores, fotodetectores y c\u00e9lulas solares.<br \/>\nEn los objetivos de pulverizaci\u00f3n cat\u00f3dica, la pureza, la densidad y la microestructura de WS\u2082 son fundamentales para determinar la calidad de las pel\u00edculas delgadas depositadas.<br \/>\nLos objetivos de pulverizaci\u00f3n cat\u00f3dica WS\u2082 de alta pureza se utilizan ampliamente para producir recubrimientos uniformes y sin defectos en procesos de fabricaci\u00f3n avanzados.            <\/p>\n","protected":false},"excerpt":{"rendered":"<p>El disulfuro de tungsteno (WS\u2082) es un compuesto de tungsteno y azufre, conocido por sus excelentes propiedades lubricantes y reductoras de la fricci\u00f3n.<br \/>\nComo objetivo de pulverizaci\u00f3n cat\u00f3dica, WS\u2082 se usa ampliamente en procesos de deposici\u00f3n f\u00edsica de vapor (PVD) para depositar pel\u00edculas delgadas con propiedades mec\u00e1nicas, qu\u00edmicas y electr\u00f3nicas avanzadas.<br \/>\nEn los objetivos de pulverizaci\u00f3n cat\u00f3dica, la pureza, la densidad y la microestructura de WS\u2082 son fundamentales para determinar la calidad de las pel\u00edculas delgadas depositadas.<br \/>\nLos objetivos de pulverizaci\u00f3n cat\u00f3dica WS\u2082 de alta pureza se utilizan ampliamente para producir recubrimientos uniformes y sin defectos en procesos de fabricaci\u00f3n avanzados.   <\/p>\n","protected":false},"featured_media":1033292,"comment_status":"open","ping_status":"closed","template":"","meta":{"_acf_changed":false},"product_brand":[],"product_cat":[178],"product_tag":[],"class_list":{"0":"post-1024858","1":"product","2":"type-product","3":"status-publish","4":"has-post-thumbnail","6":"product_cat-catodos-para-sputtering-planar","8":"first","9":"instock","10":"shipping-taxable","11":"product-type-variable"},"acf":[],"_links":{"self":[{"href":"https:\/\/vimaterial.de\/es\/wp-json\/wp\/v2\/product\/1024858","targetHints":{"allow":["GET"]}}],"collection":[{"href":"https:\/\/vimaterial.de\/es\/wp-json\/wp\/v2\/product"}],"about":[{"href":"https:\/\/vimaterial.de\/es\/wp-json\/wp\/v2\/types\/product"}],"replies":[{"embeddable":true,"href":"https:\/\/vimaterial.de\/es\/wp-json\/wp\/v2\/comments?post=1024858"}],"wp:featuredmedia":[{"embeddable":true,"href":"https:\/\/vimaterial.de\/es\/wp-json\/wp\/v2\/media\/1033292"}],"wp:attachment":[{"href":"https:\/\/vimaterial.de\/es\/wp-json\/wp\/v2\/media?parent=1024858"}],"wp:term":[{"taxonomy":"product_brand","embeddable":true,"href":"https:\/\/vimaterial.de\/es\/wp-json\/wp\/v2\/product_brand?post=1024858"},{"taxonomy":"product_cat","embeddable":true,"href":"https:\/\/vimaterial.de\/es\/wp-json\/wp\/v2\/product_cat?post=1024858"},{"taxonomy":"product_tag","embeddable":true,"href":"https:\/\/vimaterial.de\/es\/wp-json\/wp\/v2\/product_tag?post=1024858"}],"curies":[{"name":"wp","href":"https:\/\/api.w.org\/{rel}","templated":true}]}}